{"id":3656,"date":"2025-06-05T09:46:47","date_gmt":"2025-06-05T09:46:47","guid":{"rendered":"http:\/\/comwin.local\/contact\/"},"modified":"2026-01-15T09:26:39","modified_gmt":"2026-01-15T09:26:39","slug":"contacto","status":"publish","type":"page","link":"https:\/\/comwin-europe.com\/es\/contacto\/","title":{"rendered":"Contacto"},"content":{"rendered":"\n<h2 class=\"wp-block-heading has-text-align-center\"><strong>Escr\u00edbanos un mensaje<\/strong><\/h2>\n\n\n\n<p class=\"has-text-align-center\"><strong>Est\u00e1 en el lugar correcto. Rellene el formulario a continuaci\u00f3n y nuestro equipo se pondr\u00e1 en contacto con usted con una respuesta en un plazo de 24 h.<\/strong><\/p>\n\n\n\n<div class=\"wpcf7 no-js\" id=\"wpcf7-f4060-o1\" lang=\"es-ES\" dir=\"ltr\" data-wpcf7-id=\"4060\">\n<div class=\"screen-reader-response\"><p role=\"status\" aria-live=\"polite\" aria-atomic=\"true\"><\/p> <ul><\/ul><\/div>\n<form action=\"\/es\/wp-json\/wp\/v2\/pages\/3656#wpcf7-f4060-o1\" method=\"post\" class=\"wpcf7-form init\" aria-label=\"Formulario de contacto\" novalidate=\"novalidate\" data-status=\"init\">\n<fieldset class=\"hidden-fields-container\"><input type=\"hidden\" name=\"_wpcf7\" value=\"4060\" \/><input type=\"hidden\" name=\"_wpcf7_version\" value=\"6.1.4\" \/><input type=\"hidden\" name=\"_wpcf7_locale\" value=\"es_ES\" \/><input type=\"hidden\" name=\"_wpcf7_unit_tag\" value=\"wpcf7-f4060-o1\" \/><input type=\"hidden\" name=\"_wpcf7_container_post\" value=\"0\" \/><input type=\"hidden\" name=\"_wpcf7_posted_data_hash\" value=\"\" \/><input type=\"hidden\" name=\"_wpcf7_recaptcha_response\" value=\"\" \/>\n<\/fieldset>\n<div class=\"contact-form-input-group\">\n\t<p><label> Nombre*<br \/>\n<span class=\"wpcf7-form-control-wrap\" data-name=\"your-name\"><input size=\"40\" maxlength=\"400\" class=\"wpcf7-form-control wpcf7-text wpcf7-validates-as-required\" autocomplete=\"name\" aria-required=\"true\" aria-invalid=\"false\" value=\"\" type=\"text\" name=\"your-name\" \/><\/span> <\/label>\n\t<\/p>\n\t<p><label> Correo electr\u00f3nico*<br \/>\n<span class=\"wpcf7-form-control-wrap\" data-name=\"your-email\"><input size=\"40\" maxlength=\"400\" class=\"wpcf7-form-control wpcf7-email wpcf7-validates-as-required wpcf7-text wpcf7-validates-as-email\" autocomplete=\"email\" aria-required=\"true\" aria-invalid=\"false\" value=\"\" type=\"email\" name=\"your-email\" \/><\/span> <\/label>\n\t<\/p>\n\t<p><label> Tel\u00e9fono<br \/>\n<span class=\"wpcf7-form-control-wrap\" data-name=\"tel-572\"><input size=\"40\" maxlength=\"400\" class=\"wpcf7-form-control wpcf7-tel wpcf7-text wpcf7-validates-as-tel\" aria-invalid=\"false\" value=\"\" type=\"tel\" name=\"tel-572\" \/><\/span> <\/label>\n\t<\/p>\n<\/div>\n<div class=\"contact-form-message-input\">\n\t<p><label> Mensaje<br \/>\n<span class=\"wpcf7-form-control-wrap\" data-name=\"your-message\"><textarea cols=\"40\" rows=\"10\" maxlength=\"2000\" class=\"wpcf7-form-control wpcf7-textarea\" aria-invalid=\"false\" name=\"your-message\"><\/textarea><\/span> <\/label>\n\t<\/p>\n<\/div>\n<p><span>Los campos marcados con un asterisco (*) son obligatorios.<\/span>\n<\/p>\n<div class=\"acceptance-container\">\n\t<p><span class=\"wpcf7-form-control-wrap\" data-name=\"acceptance-881\"><span class=\"wpcf7-form-control wpcf7-acceptance\"><span class=\"wpcf7-list-item\"><label><input type=\"checkbox\" name=\"acceptance-881\" value=\"1\" aria-invalid=\"false\" \/><span class=\"wpcf7-list-item-label\">Acepto el tratamiento de mis datos personales de acuerdo con la <a href=\"\/es\/politica-de-privacidad\/\"> Pol\u00edtica de privacidad.<\/a><\/span><\/label><\/span><\/span><\/span>\n\t<\/p>\n<\/div>\n<div class=\"submit-container\">\n\t<p><input class=\"wpcf7-form-control wpcf7-submit has-spinner\" type=\"submit\" value=\"Enviar mensaje\" \/>\n\t<\/p>\n<\/div><div class=\"wpcf7-response-output\" aria-hidden=\"true\"><\/div>\n<\/form>\n<\/div>\n\n","protected":false},"excerpt":{"rendered":"<p>Escr\u00edbanos un mensaje Est\u00e1 en el lugar correcto. Rellene el formulario a continuaci\u00f3n y nuestro equipo se pondr\u00e1 en contacto con usted con una respuesta en un plazo de 24 h.<\/p>\n","protected":false},"author":1,"featured_media":0,"parent":0,"menu_order":0,"comment_status":"closed","ping_status":"closed","template":"template-parts\/page-contact.php","meta":{"_acf_changed":false,"footnotes":""},"class_list":["post-3656","page","type-page","status-publish","hentry"],"acf":[],"yoast_head":"<!-- This site is optimized with the Yoast SEO plugin v26.8 - https:\/\/yoast.com\/product\/yoast-seo-wordpress\/ -->\n<title>Contacto | ComWin Europe - Oficina de Budapest<\/title>\n<meta name=\"description\" content=\"Env\u00edanos un mensaje: respondemos en 24 h. Contacta con nuestra oficina en Budapest para consultas de abastecimiento, log\u00edstica, almac\u00e9n o producci\u00f3n a medida.\" \/>\n<meta name=\"robots\" content=\"index, follow, max-snippet:-1, max-image-preview:large, max-video-preview:-1\" \/>\n<link rel=\"canonical\" href=\"https:\/\/comwin-europe.com\/es\/contacto\/\" \/>\n<meta property=\"og:locale\" content=\"es_ES\" \/>\n<meta property=\"og:type\" content=\"article\" \/>\n<meta property=\"og:title\" content=\"Contacto | ComWin Europe - Oficina de Budapest\" \/>\n<meta property=\"og:description\" content=\"Env\u00edanos un mensaje: respondemos en 24 h. Contacta con nuestra oficina en Budapest para consultas de abastecimiento, log\u00edstica, almac\u00e9n o producci\u00f3n a medida.\" \/>\n<meta property=\"og:url\" content=\"https:\/\/comwin-europe.com\/es\/contacto\/\" \/>\n<meta property=\"og:site_name\" content=\"Comwin Europe\" \/>\n<meta property=\"article:modified_time\" content=\"2026-01-15T09:26:39+00:00\" \/>\n<meta name=\"twitter:card\" content=\"summary_large_image\" \/>\n<meta name=\"twitter:label1\" content=\"Tiempo de lectura\" \/>\n\t<meta name=\"twitter:data1\" content=\"1 minuto\" \/>\n<script type=\"application\/ld+json\" class=\"yoast-schema-graph\">{\"@context\":\"https:\/\/schema.org\",\"@graph\":[{\"@type\":\"WebPage\",\"@id\":\"https:\/\/comwin-europe.com\/es\/contacto\/\",\"url\":\"https:\/\/comwin-europe.com\/es\/contacto\/\",\"name\":\"Contacto | ComWin Europe - Oficina de Budapest\",\"isPartOf\":{\"@id\":\"https:\/\/comwin-europe.com\/es\/#website\"},\"datePublished\":\"2025-06-05T09:46:47+00:00\",\"dateModified\":\"2026-01-15T09:26:39+00:00\",\"description\":\"Env\u00edanos un mensaje: respondemos en 24 h. Contacta con nuestra oficina en Budapest para consultas de abastecimiento, log\u00edstica, almac\u00e9n o producci\u00f3n a medida.\",\"breadcrumb\":{\"@id\":\"https:\/\/comwin-europe.com\/es\/contacto\/#breadcrumb\"},\"inLanguage\":\"es\",\"potentialAction\":[{\"@type\":\"ReadAction\",\"target\":[\"https:\/\/comwin-europe.com\/es\/contacto\/\"]}]},{\"@type\":\"BreadcrumbList\",\"@id\":\"https:\/\/comwin-europe.com\/es\/contacto\/#breadcrumb\",\"itemListElement\":[{\"@type\":\"ListItem\",\"position\":1,\"name\":\"Inicio\",\"item\":\"https:\/\/comwin-europe.com\/es\/\"},{\"@type\":\"ListItem\",\"position\":2,\"name\":\"Contacto\"}]},{\"@type\":\"WebSite\",\"@id\":\"https:\/\/comwin-europe.com\/es\/#website\",\"url\":\"https:\/\/comwin-europe.com\/es\/\",\"name\":\"Comwin-Europe\",\"description\":\"\",\"publisher\":{\"@id\":\"https:\/\/comwin-europe.com\/es\/#organization\"},\"potentialAction\":[{\"@type\":\"SearchAction\",\"target\":{\"@type\":\"EntryPoint\",\"urlTemplate\":\"https:\/\/comwin-europe.com\/es\/?s={search_term_string}\"},\"query-input\":{\"@type\":\"PropertyValueSpecification\",\"valueRequired\":true,\"valueName\":\"search_term_string\"}}],\"inLanguage\":\"es\"},{\"@type\":\"Organization\",\"@id\":\"https:\/\/comwin-europe.com\/es\/#organization\",\"name\":\"Comwin-Europe\",\"url\":\"https:\/\/comwin-europe.com\/es\/\",\"logo\":{\"@type\":\"ImageObject\",\"inLanguage\":\"es\",\"@id\":\"https:\/\/comwin-europe.com\/es\/#\/schema\/logo\/image\/\",\"url\":\"https:\/\/comwin-europe.com\/wp-content\/uploads\/2025\/10\/LOGO.svg\",\"contentUrl\":\"https:\/\/comwin-europe.com\/wp-content\/uploads\/2025\/10\/LOGO.svg\",\"width\":230,\"height\":46,\"caption\":\"Comwin-Europe\"},\"image\":{\"@id\":\"https:\/\/comwin-europe.com\/es\/#\/schema\/logo\/image\/\"}}]}<\/script>\n<!-- \/ Yoast SEO plugin. -->","yoast_head_json":{"title":"Contacto | ComWin Europe - Oficina de Budapest","description":"Env\u00edanos un mensaje: respondemos en 24 h. Contacta con nuestra oficina en Budapest para consultas de abastecimiento, log\u00edstica, almac\u00e9n o producci\u00f3n a medida.","robots":{"index":"index","follow":"follow","max-snippet":"max-snippet:-1","max-image-preview":"max-image-preview:large","max-video-preview":"max-video-preview:-1"},"canonical":"https:\/\/comwin-europe.com\/es\/contacto\/","og_locale":"es_ES","og_type":"article","og_title":"Contacto | ComWin Europe - Oficina de Budapest","og_description":"Env\u00edanos un mensaje: respondemos en 24 h. Contacta con nuestra oficina en Budapest para consultas de abastecimiento, log\u00edstica, almac\u00e9n o producci\u00f3n a medida.","og_url":"https:\/\/comwin-europe.com\/es\/contacto\/","og_site_name":"Comwin Europe","article_modified_time":"2026-01-15T09:26:39+00:00","twitter_card":"summary_large_image","twitter_misc":{"Tiempo de lectura":"1 minuto"},"schema":{"@context":"https:\/\/schema.org","@graph":[{"@type":"WebPage","@id":"https:\/\/comwin-europe.com\/es\/contacto\/","url":"https:\/\/comwin-europe.com\/es\/contacto\/","name":"Contacto | ComWin Europe - Oficina de Budapest","isPartOf":{"@id":"https:\/\/comwin-europe.com\/es\/#website"},"datePublished":"2025-06-05T09:46:47+00:00","dateModified":"2026-01-15T09:26:39+00:00","description":"Env\u00edanos un mensaje: respondemos en 24 h. Contacta con nuestra oficina en Budapest para consultas de abastecimiento, log\u00edstica, almac\u00e9n o producci\u00f3n a medida.","breadcrumb":{"@id":"https:\/\/comwin-europe.com\/es\/contacto\/#breadcrumb"},"inLanguage":"es","potentialAction":[{"@type":"ReadAction","target":["https:\/\/comwin-europe.com\/es\/contacto\/"]}]},{"@type":"BreadcrumbList","@id":"https:\/\/comwin-europe.com\/es\/contacto\/#breadcrumb","itemListElement":[{"@type":"ListItem","position":1,"name":"Inicio","item":"https:\/\/comwin-europe.com\/es\/"},{"@type":"ListItem","position":2,"name":"Contacto"}]},{"@type":"WebSite","@id":"https:\/\/comwin-europe.com\/es\/#website","url":"https:\/\/comwin-europe.com\/es\/","name":"Comwin-Europe","description":"","publisher":{"@id":"https:\/\/comwin-europe.com\/es\/#organization"},"potentialAction":[{"@type":"SearchAction","target":{"@type":"EntryPoint","urlTemplate":"https:\/\/comwin-europe.com\/es\/?s={search_term_string}"},"query-input":{"@type":"PropertyValueSpecification","valueRequired":true,"valueName":"search_term_string"}}],"inLanguage":"es"},{"@type":"Organization","@id":"https:\/\/comwin-europe.com\/es\/#organization","name":"Comwin-Europe","url":"https:\/\/comwin-europe.com\/es\/","logo":{"@type":"ImageObject","inLanguage":"es","@id":"https:\/\/comwin-europe.com\/es\/#\/schema\/logo\/image\/","url":"https:\/\/comwin-europe.com\/wp-content\/uploads\/2025\/10\/LOGO.svg","contentUrl":"https:\/\/comwin-europe.com\/wp-content\/uploads\/2025\/10\/LOGO.svg","width":230,"height":46,"caption":"Comwin-Europe"},"image":{"@id":"https:\/\/comwin-europe.com\/es\/#\/schema\/logo\/image\/"}}]}},"_links":{"self":[{"href":"https:\/\/comwin-europe.com\/es\/wp-json\/wp\/v2\/pages\/3656","targetHints":{"allow":["GET"]}}],"collection":[{"href":"https:\/\/comwin-europe.com\/es\/wp-json\/wp\/v2\/pages"}],"about":[{"href":"https:\/\/comwin-europe.com\/es\/wp-json\/wp\/v2\/types\/page"}],"author":[{"embeddable":true,"href":"https:\/\/comwin-europe.com\/es\/wp-json\/wp\/v2\/users\/1"}],"replies":[{"embeddable":true,"href":"https:\/\/comwin-europe.com\/es\/wp-json\/wp\/v2\/comments?post=3656"}],"version-history":[{"count":3,"href":"https:\/\/comwin-europe.com\/es\/wp-json\/wp\/v2\/pages\/3656\/revisions"}],"predecessor-version":[{"id":7279,"href":"https:\/\/comwin-europe.com\/es\/wp-json\/wp\/v2\/pages\/3656\/revisions\/7279"}],"wp:attachment":[{"href":"https:\/\/comwin-europe.com\/es\/wp-json\/wp\/v2\/media?parent=3656"}],"curies":[{"name":"wp","href":"https:\/\/api.w.org\/{rel}","templated":true}]}}