{"id":3674,"date":"2025-10-28T07:30:03","date_gmt":"2025-10-28T07:30:03","guid":{"rendered":"http:\/\/comwin.local\/services\/customized-production-integrated-rd-manufacturing\/"},"modified":"2026-01-15T08:15:18","modified_gmt":"2026-01-15T08:15:18","slug":"produccion-personalizada-e-id-fabricacion-integradas","status":"publish","type":"page","link":"https:\/\/comwin-europe.com\/es\/servicios\/produccion-personalizada-e-id-fabricacion-integradas\/","title":{"rendered":"Producci\u00f3n personalizada e I+D\u2013fabricaci\u00f3n integradas"},"content":{"rendered":"\n<p>Respaldados por asociaciones profundas con instalaciones CMO\/CRO\/CDMO nacionales, una red de proveedores premium y capacidades en fabricaci\u00f3n por contrato y escalado de procesos, ofrecemos soluciones de producto a medida. Esto aborda desaf\u00edos como la compleja implementaci\u00f3n t\u00e9cnica, los ciclos de producci\u00f3n prolongados y la calidad inestable en el comercio transfronterizo.<\/p>\n\n\n\n<figure class=\"wp-block-image aligncenter size-full\"><img loading=\"lazy\" decoding=\"async\" width=\"924\" height=\"520\" src=\"https:\/\/comwin-europe.com\/wp-content\/uploads\/2025\/12\/Customized-Picture-1.webp\" alt=\"\" class=\"wp-image-3612\" srcset=\"https:\/\/comwin-europe.com\/wp-content\/uploads\/2025\/12\/Customized-Picture-1.webp 924w, https:\/\/comwin-europe.com\/wp-content\/uploads\/2025\/12\/Customized-Picture-1-300x169.webp 300w, https:\/\/comwin-europe.com\/wp-content\/uploads\/2025\/12\/Customized-Picture-1-768x432.webp 768w\" sizes=\"auto, (max-width: 924px) 100vw, 924px\" \/><\/figure>\n\n\n\n<h3 class=\"wp-block-heading\">1. Desarrollo de productos a medida<\/h3>\n\n\n\n<p>Aprovechando las capacidades de I+D de los CRO\/CDMO asociados, apoyamos la personalizaci\u00f3n de formulaciones, especificaciones y par\u00e1metros de rendimiento. Los equipos t\u00e9cnicos realizan verificaciones de viabilidad y optimizaci\u00f3n de procesos para adaptarse a escenarios de aplicaci\u00f3n espec\u00edficos del cliente.<\/p>\n\n\n\n<h3 class=\"wp-block-heading\">2. Fabricaci\u00f3n por contrato flexible y escalado de procesos<\/h3>\n\n\n\n<p>Mediante la colaboraci\u00f3n estrat\u00e9gica con instalaciones CMO\/CDMO, ofrecemos servicios flexibles de fabricaci\u00f3n por contrato que abarcan desde la escala piloto hasta la producci\u00f3n comercial. Nuestras capacidades especializadas de escalado de procesos garantizan una transici\u00f3n fluida del desarrollo en laboratorio a la producci\u00f3n en masa, cumpliendo con diversos requisitos de volumen de pedidos.<\/p>\n\n\n\n<figure class=\"wp-block-image aligncenter size-full\"><img loading=\"lazy\" decoding=\"async\" width=\"924\" height=\"520\" src=\"https:\/\/comwin-europe.com\/wp-content\/uploads\/2025\/12\/Customized-Picture-2.webp\" alt=\"\" class=\"wp-image-3613\" srcset=\"https:\/\/comwin-europe.com\/wp-content\/uploads\/2025\/12\/Customized-Picture-2.webp 924w, https:\/\/comwin-europe.com\/wp-content\/uploads\/2025\/12\/Customized-Picture-2-300x169.webp 300w, https:\/\/comwin-europe.com\/wp-content\/uploads\/2025\/12\/Customized-Picture-2-768x432.webp 768w\" sizes=\"auto, (max-width: 924px) 100vw, 924px\" \/><\/figure>\n\n\n\n<h3 class=\"wp-block-heading\">3. Cadena de suministro premium y sinergia de alianzas<\/h3>\n\n\n\n<p>Mantenemos una cooperaci\u00f3n a largo plazo con proveedores qu\u00edmicos y farmac\u00e9uticos nacionales de primer nivel, complementada con alianzas s\u00f3lidas con CMO\/CRO\/CDMO. Esto garantiza un abastecimiento fiable de materias primas, un estricto control de calidad en toda la cadena de producci\u00f3n y una capacidad de entrega constante para pedidos personalizados.<\/p>\n\n\n\n<figure class=\"wp-block-image aligncenter size-full\"><img loading=\"lazy\" decoding=\"async\" width=\"924\" height=\"520\" src=\"https:\/\/comwin-europe.com\/wp-content\/uploads\/2025\/12\/Customized-Picture-3.webp\" alt=\"\" class=\"wp-image-3614\" srcset=\"https:\/\/comwin-europe.com\/wp-content\/uploads\/2025\/12\/Customized-Picture-3.webp 924w, https:\/\/comwin-europe.com\/wp-content\/uploads\/2025\/12\/Customized-Picture-3-300x169.webp 300w, https:\/\/comwin-europe.com\/wp-content\/uploads\/2025\/12\/Customized-Picture-3-768x432.webp 768w\" sizes=\"auto, (max-width: 924px) 100vw, 924px\" \/><\/figure>\n","protected":false},"excerpt":{"rendered":"<p>Respaldados por asociaciones profundas con instalaciones CMO\/CRO\/CDMO nacionales, una red de proveedores premium y capacidades en fabricaci\u00f3n por contrato y escalado de procesos, ofrecemos soluciones de producto a medida. Esto aborda desaf\u00edos como la compleja implementaci\u00f3n t\u00e9cnica, los ciclos de producci\u00f3n prolongados y la calidad inestable en el comercio transfronterizo. 1. Desarrollo de productos a [&hellip;]<\/p>\n","protected":false},"author":1,"featured_media":0,"parent":3670,"menu_order":0,"comment_status":"closed","ping_status":"closed","template":"template-parts\/page-default.php","meta":{"_acf_changed":false,"footnotes":""},"class_list":["post-3674","page","type-page","status-publish","hentry"],"acf":[],"yoast_head":"<!-- This site is optimized with the Yoast SEO plugin v26.8 - https:\/\/yoast.com\/product\/yoast-seo-wordpress\/ -->\n<title>Producci\u00f3n a medida e I+D integrado | ComWin Europe<\/title>\n<meta name=\"description\" content=\"Desarrollo a medida con socios CRO\/CDMO\/CMO: formulaci\u00f3n, optimizaci\u00f3n de procesos y escalado de piloto a producci\u00f3n con control de calidad.\" \/>\n<meta name=\"robots\" content=\"index, follow, max-snippet:-1, max-image-preview:large, max-video-preview:-1\" \/>\n<link rel=\"canonical\" href=\"https:\/\/comwin-europe.com\/es\/servicios\/produccion-personalizada-e-id-fabricacion-integradas\/\" \/>\n<meta property=\"og:locale\" content=\"es_ES\" \/>\n<meta property=\"og:type\" content=\"article\" \/>\n<meta property=\"og:title\" content=\"Producci\u00f3n a medida e I+D integrado | ComWin Europe\" \/>\n<meta property=\"og:description\" content=\"Desarrollo a medida con socios CRO\/CDMO\/CMO: formulaci\u00f3n, optimizaci\u00f3n de procesos y escalado de piloto a producci\u00f3n con control de calidad.\" \/>\n<meta property=\"og:url\" content=\"https:\/\/comwin-europe.com\/es\/servicios\/produccion-personalizada-e-id-fabricacion-integradas\/\" \/>\n<meta property=\"og:site_name\" content=\"Comwin Europe\" \/>\n<meta property=\"article:modified_time\" content=\"2026-01-15T08:15:18+00:00\" \/>\n<meta property=\"og:image\" content=\"https:\/\/comwin-europe.com\/wp-content\/uploads\/2025\/12\/Customized-Picture-1.webp\" \/>\n\t<meta property=\"og:image:width\" content=\"924\" \/>\n\t<meta property=\"og:image:height\" content=\"520\" \/>\n\t<meta property=\"og:image:type\" content=\"image\/webp\" \/>\n<meta name=\"twitter:card\" content=\"summary_large_image\" \/>\n<meta name=\"twitter:label1\" content=\"Tiempo de lectura\" \/>\n\t<meta name=\"twitter:data1\" content=\"2 minutos\" \/>\n<script type=\"application\/ld+json\" class=\"yoast-schema-graph\">{\"@context\":\"https:\/\/schema.org\",\"@graph\":[{\"@type\":\"WebPage\",\"@id\":\"https:\/\/comwin-europe.com\/es\/servicios\/produccion-personalizada-e-id-fabricacion-integradas\/\",\"url\":\"https:\/\/comwin-europe.com\/es\/servicios\/produccion-personalizada-e-id-fabricacion-integradas\/\",\"name\":\"Producci\u00f3n a medida e I+D integrado | ComWin Europe\",\"isPartOf\":{\"@id\":\"https:\/\/comwin-europe.com\/es\/#website\"},\"primaryImageOfPage\":{\"@id\":\"https:\/\/comwin-europe.com\/es\/servicios\/produccion-personalizada-e-id-fabricacion-integradas\/#primaryimage\"},\"image\":{\"@id\":\"https:\/\/comwin-europe.com\/es\/servicios\/produccion-personalizada-e-id-fabricacion-integradas\/#primaryimage\"},\"thumbnailUrl\":\"https:\/\/comwin-europe.com\/wp-content\/uploads\/2025\/12\/Customized-Picture-1.webp\",\"datePublished\":\"2025-10-28T07:30:03+00:00\",\"dateModified\":\"2026-01-15T08:15:18+00:00\",\"description\":\"Desarrollo a medida con socios CRO\/CDMO\/CMO: formulaci\u00f3n, optimizaci\u00f3n de procesos y escalado de piloto a producci\u00f3n con control de calidad.\",\"breadcrumb\":{\"@id\":\"https:\/\/comwin-europe.com\/es\/servicios\/produccion-personalizada-e-id-fabricacion-integradas\/#breadcrumb\"},\"inLanguage\":\"es\",\"potentialAction\":[{\"@type\":\"ReadAction\",\"target\":[\"https:\/\/comwin-europe.com\/es\/servicios\/produccion-personalizada-e-id-fabricacion-integradas\/\"]}]},{\"@type\":\"ImageObject\",\"inLanguage\":\"es\",\"@id\":\"https:\/\/comwin-europe.com\/es\/servicios\/produccion-personalizada-e-id-fabricacion-integradas\/#primaryimage\",\"url\":\"https:\/\/comwin-europe.com\/wp-content\/uploads\/2025\/12\/Customized-Picture-1.webp\",\"contentUrl\":\"https:\/\/comwin-europe.com\/wp-content\/uploads\/2025\/12\/Customized-Picture-1.webp\"},{\"@type\":\"BreadcrumbList\",\"@id\":\"https:\/\/comwin-europe.com\/es\/servicios\/produccion-personalizada-e-id-fabricacion-integradas\/#breadcrumb\",\"itemListElement\":[{\"@type\":\"ListItem\",\"position\":1,\"name\":\"Inicio\",\"item\":\"https:\/\/comwin-europe.com\/es\/\"},{\"@type\":\"ListItem\",\"position\":2,\"name\":\"Servicios\",\"item\":\"https:\/\/comwin-europe.com\/es\/servicios\/\"},{\"@type\":\"ListItem\",\"position\":3,\"name\":\"Producci\u00f3n personalizada e I+D\u2013fabricaci\u00f3n integradas\"}]},{\"@type\":\"WebSite\",\"@id\":\"https:\/\/comwin-europe.com\/es\/#website\",\"url\":\"https:\/\/comwin-europe.com\/es\/\",\"name\":\"Comwin-Europe\",\"description\":\"\",\"publisher\":{\"@id\":\"https:\/\/comwin-europe.com\/es\/#organization\"},\"potentialAction\":[{\"@type\":\"SearchAction\",\"target\":{\"@type\":\"EntryPoint\",\"urlTemplate\":\"https:\/\/comwin-europe.com\/es\/?s={search_term_string}\"},\"query-input\":{\"@type\":\"PropertyValueSpecification\",\"valueRequired\":true,\"valueName\":\"search_term_string\"}}],\"inLanguage\":\"es\"},{\"@type\":\"Organization\",\"@id\":\"https:\/\/comwin-europe.com\/es\/#organization\",\"name\":\"Comwin-Europe\",\"url\":\"https:\/\/comwin-europe.com\/es\/\",\"logo\":{\"@type\":\"ImageObject\",\"inLanguage\":\"es\",\"@id\":\"https:\/\/comwin-europe.com\/es\/#\/schema\/logo\/image\/\",\"url\":\"https:\/\/comwin-europe.com\/wp-content\/uploads\/2025\/10\/LOGO.svg\",\"contentUrl\":\"https:\/\/comwin-europe.com\/wp-content\/uploads\/2025\/10\/LOGO.svg\",\"width\":230,\"height\":46,\"caption\":\"Comwin-Europe\"},\"image\":{\"@id\":\"https:\/\/comwin-europe.com\/es\/#\/schema\/logo\/image\/\"}}]}<\/script>\n<!-- \/ Yoast SEO plugin. -->","yoast_head_json":{"title":"Producci\u00f3n a medida e I+D integrado | ComWin Europe","description":"Desarrollo a medida con socios CRO\/CDMO\/CMO: formulaci\u00f3n, optimizaci\u00f3n de procesos y escalado de piloto a producci\u00f3n con control de calidad.","robots":{"index":"index","follow":"follow","max-snippet":"max-snippet:-1","max-image-preview":"max-image-preview:large","max-video-preview":"max-video-preview:-1"},"canonical":"https:\/\/comwin-europe.com\/es\/servicios\/produccion-personalizada-e-id-fabricacion-integradas\/","og_locale":"es_ES","og_type":"article","og_title":"Producci\u00f3n a medida e I+D integrado | ComWin Europe","og_description":"Desarrollo a medida con socios CRO\/CDMO\/CMO: formulaci\u00f3n, optimizaci\u00f3n de procesos y escalado de piloto a producci\u00f3n con control de calidad.","og_url":"https:\/\/comwin-europe.com\/es\/servicios\/produccion-personalizada-e-id-fabricacion-integradas\/","og_site_name":"Comwin Europe","article_modified_time":"2026-01-15T08:15:18+00:00","og_image":[{"width":924,"height":520,"url":"https:\/\/comwin-europe.com\/wp-content\/uploads\/2025\/12\/Customized-Picture-1.webp","type":"image\/webp"}],"twitter_card":"summary_large_image","twitter_misc":{"Tiempo de lectura":"2 minutos"},"schema":{"@context":"https:\/\/schema.org","@graph":[{"@type":"WebPage","@id":"https:\/\/comwin-europe.com\/es\/servicios\/produccion-personalizada-e-id-fabricacion-integradas\/","url":"https:\/\/comwin-europe.com\/es\/servicios\/produccion-personalizada-e-id-fabricacion-integradas\/","name":"Producci\u00f3n a medida e I+D integrado | ComWin Europe","isPartOf":{"@id":"https:\/\/comwin-europe.com\/es\/#website"},"primaryImageOfPage":{"@id":"https:\/\/comwin-europe.com\/es\/servicios\/produccion-personalizada-e-id-fabricacion-integradas\/#primaryimage"},"image":{"@id":"https:\/\/comwin-europe.com\/es\/servicios\/produccion-personalizada-e-id-fabricacion-integradas\/#primaryimage"},"thumbnailUrl":"https:\/\/comwin-europe.com\/wp-content\/uploads\/2025\/12\/Customized-Picture-1.webp","datePublished":"2025-10-28T07:30:03+00:00","dateModified":"2026-01-15T08:15:18+00:00","description":"Desarrollo a medida con socios CRO\/CDMO\/CMO: formulaci\u00f3n, optimizaci\u00f3n de procesos y escalado de piloto a producci\u00f3n con control de calidad.","breadcrumb":{"@id":"https:\/\/comwin-europe.com\/es\/servicios\/produccion-personalizada-e-id-fabricacion-integradas\/#breadcrumb"},"inLanguage":"es","potentialAction":[{"@type":"ReadAction","target":["https:\/\/comwin-europe.com\/es\/servicios\/produccion-personalizada-e-id-fabricacion-integradas\/"]}]},{"@type":"ImageObject","inLanguage":"es","@id":"https:\/\/comwin-europe.com\/es\/servicios\/produccion-personalizada-e-id-fabricacion-integradas\/#primaryimage","url":"https:\/\/comwin-europe.com\/wp-content\/uploads\/2025\/12\/Customized-Picture-1.webp","contentUrl":"https:\/\/comwin-europe.com\/wp-content\/uploads\/2025\/12\/Customized-Picture-1.webp"},{"@type":"BreadcrumbList","@id":"https:\/\/comwin-europe.com\/es\/servicios\/produccion-personalizada-e-id-fabricacion-integradas\/#breadcrumb","itemListElement":[{"@type":"ListItem","position":1,"name":"Inicio","item":"https:\/\/comwin-europe.com\/es\/"},{"@type":"ListItem","position":2,"name":"Servicios","item":"https:\/\/comwin-europe.com\/es\/servicios\/"},{"@type":"ListItem","position":3,"name":"Producci\u00f3n personalizada e I+D\u2013fabricaci\u00f3n integradas"}]},{"@type":"WebSite","@id":"https:\/\/comwin-europe.com\/es\/#website","url":"https:\/\/comwin-europe.com\/es\/","name":"Comwin-Europe","description":"","publisher":{"@id":"https:\/\/comwin-europe.com\/es\/#organization"},"potentialAction":[{"@type":"SearchAction","target":{"@type":"EntryPoint","urlTemplate":"https:\/\/comwin-europe.com\/es\/?s={search_term_string}"},"query-input":{"@type":"PropertyValueSpecification","valueRequired":true,"valueName":"search_term_string"}}],"inLanguage":"es"},{"@type":"Organization","@id":"https:\/\/comwin-europe.com\/es\/#organization","name":"Comwin-Europe","url":"https:\/\/comwin-europe.com\/es\/","logo":{"@type":"ImageObject","inLanguage":"es","@id":"https:\/\/comwin-europe.com\/es\/#\/schema\/logo\/image\/","url":"https:\/\/comwin-europe.com\/wp-content\/uploads\/2025\/10\/LOGO.svg","contentUrl":"https:\/\/comwin-europe.com\/wp-content\/uploads\/2025\/10\/LOGO.svg","width":230,"height":46,"caption":"Comwin-Europe"},"image":{"@id":"https:\/\/comwin-europe.com\/es\/#\/schema\/logo\/image\/"}}]}},"_links":{"self":[{"href":"https:\/\/comwin-europe.com\/es\/wp-json\/wp\/v2\/pages\/3674","targetHints":{"allow":["GET"]}}],"collection":[{"href":"https:\/\/comwin-europe.com\/es\/wp-json\/wp\/v2\/pages"}],"about":[{"href":"https:\/\/comwin-europe.com\/es\/wp-json\/wp\/v2\/types\/page"}],"author":[{"embeddable":true,"href":"https:\/\/comwin-europe.com\/es\/wp-json\/wp\/v2\/users\/1"}],"replies":[{"embeddable":true,"href":"https:\/\/comwin-europe.com\/es\/wp-json\/wp\/v2\/comments?post=3674"}],"version-history":[{"count":1,"href":"https:\/\/comwin-europe.com\/es\/wp-json\/wp\/v2\/pages\/3674\/revisions"}],"predecessor-version":[{"id":3847,"href":"https:\/\/comwin-europe.com\/es\/wp-json\/wp\/v2\/pages\/3674\/revisions\/3847"}],"up":[{"embeddable":true,"href":"https:\/\/comwin-europe.com\/es\/wp-json\/wp\/v2\/pages\/3670"}],"wp:attachment":[{"href":"https:\/\/comwin-europe.com\/es\/wp-json\/wp\/v2\/media?parent=3674"}],"curies":[{"name":"wp","href":"https:\/\/api.w.org\/{rel}","templated":true}]}}