{"id":3678,"date":"2025-10-28T07:50:50","date_gmt":"2025-10-28T07:50:50","guid":{"rendered":"http:\/\/comwin.local\/services\/logistics-warehouse-management\/"},"modified":"2026-01-15T08:16:18","modified_gmt":"2026-01-15T08:16:18","slug":"gestion-logistica-y-de-almacenes","status":"publish","type":"page","link":"https:\/\/comwin-europe.com\/es\/servicios\/gestion-logistica-y-de-almacenes\/","title":{"rendered":"Gesti\u00f3n log\u00edstica y de almacenes"},"content":{"rendered":"\n<p>Aprovechando una red global de aprovisionamiento y log\u00edstica multimodal (mar\u00edtima, a\u00e9rea y ferroviaria), ofrecemos soluciones de almacenamiento localizadas \u201cpuntuales y rentables\u201d. Esto aborda problemas como retrasos log\u00edsticos transfronterizos, almacenamiento ineficiente y elevados costes totales del comercio internacional.<\/p>\n\n\n\n<figure class=\"wp-block-gallery has-nested-images columns-default is-cropped wp-block-gallery-1 is-layout-flex wp-block-gallery-is-layout-flex\">\n<figure class=\"wp-block-image size-full\"><img loading=\"lazy\" decoding=\"async\" width=\"450\" height=\"675\" data-id=\"3620\" src=\"https:\/\/comwin-europe.com\/wp-content\/uploads\/2025\/12\/Logistics-Picture-1.webp\" alt=\"\" class=\"wp-image-3620\" srcset=\"https:\/\/comwin-europe.com\/wp-content\/uploads\/2025\/12\/Logistics-Picture-1.webp 450w, https:\/\/comwin-europe.com\/wp-content\/uploads\/2025\/12\/Logistics-Picture-1-200x300.webp 200w\" sizes=\"auto, (max-width: 450px) 100vw, 450px\" \/><\/figure>\n\n\n\n<figure class=\"wp-block-image size-full\"><img loading=\"lazy\" decoding=\"async\" width=\"924\" height=\"520\" data-id=\"3621\" src=\"https:\/\/comwin-europe.com\/wp-content\/uploads\/2025\/12\/Logistics-Picture-2.webp\" alt=\"\" class=\"wp-image-3621\" srcset=\"https:\/\/comwin-europe.com\/wp-content\/uploads\/2025\/12\/Logistics-Picture-2.webp 924w, https:\/\/comwin-europe.com\/wp-content\/uploads\/2025\/12\/Logistics-Picture-2-300x169.webp 300w, https:\/\/comwin-europe.com\/wp-content\/uploads\/2025\/12\/Logistics-Picture-2-768x432.webp 768w\" sizes=\"auto, (max-width: 924px) 100vw, 924px\" \/><\/figure>\n<\/figure>\n\n\n\n<h3 class=\"wp-block-heading\">1. Aprovisionamiento global y log\u00edstica multimodal<\/h3>\n\n\n\n<p>Cubrimos las necesidades de aprovisionamiento global con opciones de transporte flexibles que incluyen mar\u00edtimo, a\u00e9reo y ferroviario para garantizar una transferencia de carga eficiente.<\/p>\n\n\n\n<figure class=\"wp-block-image aligncenter size-full\"><img loading=\"lazy\" decoding=\"async\" width=\"507\" height=\"676\" src=\"https:\/\/comwin-europe.com\/wp-content\/uploads\/2025\/12\/Logistics-Picture-3-1.webp\" alt=\"\" class=\"wp-image-3623\" srcset=\"https:\/\/comwin-europe.com\/wp-content\/uploads\/2025\/12\/Logistics-Picture-3-1.webp 507w, https:\/\/comwin-europe.com\/wp-content\/uploads\/2025\/12\/Logistics-Picture-3-1-225x300.webp 225w\" sizes=\"auto, (max-width: 507px) 100vw, 507px\" \/><\/figure>\n\n\n\n<h3 class=\"wp-block-heading\">2. Puntual y rentable<\/h3>\n\n\n\n<p>La red log\u00edstica cuenta con almacenes conformes a los est\u00e1ndares del sector, que ofrecen soluciones de almacenamiento flexibles adaptadas a materias primas farmac\u00e9uticas, qu\u00edmicas y alimentarias, con un enfoque en la entrega puntual y la optimizaci\u00f3n de costes.<\/p>\n\n\n\n<h3 class=\"wp-block-heading\">3. Coordinaci\u00f3n log\u00edstica integral<\/h3>\n\n\n\n<p>Permitimos una colaboraci\u00f3n eficiente de extremo a extremo, ofreciendo servicios integrales para clientes europeos que incluyen \u201cdespacho aduanero portuario \u2013 almacenamiento en almac\u00e9n \u2013 entrega local puerta a puerta\u201d. Para socios a largo plazo, elaboramos \u201calertas de stock de seguridad y recomendaciones de reposici\u00f3n\u201d basadas en datos de inventario para equilibrar el control de costes y la estabilidad del suministro. Para regiones no europeas, la entrega se organiza seg\u00fan los requisitos del cliente.<\/p>\n","protected":false},"excerpt":{"rendered":"<p>Aprovechando una red global de aprovisionamiento y log\u00edstica multimodal (mar\u00edtima, a\u00e9rea y ferroviaria), ofrecemos soluciones de almacenamiento localizadas \u201cpuntuales y rentables\u201d. Esto aborda problemas como retrasos log\u00edsticos transfronterizos, almacenamiento ineficiente y elevados costes totales del comercio internacional. 1. Aprovisionamiento global y log\u00edstica multimodal Cubrimos las necesidades de aprovisionamiento global con opciones de transporte flexibles que [&hellip;]<\/p>\n","protected":false},"author":1,"featured_media":0,"parent":3670,"menu_order":0,"comment_status":"closed","ping_status":"closed","template":"template-parts\/page-default.php","meta":{"_acf_changed":false,"footnotes":""},"class_list":["post-3678","page","type-page","status-publish","hentry"],"acf":[],"yoast_head":"<!-- This site is optimized with the Yoast SEO plugin v26.8 - https:\/\/yoast.com\/product\/yoast-seo-wordpress\/ -->\n<title>Log\u00edstica y gesti\u00f3n de almac\u00e9n | ComWin Europe<\/title>\n<meta name=\"description\" content=\"Log\u00edstica multimodal (mar, aire, ferrocarril) y almacenes conformes para materias primas farmac\u00e9uticas, qu\u00edmicas y alimentarias. Entrega puntual.\" \/>\n<meta name=\"robots\" content=\"index, follow, max-snippet:-1, max-image-preview:large, max-video-preview:-1\" \/>\n<link rel=\"canonical\" href=\"https:\/\/comwin-europe.com\/es\/servicios\/gestion-logistica-y-de-almacenes\/\" \/>\n<meta property=\"og:locale\" content=\"es_ES\" \/>\n<meta property=\"og:type\" content=\"article\" \/>\n<meta property=\"og:title\" content=\"Log\u00edstica y gesti\u00f3n de almac\u00e9n | ComWin Europe\" \/>\n<meta property=\"og:description\" content=\"Log\u00edstica multimodal (mar, aire, ferrocarril) y almacenes conformes para materias primas farmac\u00e9uticas, qu\u00edmicas y alimentarias. Entrega puntual.\" \/>\n<meta property=\"og:url\" content=\"https:\/\/comwin-europe.com\/es\/servicios\/gestion-logistica-y-de-almacenes\/\" \/>\n<meta property=\"og:site_name\" content=\"Comwin Europe\" \/>\n<meta property=\"article:modified_time\" content=\"2026-01-15T08:16:18+00:00\" \/>\n<meta property=\"og:image\" content=\"https:\/\/comwin-europe.com\/wp-content\/uploads\/2025\/12\/Logistics-Picture-1.webp\" \/>\n\t<meta property=\"og:image:width\" content=\"450\" \/>\n\t<meta property=\"og:image:height\" content=\"675\" \/>\n\t<meta property=\"og:image:type\" content=\"image\/webp\" \/>\n<meta name=\"twitter:card\" content=\"summary_large_image\" \/>\n<meta name=\"twitter:label1\" content=\"Tiempo de lectura\" \/>\n\t<meta name=\"twitter:data1\" content=\"2 minutos\" \/>\n<script type=\"application\/ld+json\" class=\"yoast-schema-graph\">{\"@context\":\"https:\/\/schema.org\",\"@graph\":[{\"@type\":\"WebPage\",\"@id\":\"https:\/\/comwin-europe.com\/es\/servicios\/gestion-logistica-y-de-almacenes\/\",\"url\":\"https:\/\/comwin-europe.com\/es\/servicios\/gestion-logistica-y-de-almacenes\/\",\"name\":\"Log\u00edstica y gesti\u00f3n de almac\u00e9n | ComWin Europe\",\"isPartOf\":{\"@id\":\"https:\/\/comwin-europe.com\/es\/#website\"},\"primaryImageOfPage\":{\"@id\":\"https:\/\/comwin-europe.com\/es\/servicios\/gestion-logistica-y-de-almacenes\/#primaryimage\"},\"image\":{\"@id\":\"https:\/\/comwin-europe.com\/es\/servicios\/gestion-logistica-y-de-almacenes\/#primaryimage\"},\"thumbnailUrl\":\"https:\/\/comwin-europe.com\/wp-content\/uploads\/2025\/12\/Logistics-Picture-1.webp\",\"datePublished\":\"2025-10-28T07:50:50+00:00\",\"dateModified\":\"2026-01-15T08:16:18+00:00\",\"description\":\"Log\u00edstica multimodal (mar, aire, ferrocarril) y almacenes conformes para materias primas farmac\u00e9uticas, qu\u00edmicas y alimentarias. Entrega puntual.\",\"breadcrumb\":{\"@id\":\"https:\/\/comwin-europe.com\/es\/servicios\/gestion-logistica-y-de-almacenes\/#breadcrumb\"},\"inLanguage\":\"es\",\"potentialAction\":[{\"@type\":\"ReadAction\",\"target\":[\"https:\/\/comwin-europe.com\/es\/servicios\/gestion-logistica-y-de-almacenes\/\"]}]},{\"@type\":\"ImageObject\",\"inLanguage\":\"es\",\"@id\":\"https:\/\/comwin-europe.com\/es\/servicios\/gestion-logistica-y-de-almacenes\/#primaryimage\",\"url\":\"https:\/\/comwin-europe.com\/wp-content\/uploads\/2025\/12\/Logistics-Picture-1.webp\",\"contentUrl\":\"https:\/\/comwin-europe.com\/wp-content\/uploads\/2025\/12\/Logistics-Picture-1.webp\"},{\"@type\":\"BreadcrumbList\",\"@id\":\"https:\/\/comwin-europe.com\/es\/servicios\/gestion-logistica-y-de-almacenes\/#breadcrumb\",\"itemListElement\":[{\"@type\":\"ListItem\",\"position\":1,\"name\":\"Inicio\",\"item\":\"https:\/\/comwin-europe.com\/es\/\"},{\"@type\":\"ListItem\",\"position\":2,\"name\":\"Servicios\",\"item\":\"https:\/\/comwin-europe.com\/es\/servicios\/\"},{\"@type\":\"ListItem\",\"position\":3,\"name\":\"Gesti\u00f3n log\u00edstica y de almacenes\"}]},{\"@type\":\"WebSite\",\"@id\":\"https:\/\/comwin-europe.com\/es\/#website\",\"url\":\"https:\/\/comwin-europe.com\/es\/\",\"name\":\"Comwin-Europe\",\"description\":\"\",\"publisher\":{\"@id\":\"https:\/\/comwin-europe.com\/es\/#organization\"},\"potentialAction\":[{\"@type\":\"SearchAction\",\"target\":{\"@type\":\"EntryPoint\",\"urlTemplate\":\"https:\/\/comwin-europe.com\/es\/?s={search_term_string}\"},\"query-input\":{\"@type\":\"PropertyValueSpecification\",\"valueRequired\":true,\"valueName\":\"search_term_string\"}}],\"inLanguage\":\"es\"},{\"@type\":\"Organization\",\"@id\":\"https:\/\/comwin-europe.com\/es\/#organization\",\"name\":\"Comwin-Europe\",\"url\":\"https:\/\/comwin-europe.com\/es\/\",\"logo\":{\"@type\":\"ImageObject\",\"inLanguage\":\"es\",\"@id\":\"https:\/\/comwin-europe.com\/es\/#\/schema\/logo\/image\/\",\"url\":\"https:\/\/comwin-europe.com\/wp-content\/uploads\/2025\/10\/LOGO.svg\",\"contentUrl\":\"https:\/\/comwin-europe.com\/wp-content\/uploads\/2025\/10\/LOGO.svg\",\"width\":230,\"height\":46,\"caption\":\"Comwin-Europe\"},\"image\":{\"@id\":\"https:\/\/comwin-europe.com\/es\/#\/schema\/logo\/image\/\"}}]}<\/script>\n<!-- \/ Yoast SEO plugin. -->","yoast_head_json":{"title":"Log\u00edstica y gesti\u00f3n de almac\u00e9n | ComWin Europe","description":"Log\u00edstica multimodal (mar, aire, ferrocarril) y almacenes conformes para materias primas farmac\u00e9uticas, qu\u00edmicas y alimentarias. Entrega puntual.","robots":{"index":"index","follow":"follow","max-snippet":"max-snippet:-1","max-image-preview":"max-image-preview:large","max-video-preview":"max-video-preview:-1"},"canonical":"https:\/\/comwin-europe.com\/es\/servicios\/gestion-logistica-y-de-almacenes\/","og_locale":"es_ES","og_type":"article","og_title":"Log\u00edstica y gesti\u00f3n de almac\u00e9n | ComWin Europe","og_description":"Log\u00edstica multimodal (mar, aire, ferrocarril) y almacenes conformes para materias primas farmac\u00e9uticas, qu\u00edmicas y alimentarias. Entrega puntual.","og_url":"https:\/\/comwin-europe.com\/es\/servicios\/gestion-logistica-y-de-almacenes\/","og_site_name":"Comwin Europe","article_modified_time":"2026-01-15T08:16:18+00:00","og_image":[{"width":450,"height":675,"url":"https:\/\/comwin-europe.com\/wp-content\/uploads\/2025\/12\/Logistics-Picture-1.webp","type":"image\/webp"}],"twitter_card":"summary_large_image","twitter_misc":{"Tiempo de lectura":"2 minutos"},"schema":{"@context":"https:\/\/schema.org","@graph":[{"@type":"WebPage","@id":"https:\/\/comwin-europe.com\/es\/servicios\/gestion-logistica-y-de-almacenes\/","url":"https:\/\/comwin-europe.com\/es\/servicios\/gestion-logistica-y-de-almacenes\/","name":"Log\u00edstica y gesti\u00f3n de almac\u00e9n | ComWin Europe","isPartOf":{"@id":"https:\/\/comwin-europe.com\/es\/#website"},"primaryImageOfPage":{"@id":"https:\/\/comwin-europe.com\/es\/servicios\/gestion-logistica-y-de-almacenes\/#primaryimage"},"image":{"@id":"https:\/\/comwin-europe.com\/es\/servicios\/gestion-logistica-y-de-almacenes\/#primaryimage"},"thumbnailUrl":"https:\/\/comwin-europe.com\/wp-content\/uploads\/2025\/12\/Logistics-Picture-1.webp","datePublished":"2025-10-28T07:50:50+00:00","dateModified":"2026-01-15T08:16:18+00:00","description":"Log\u00edstica multimodal (mar, aire, ferrocarril) y almacenes conformes para materias primas farmac\u00e9uticas, qu\u00edmicas y alimentarias. Entrega puntual.","breadcrumb":{"@id":"https:\/\/comwin-europe.com\/es\/servicios\/gestion-logistica-y-de-almacenes\/#breadcrumb"},"inLanguage":"es","potentialAction":[{"@type":"ReadAction","target":["https:\/\/comwin-europe.com\/es\/servicios\/gestion-logistica-y-de-almacenes\/"]}]},{"@type":"ImageObject","inLanguage":"es","@id":"https:\/\/comwin-europe.com\/es\/servicios\/gestion-logistica-y-de-almacenes\/#primaryimage","url":"https:\/\/comwin-europe.com\/wp-content\/uploads\/2025\/12\/Logistics-Picture-1.webp","contentUrl":"https:\/\/comwin-europe.com\/wp-content\/uploads\/2025\/12\/Logistics-Picture-1.webp"},{"@type":"BreadcrumbList","@id":"https:\/\/comwin-europe.com\/es\/servicios\/gestion-logistica-y-de-almacenes\/#breadcrumb","itemListElement":[{"@type":"ListItem","position":1,"name":"Inicio","item":"https:\/\/comwin-europe.com\/es\/"},{"@type":"ListItem","position":2,"name":"Servicios","item":"https:\/\/comwin-europe.com\/es\/servicios\/"},{"@type":"ListItem","position":3,"name":"Gesti\u00f3n log\u00edstica y de almacenes"}]},{"@type":"WebSite","@id":"https:\/\/comwin-europe.com\/es\/#website","url":"https:\/\/comwin-europe.com\/es\/","name":"Comwin-Europe","description":"","publisher":{"@id":"https:\/\/comwin-europe.com\/es\/#organization"},"potentialAction":[{"@type":"SearchAction","target":{"@type":"EntryPoint","urlTemplate":"https:\/\/comwin-europe.com\/es\/?s={search_term_string}"},"query-input":{"@type":"PropertyValueSpecification","valueRequired":true,"valueName":"search_term_string"}}],"inLanguage":"es"},{"@type":"Organization","@id":"https:\/\/comwin-europe.com\/es\/#organization","name":"Comwin-Europe","url":"https:\/\/comwin-europe.com\/es\/","logo":{"@type":"ImageObject","inLanguage":"es","@id":"https:\/\/comwin-europe.com\/es\/#\/schema\/logo\/image\/","url":"https:\/\/comwin-europe.com\/wp-content\/uploads\/2025\/10\/LOGO.svg","contentUrl":"https:\/\/comwin-europe.com\/wp-content\/uploads\/2025\/10\/LOGO.svg","width":230,"height":46,"caption":"Comwin-Europe"},"image":{"@id":"https:\/\/comwin-europe.com\/es\/#\/schema\/logo\/image\/"}}]}},"_links":{"self":[{"href":"https:\/\/comwin-europe.com\/es\/wp-json\/wp\/v2\/pages\/3678","targetHints":{"allow":["GET"]}}],"collection":[{"href":"https:\/\/comwin-europe.com\/es\/wp-json\/wp\/v2\/pages"}],"about":[{"href":"https:\/\/comwin-europe.com\/es\/wp-json\/wp\/v2\/types\/page"}],"author":[{"embeddable":true,"href":"https:\/\/comwin-europe.com\/es\/wp-json\/wp\/v2\/users\/1"}],"replies":[{"embeddable":true,"href":"https:\/\/comwin-europe.com\/es\/wp-json\/wp\/v2\/comments?post=3678"}],"version-history":[{"count":1,"href":"https:\/\/comwin-europe.com\/es\/wp-json\/wp\/v2\/pages\/3678\/revisions"}],"predecessor-version":[{"id":3862,"href":"https:\/\/comwin-europe.com\/es\/wp-json\/wp\/v2\/pages\/3678\/revisions\/3862"}],"up":[{"embeddable":true,"href":"https:\/\/comwin-europe.com\/es\/wp-json\/wp\/v2\/pages\/3670"}],"wp:attachment":[{"href":"https:\/\/comwin-europe.com\/es\/wp-json\/wp\/v2\/media?parent=3678"}],"curies":[{"name":"wp","href":"https:\/\/api.w.org\/{rel}","templated":true}]}}