{"id":3686,"date":"2025-10-28T07:43:29","date_gmt":"2025-10-28T07:43:29","guid":{"rendered":"http:\/\/comwin.local\/services\/sourcing-supply-management\/"},"modified":"2026-01-15T08:15:49","modified_gmt":"2026-01-15T08:15:49","slug":"gestion-de-compras-y-suministro","status":"publish","type":"page","link":"https:\/\/comwin-europe.com\/es\/servicios\/gestion-de-compras-y-suministro\/","title":{"rendered":"Gesti\u00f3n de compras y suministro"},"content":{"rendered":"\n<p>Identificamos y combinamos recursos de la cadena de suministro rentables para los clientes, reducimos los costes de adquisici\u00f3n y garantizamos el control de calidad.<\/p>\n\n\n\n<h3 class=\"wp-block-heading\">1. Selecci\u00f3n precisa de proveedores:<\/h3>\n\n\n\n<p>Aprovechamos nuestra base de datos sectorial de m\u00e1s de 20 a\u00f1os que incluye m\u00e1s de 1.000 proveedores chinos de alta calidad, con un aprovisionamiento centrado en China complementado por capacidades globales de sourcing. La selecci\u00f3n dirigida seg\u00fan las necesidades del cliente (material, capacidad, est\u00e1ndares de certificaci\u00f3n) elimina emparejamientos ineficientes.<\/p>\n\n\n\n<figure class=\"wp-block-image aligncenter size-full\"><img loading=\"lazy\" decoding=\"async\" width=\"924\" height=\"569\" src=\"https:\/\/comwin-europe.com\/wp-content\/uploads\/2025\/12\/Sourcing-Picture-1.webp\" alt=\"\" class=\"wp-image-3616\" srcset=\"https:\/\/comwin-europe.com\/wp-content\/uploads\/2025\/12\/Sourcing-Picture-1.webp 924w, https:\/\/comwin-europe.com\/wp-content\/uploads\/2025\/12\/Sourcing-Picture-1-300x185.webp 300w, https:\/\/comwin-europe.com\/wp-content\/uploads\/2025\/12\/Sourcing-Picture-1-768x473.webp 768w\" sizes=\"auto, (max-width: 924px) 100vw, 924px\" \/><\/figure>\n\n\n\n<h3 class=\"wp-block-heading\">2. Control de calidad integral y clasificaci\u00f3n de proveedores:<\/h3>\n\n\n\n<p>Realizamos auditor\u00edas de f\u00e1brica previas a la producci\u00f3n (verificando cualificaciones productivas, cumplimiento normativo y certificaciones del mercado objetivo como CE, FDA) y clasificamos a los proveedores verificados en tres niveles (Principal, Respaldo, Potencial) para garantizar el cumplimiento del producto y la estabilidad del suministro.<\/p>\n\n\n\n<figure class=\"wp-block-image aligncenter size-full\"><img loading=\"lazy\" decoding=\"async\" width=\"924\" height=\"616\" src=\"https:\/\/comwin-europe.com\/wp-content\/uploads\/2025\/12\/Sourcing-Picture-2.webp\" alt=\"\" class=\"wp-image-3617\" srcset=\"https:\/\/comwin-europe.com\/wp-content\/uploads\/2025\/12\/Sourcing-Picture-2.webp 924w, https:\/\/comwin-europe.com\/wp-content\/uploads\/2025\/12\/Sourcing-Picture-2-300x200.webp 300w, https:\/\/comwin-europe.com\/wp-content\/uploads\/2025\/12\/Sourcing-Picture-2-768x512.webp 768w\" sizes=\"auto, (max-width: 924px) 100vw, 924px\" \/><\/figure>\n\n\n\n<h3 class=\"wp-block-heading\">3. Optimizaci\u00f3n de la cadena de suministro<\/h3>\n\n\n\n<p>Proporcionamos alertas de inventario y planes de respaldo con m\u00faltiples proveedores para clientes a largo plazo, mitigando riesgos (por ejemplo, fluctuaciones de precios de materias primas, retrasos log\u00edsticos) y garantizando ciclos de entrega estables.<\/p>\n\n\n\n<figure class=\"wp-block-image aligncenter size-full\"><img loading=\"lazy\" decoding=\"async\" width=\"924\" height=\"924\" src=\"https:\/\/comwin-europe.com\/wp-content\/uploads\/2025\/12\/Sourcing-Picture-3.webp\" alt=\"\" class=\"wp-image-3618\" srcset=\"https:\/\/comwin-europe.com\/wp-content\/uploads\/2025\/12\/Sourcing-Picture-3.webp 924w, https:\/\/comwin-europe.com\/wp-content\/uploads\/2025\/12\/Sourcing-Picture-3-300x300.webp 300w, https:\/\/comwin-europe.com\/wp-content\/uploads\/2025\/12\/Sourcing-Picture-3-150x150.webp 150w, https:\/\/comwin-europe.com\/wp-content\/uploads\/2025\/12\/Sourcing-Picture-3-768x768.webp 768w, https:\/\/comwin-europe.com\/wp-content\/uploads\/2025\/12\/Sourcing-Picture-3-500x500.webp 500w\" sizes=\"auto, (max-width: 924px) 100vw, 924px\" \/><\/figure>\n","protected":false},"excerpt":{"rendered":"<p>Identificamos y combinamos recursos de la cadena de suministro rentables para los clientes, reducimos los costes de adquisici\u00f3n y garantizamos el control de calidad. 1. Selecci\u00f3n precisa de proveedores: Aprovechamos nuestra base de datos sectorial de m\u00e1s de 20 a\u00f1os que incluye m\u00e1s de 1.000 proveedores chinos de alta calidad, con un aprovisionamiento centrado en [&hellip;]<\/p>\n","protected":false},"author":1,"featured_media":0,"parent":3670,"menu_order":0,"comment_status":"closed","ping_status":"closed","template":"template-parts\/page-default.php","meta":{"_acf_changed":false,"footnotes":""},"class_list":["post-3686","page","type-page","status-publish","hentry"],"acf":[],"yoast_head":"<!-- This site is optimized with the Yoast SEO plugin v26.8 - https:\/\/yoast.com\/product\/yoast-seo-wordpress\/ -->\n<title>Abastecimiento y gesti\u00f3n de suministro | ComWin Europe<\/title>\n<meta name=\"description\" content=\"Selecci\u00f3n de proveedores con 20+ a\u00f1os y 1.000+ socios en China. Auditor\u00edas, cumplimiento CE\/FDA, control de calidad y planes de continuidad de suministro.\" \/>\n<meta name=\"robots\" content=\"index, follow, max-snippet:-1, max-image-preview:large, max-video-preview:-1\" \/>\n<link rel=\"canonical\" href=\"https:\/\/comwin-europe.com\/es\/servicios\/gestion-de-compras-y-suministro\/\" \/>\n<meta property=\"og:locale\" content=\"es_ES\" \/>\n<meta property=\"og:type\" content=\"article\" \/>\n<meta property=\"og:title\" content=\"Abastecimiento y gesti\u00f3n de suministro | ComWin Europe\" \/>\n<meta property=\"og:description\" content=\"Selecci\u00f3n de proveedores con 20+ a\u00f1os y 1.000+ socios en China. Auditor\u00edas, cumplimiento CE\/FDA, control de calidad y planes de continuidad de suministro.\" \/>\n<meta property=\"og:url\" content=\"https:\/\/comwin-europe.com\/es\/servicios\/gestion-de-compras-y-suministro\/\" \/>\n<meta property=\"og:site_name\" content=\"Comwin Europe\" \/>\n<meta property=\"article:modified_time\" content=\"2026-01-15T08:15:49+00:00\" \/>\n<meta property=\"og:image\" content=\"https:\/\/comwin-europe.com\/wp-content\/uploads\/2025\/12\/Sourcing-Picture-1.webp\" \/>\n\t<meta property=\"og:image:width\" content=\"924\" \/>\n\t<meta property=\"og:image:height\" content=\"569\" \/>\n\t<meta property=\"og:image:type\" content=\"image\/webp\" \/>\n<meta name=\"twitter:card\" content=\"summary_large_image\" \/>\n<meta name=\"twitter:label1\" content=\"Tiempo de lectura\" \/>\n\t<meta name=\"twitter:data1\" content=\"2 minutos\" \/>\n<script type=\"application\/ld+json\" class=\"yoast-schema-graph\">{\"@context\":\"https:\/\/schema.org\",\"@graph\":[{\"@type\":\"WebPage\",\"@id\":\"https:\/\/comwin-europe.com\/es\/servicios\/gestion-de-compras-y-suministro\/\",\"url\":\"https:\/\/comwin-europe.com\/es\/servicios\/gestion-de-compras-y-suministro\/\",\"name\":\"Abastecimiento y gesti\u00f3n de suministro | ComWin Europe\",\"isPartOf\":{\"@id\":\"https:\/\/comwin-europe.com\/es\/#website\"},\"primaryImageOfPage\":{\"@id\":\"https:\/\/comwin-europe.com\/es\/servicios\/gestion-de-compras-y-suministro\/#primaryimage\"},\"image\":{\"@id\":\"https:\/\/comwin-europe.com\/es\/servicios\/gestion-de-compras-y-suministro\/#primaryimage\"},\"thumbnailUrl\":\"https:\/\/comwin-europe.com\/wp-content\/uploads\/2025\/12\/Sourcing-Picture-1.webp\",\"datePublished\":\"2025-10-28T07:43:29+00:00\",\"dateModified\":\"2026-01-15T08:15:49+00:00\",\"description\":\"Selecci\u00f3n de proveedores con 20+ a\u00f1os y 1.000+ socios en China. Auditor\u00edas, cumplimiento CE\/FDA, control de calidad y planes de continuidad de suministro.\",\"breadcrumb\":{\"@id\":\"https:\/\/comwin-europe.com\/es\/servicios\/gestion-de-compras-y-suministro\/#breadcrumb\"},\"inLanguage\":\"es\",\"potentialAction\":[{\"@type\":\"ReadAction\",\"target\":[\"https:\/\/comwin-europe.com\/es\/servicios\/gestion-de-compras-y-suministro\/\"]}]},{\"@type\":\"ImageObject\",\"inLanguage\":\"es\",\"@id\":\"https:\/\/comwin-europe.com\/es\/servicios\/gestion-de-compras-y-suministro\/#primaryimage\",\"url\":\"https:\/\/comwin-europe.com\/wp-content\/uploads\/2025\/12\/Sourcing-Picture-1.webp\",\"contentUrl\":\"https:\/\/comwin-europe.com\/wp-content\/uploads\/2025\/12\/Sourcing-Picture-1.webp\"},{\"@type\":\"BreadcrumbList\",\"@id\":\"https:\/\/comwin-europe.com\/es\/servicios\/gestion-de-compras-y-suministro\/#breadcrumb\",\"itemListElement\":[{\"@type\":\"ListItem\",\"position\":1,\"name\":\"Inicio\",\"item\":\"https:\/\/comwin-europe.com\/es\/\"},{\"@type\":\"ListItem\",\"position\":2,\"name\":\"Servicios\",\"item\":\"https:\/\/comwin-europe.com\/es\/servicios\/\"},{\"@type\":\"ListItem\",\"position\":3,\"name\":\"Gesti\u00f3n de compras y suministro\"}]},{\"@type\":\"WebSite\",\"@id\":\"https:\/\/comwin-europe.com\/es\/#website\",\"url\":\"https:\/\/comwin-europe.com\/es\/\",\"name\":\"Comwin-Europe\",\"description\":\"\",\"publisher\":{\"@id\":\"https:\/\/comwin-europe.com\/es\/#organization\"},\"potentialAction\":[{\"@type\":\"SearchAction\",\"target\":{\"@type\":\"EntryPoint\",\"urlTemplate\":\"https:\/\/comwin-europe.com\/es\/?s={search_term_string}\"},\"query-input\":{\"@type\":\"PropertyValueSpecification\",\"valueRequired\":true,\"valueName\":\"search_term_string\"}}],\"inLanguage\":\"es\"},{\"@type\":\"Organization\",\"@id\":\"https:\/\/comwin-europe.com\/es\/#organization\",\"name\":\"Comwin-Europe\",\"url\":\"https:\/\/comwin-europe.com\/es\/\",\"logo\":{\"@type\":\"ImageObject\",\"inLanguage\":\"es\",\"@id\":\"https:\/\/comwin-europe.com\/es\/#\/schema\/logo\/image\/\",\"url\":\"https:\/\/comwin-europe.com\/wp-content\/uploads\/2025\/10\/LOGO.svg\",\"contentUrl\":\"https:\/\/comwin-europe.com\/wp-content\/uploads\/2025\/10\/LOGO.svg\",\"width\":230,\"height\":46,\"caption\":\"Comwin-Europe\"},\"image\":{\"@id\":\"https:\/\/comwin-europe.com\/es\/#\/schema\/logo\/image\/\"}}]}<\/script>\n<!-- \/ Yoast SEO plugin. -->","yoast_head_json":{"title":"Abastecimiento y gesti\u00f3n de suministro | ComWin Europe","description":"Selecci\u00f3n de proveedores con 20+ a\u00f1os y 1.000+ socios en China. Auditor\u00edas, cumplimiento CE\/FDA, control de calidad y planes de continuidad de suministro.","robots":{"index":"index","follow":"follow","max-snippet":"max-snippet:-1","max-image-preview":"max-image-preview:large","max-video-preview":"max-video-preview:-1"},"canonical":"https:\/\/comwin-europe.com\/es\/servicios\/gestion-de-compras-y-suministro\/","og_locale":"es_ES","og_type":"article","og_title":"Abastecimiento y gesti\u00f3n de suministro | ComWin Europe","og_description":"Selecci\u00f3n de proveedores con 20+ a\u00f1os y 1.000+ socios en China. Auditor\u00edas, cumplimiento CE\/FDA, control de calidad y planes de continuidad de suministro.","og_url":"https:\/\/comwin-europe.com\/es\/servicios\/gestion-de-compras-y-suministro\/","og_site_name":"Comwin Europe","article_modified_time":"2026-01-15T08:15:49+00:00","og_image":[{"width":924,"height":569,"url":"https:\/\/comwin-europe.com\/wp-content\/uploads\/2025\/12\/Sourcing-Picture-1.webp","type":"image\/webp"}],"twitter_card":"summary_large_image","twitter_misc":{"Tiempo de lectura":"2 minutos"},"schema":{"@context":"https:\/\/schema.org","@graph":[{"@type":"WebPage","@id":"https:\/\/comwin-europe.com\/es\/servicios\/gestion-de-compras-y-suministro\/","url":"https:\/\/comwin-europe.com\/es\/servicios\/gestion-de-compras-y-suministro\/","name":"Abastecimiento y gesti\u00f3n de suministro | ComWin Europe","isPartOf":{"@id":"https:\/\/comwin-europe.com\/es\/#website"},"primaryImageOfPage":{"@id":"https:\/\/comwin-europe.com\/es\/servicios\/gestion-de-compras-y-suministro\/#primaryimage"},"image":{"@id":"https:\/\/comwin-europe.com\/es\/servicios\/gestion-de-compras-y-suministro\/#primaryimage"},"thumbnailUrl":"https:\/\/comwin-europe.com\/wp-content\/uploads\/2025\/12\/Sourcing-Picture-1.webp","datePublished":"2025-10-28T07:43:29+00:00","dateModified":"2026-01-15T08:15:49+00:00","description":"Selecci\u00f3n de proveedores con 20+ a\u00f1os y 1.000+ socios en China. Auditor\u00edas, cumplimiento CE\/FDA, control de calidad y planes de continuidad de suministro.","breadcrumb":{"@id":"https:\/\/comwin-europe.com\/es\/servicios\/gestion-de-compras-y-suministro\/#breadcrumb"},"inLanguage":"es","potentialAction":[{"@type":"ReadAction","target":["https:\/\/comwin-europe.com\/es\/servicios\/gestion-de-compras-y-suministro\/"]}]},{"@type":"ImageObject","inLanguage":"es","@id":"https:\/\/comwin-europe.com\/es\/servicios\/gestion-de-compras-y-suministro\/#primaryimage","url":"https:\/\/comwin-europe.com\/wp-content\/uploads\/2025\/12\/Sourcing-Picture-1.webp","contentUrl":"https:\/\/comwin-europe.com\/wp-content\/uploads\/2025\/12\/Sourcing-Picture-1.webp"},{"@type":"BreadcrumbList","@id":"https:\/\/comwin-europe.com\/es\/servicios\/gestion-de-compras-y-suministro\/#breadcrumb","itemListElement":[{"@type":"ListItem","position":1,"name":"Inicio","item":"https:\/\/comwin-europe.com\/es\/"},{"@type":"ListItem","position":2,"name":"Servicios","item":"https:\/\/comwin-europe.com\/es\/servicios\/"},{"@type":"ListItem","position":3,"name":"Gesti\u00f3n de compras y suministro"}]},{"@type":"WebSite","@id":"https:\/\/comwin-europe.com\/es\/#website","url":"https:\/\/comwin-europe.com\/es\/","name":"Comwin-Europe","description":"","publisher":{"@id":"https:\/\/comwin-europe.com\/es\/#organization"},"potentialAction":[{"@type":"SearchAction","target":{"@type":"EntryPoint","urlTemplate":"https:\/\/comwin-europe.com\/es\/?s={search_term_string}"},"query-input":{"@type":"PropertyValueSpecification","valueRequired":true,"valueName":"search_term_string"}}],"inLanguage":"es"},{"@type":"Organization","@id":"https:\/\/comwin-europe.com\/es\/#organization","name":"Comwin-Europe","url":"https:\/\/comwin-europe.com\/es\/","logo":{"@type":"ImageObject","inLanguage":"es","@id":"https:\/\/comwin-europe.com\/es\/#\/schema\/logo\/image\/","url":"https:\/\/comwin-europe.com\/wp-content\/uploads\/2025\/10\/LOGO.svg","contentUrl":"https:\/\/comwin-europe.com\/wp-content\/uploads\/2025\/10\/LOGO.svg","width":230,"height":46,"caption":"Comwin-Europe"},"image":{"@id":"https:\/\/comwin-europe.com\/es\/#\/schema\/logo\/image\/"}}]}},"_links":{"self":[{"href":"https:\/\/comwin-europe.com\/es\/wp-json\/wp\/v2\/pages\/3686","targetHints":{"allow":["GET"]}}],"collection":[{"href":"https:\/\/comwin-europe.com\/es\/wp-json\/wp\/v2\/pages"}],"about":[{"href":"https:\/\/comwin-europe.com\/es\/wp-json\/wp\/v2\/types\/page"}],"author":[{"embeddable":true,"href":"https:\/\/comwin-europe.com\/es\/wp-json\/wp\/v2\/users\/1"}],"replies":[{"embeddable":true,"href":"https:\/\/comwin-europe.com\/es\/wp-json\/wp\/v2\/comments?post=3686"}],"version-history":[{"count":1,"href":"https:\/\/comwin-europe.com\/es\/wp-json\/wp\/v2\/pages\/3686\/revisions"}],"predecessor-version":[{"id":3854,"href":"https:\/\/comwin-europe.com\/es\/wp-json\/wp\/v2\/pages\/3686\/revisions\/3854"}],"up":[{"embeddable":true,"href":"https:\/\/comwin-europe.com\/es\/wp-json\/wp\/v2\/pages\/3670"}],"wp:attachment":[{"href":"https:\/\/comwin-europe.com\/es\/wp-json\/wp\/v2\/media?parent=3686"}],"curies":[{"name":"wp","href":"https:\/\/api.w.org\/{rel}","templated":true}]}}