{"id":3633,"date":"2025-06-05T09:45:51","date_gmt":"2025-06-05T09:45:51","guid":{"rendered":"http:\/\/comwin.local\/home\/"},"modified":"2026-01-15T08:03:12","modified_gmt":"2026-01-15T08:03:12","slug":"home","status":"publish","type":"page","link":"https:\/\/comwin-europe.com\/hu\/","title":{"rendered":"Kezd\u0151lap"},"content":{"rendered":"","protected":false},"excerpt":{"rendered":"","protected":false},"author":1,"featured_media":0,"parent":0,"menu_order":0,"comment_status":"closed","ping_status":"closed","template":"","meta":{"_acf_changed":false,"footnotes":""},"class_list":["post-3633","page","type-page","status-publish","hentry"],"acf":[],"yoast_head":"<!-- This site is optimized with the Yoast SEO plugin v26.8 - https:\/\/yoast.com\/product\/yoast-seo-wordpress\/ -->\n<title>ComWin Europe | Speci\u00e1lis finomvegyszerek \u00e9s alapanyagok<\/title>\n<meta name=\"description\" content=\"Innovat\u00edv besz\u00e1ll\u00edt\u00f3 speci\u00e1lis finomvegyszerekb\u0151l, \u00e9lelmiszer- \u00e9s gy\u00f3gyszeripari alapanyagokb\u00f3l. Nehezen beszerezhet\u0151 anyagok, teljes k\u00f6r\u0171 t\u00e1mogat\u00e1ssal.\" \/>\n<meta name=\"robots\" content=\"index, follow, max-snippet:-1, max-image-preview:large, max-video-preview:-1\" \/>\n<link rel=\"canonical\" href=\"https:\/\/comwin-europe.com\/hu\/\" \/>\n<meta property=\"og:locale\" content=\"hu_HU\" \/>\n<meta property=\"og:type\" content=\"article\" \/>\n<meta property=\"og:title\" content=\"ComWin Europe | Speci\u00e1lis finomvegyszerek \u00e9s alapanyagok\" \/>\n<meta property=\"og:description\" content=\"Innovat\u00edv besz\u00e1ll\u00edt\u00f3 speci\u00e1lis finomvegyszerekb\u0151l, \u00e9lelmiszer- \u00e9s gy\u00f3gyszeripari alapanyagokb\u00f3l. Nehezen beszerezhet\u0151 anyagok, teljes k\u00f6r\u0171 t\u00e1mogat\u00e1ssal.\" \/>\n<meta property=\"og:url\" content=\"https:\/\/comwin-europe.com\/hu\/\" \/>\n<meta property=\"og:site_name\" content=\"Comwin Europe\" \/>\n<meta property=\"article:modified_time\" content=\"2026-01-15T08:03:12+00:00\" \/>\n<meta name=\"twitter:card\" content=\"summary_large_image\" \/>\n<script type=\"application\/ld+json\" class=\"yoast-schema-graph\">{\"@context\":\"https:\/\/schema.org\",\"@graph\":[{\"@type\":\"WebPage\",\"@id\":\"https:\/\/comwin-europe.com\/hu\/\",\"url\":\"https:\/\/comwin-europe.com\/hu\/\",\"name\":\"ComWin Europe | Speci\u00e1lis finomvegyszerek \u00e9s alapanyagok\",\"isPartOf\":{\"@id\":\"https:\/\/comwin-europe.com\/hu\/#website\"},\"datePublished\":\"2025-06-05T09:45:51+00:00\",\"dateModified\":\"2026-01-15T08:03:12+00:00\",\"description\":\"Innovat\u00edv besz\u00e1ll\u00edt\u00f3 speci\u00e1lis finomvegyszerekb\u0151l, \u00e9lelmiszer- \u00e9s gy\u00f3gyszeripari alapanyagokb\u00f3l. Nehezen beszerezhet\u0151 anyagok, teljes k\u00f6r\u0171 t\u00e1mogat\u00e1ssal.\",\"breadcrumb\":{\"@id\":\"https:\/\/comwin-europe.com\/hu\/#breadcrumb\"},\"inLanguage\":\"hu\",\"potentialAction\":[{\"@type\":\"ReadAction\",\"target\":[\"https:\/\/comwin-europe.com\/hu\/\"]}]},{\"@type\":\"BreadcrumbList\",\"@id\":\"https:\/\/comwin-europe.com\/hu\/#breadcrumb\",\"itemListElement\":[{\"@type\":\"ListItem\",\"position\":1,\"name\":\"Kezd\u0151lap\",\"item\":\"https:\/\/comwin-europe.com\/hu\/\"},{\"@type\":\"ListItem\",\"position\":2,\"name\":\"Kezd\u0151lap\"}]},{\"@type\":\"WebSite\",\"@id\":\"https:\/\/comwin-europe.com\/hu\/#website\",\"url\":\"https:\/\/comwin-europe.com\/hu\/\",\"name\":\"Comwin-Europe\",\"description\":\"\",\"publisher\":{\"@id\":\"https:\/\/comwin-europe.com\/hu\/#organization\"},\"potentialAction\":[{\"@type\":\"SearchAction\",\"target\":{\"@type\":\"EntryPoint\",\"urlTemplate\":\"https:\/\/comwin-europe.com\/hu\/?s={search_term_string}\"},\"query-input\":{\"@type\":\"PropertyValueSpecification\",\"valueRequired\":true,\"valueName\":\"search_term_string\"}}],\"inLanguage\":\"hu\"},{\"@type\":\"Organization\",\"@id\":\"https:\/\/comwin-europe.com\/hu\/#organization\",\"name\":\"Comwin-Europe\",\"url\":\"https:\/\/comwin-europe.com\/hu\/\",\"logo\":{\"@type\":\"ImageObject\",\"inLanguage\":\"hu\",\"@id\":\"https:\/\/comwin-europe.com\/hu\/#\/schema\/logo\/image\/\",\"url\":\"https:\/\/comwin-europe.com\/wp-content\/uploads\/2025\/10\/LOGO.svg\",\"contentUrl\":\"https:\/\/comwin-europe.com\/wp-content\/uploads\/2025\/10\/LOGO.svg\",\"width\":230,\"height\":46,\"caption\":\"Comwin-Europe\"},\"image\":{\"@id\":\"https:\/\/comwin-europe.com\/hu\/#\/schema\/logo\/image\/\"}}]}<\/script>\n<!-- \/ Yoast SEO plugin. -->","yoast_head_json":{"title":"ComWin Europe | Speci\u00e1lis finomvegyszerek \u00e9s alapanyagok","description":"Innovat\u00edv besz\u00e1ll\u00edt\u00f3 speci\u00e1lis finomvegyszerekb\u0151l, \u00e9lelmiszer- \u00e9s gy\u00f3gyszeripari alapanyagokb\u00f3l. Nehezen beszerezhet\u0151 anyagok, teljes k\u00f6r\u0171 t\u00e1mogat\u00e1ssal.","robots":{"index":"index","follow":"follow","max-snippet":"max-snippet:-1","max-image-preview":"max-image-preview:large","max-video-preview":"max-video-preview:-1"},"canonical":"https:\/\/comwin-europe.com\/hu\/","og_locale":"hu_HU","og_type":"article","og_title":"ComWin Europe | Speci\u00e1lis finomvegyszerek \u00e9s alapanyagok","og_description":"Innovat\u00edv besz\u00e1ll\u00edt\u00f3 speci\u00e1lis finomvegyszerekb\u0151l, \u00e9lelmiszer- \u00e9s gy\u00f3gyszeripari alapanyagokb\u00f3l. Nehezen beszerezhet\u0151 anyagok, teljes k\u00f6r\u0171 t\u00e1mogat\u00e1ssal.","og_url":"https:\/\/comwin-europe.com\/hu\/","og_site_name":"Comwin Europe","article_modified_time":"2026-01-15T08:03:12+00:00","twitter_card":"summary_large_image","schema":{"@context":"https:\/\/schema.org","@graph":[{"@type":"WebPage","@id":"https:\/\/comwin-europe.com\/hu\/","url":"https:\/\/comwin-europe.com\/hu\/","name":"ComWin Europe | Speci\u00e1lis finomvegyszerek \u00e9s alapanyagok","isPartOf":{"@id":"https:\/\/comwin-europe.com\/hu\/#website"},"datePublished":"2025-06-05T09:45:51+00:00","dateModified":"2026-01-15T08:03:12+00:00","description":"Innovat\u00edv besz\u00e1ll\u00edt\u00f3 speci\u00e1lis finomvegyszerekb\u0151l, \u00e9lelmiszer- \u00e9s gy\u00f3gyszeripari alapanyagokb\u00f3l. Nehezen beszerezhet\u0151 anyagok, teljes k\u00f6r\u0171 t\u00e1mogat\u00e1ssal.","breadcrumb":{"@id":"https:\/\/comwin-europe.com\/hu\/#breadcrumb"},"inLanguage":"hu","potentialAction":[{"@type":"ReadAction","target":["https:\/\/comwin-europe.com\/hu\/"]}]},{"@type":"BreadcrumbList","@id":"https:\/\/comwin-europe.com\/hu\/#breadcrumb","itemListElement":[{"@type":"ListItem","position":1,"name":"Kezd\u0151lap","item":"https:\/\/comwin-europe.com\/hu\/"},{"@type":"ListItem","position":2,"name":"Kezd\u0151lap"}]},{"@type":"WebSite","@id":"https:\/\/comwin-europe.com\/hu\/#website","url":"https:\/\/comwin-europe.com\/hu\/","name":"Comwin-Europe","description":"","publisher":{"@id":"https:\/\/comwin-europe.com\/hu\/#organization"},"potentialAction":[{"@type":"SearchAction","target":{"@type":"EntryPoint","urlTemplate":"https:\/\/comwin-europe.com\/hu\/?s={search_term_string}"},"query-input":{"@type":"PropertyValueSpecification","valueRequired":true,"valueName":"search_term_string"}}],"inLanguage":"hu"},{"@type":"Organization","@id":"https:\/\/comwin-europe.com\/hu\/#organization","name":"Comwin-Europe","url":"https:\/\/comwin-europe.com\/hu\/","logo":{"@type":"ImageObject","inLanguage":"hu","@id":"https:\/\/comwin-europe.com\/hu\/#\/schema\/logo\/image\/","url":"https:\/\/comwin-europe.com\/wp-content\/uploads\/2025\/10\/LOGO.svg","contentUrl":"https:\/\/comwin-europe.com\/wp-content\/uploads\/2025\/10\/LOGO.svg","width":230,"height":46,"caption":"Comwin-Europe"},"image":{"@id":"https:\/\/comwin-europe.com\/hu\/#\/schema\/logo\/image\/"}}]}},"_links":{"self":[{"href":"https:\/\/comwin-europe.com\/hu\/wp-json\/wp\/v2\/pages\/3633","targetHints":{"allow":["GET"]}}],"collection":[{"href":"https:\/\/comwin-europe.com\/hu\/wp-json\/wp\/v2\/pages"}],"about":[{"href":"https:\/\/comwin-europe.com\/hu\/wp-json\/wp\/v2\/types\/page"}],"author":[{"embeddable":true,"href":"https:\/\/comwin-europe.com\/hu\/wp-json\/wp\/v2\/users\/1"}],"replies":[{"embeddable":true,"href":"https:\/\/comwin-europe.com\/hu\/wp-json\/wp\/v2\/comments?post=3633"}],"version-history":[{"count":7,"href":"https:\/\/comwin-europe.com\/hu\/wp-json\/wp\/v2\/pages\/3633\/revisions"}],"predecessor-version":[{"id":4070,"href":"https:\/\/comwin-europe.com\/hu\/wp-json\/wp\/v2\/pages\/3633\/revisions\/4070"}],"wp:attachment":[{"href":"https:\/\/comwin-europe.com\/hu\/wp-json\/wp\/v2\/media?parent=3633"}],"curies":[{"name":"wp","href":"https:\/\/api.w.org\/{rel}","templated":true}]}}