{"id":3650,"date":"2025-06-05T09:45:56","date_gmt":"2025-06-05T09:45:56","guid":{"rendered":"http:\/\/comwin.local\/about-us\/"},"modified":"2026-01-15T09:02:50","modified_gmt":"2026-01-15T09:02:50","slug":"rolunk","status":"publish","type":"page","link":"https:\/\/comwin-europe.com\/hu\/rolunk\/","title":{"rendered":"R\u00f3lunk"},"content":{"rendered":"","protected":false},"excerpt":{"rendered":"","protected":false},"author":1,"featured_media":0,"parent":0,"menu_order":0,"comment_status":"closed","ping_status":"closed","template":"template-parts\/page-about.php","meta":{"_acf_changed":false,"footnotes":""},"class_list":["post-3650","page","type-page","status-publish","hentry"],"acf":[],"yoast_head":"<!-- This site is optimized with the Yoast SEO plugin v26.8 - https:\/\/yoast.com\/product\/yoast-seo-wordpress\/ -->\n<title>R\u00f3lunk | ComWin Europe - glob\u00e1lis beszerz\u00e9si partner<\/title>\n<meta name=\"description\" content=\"A ComWin 2003 \u00f3ta megb\u00edzhat\u00f3 glob\u00e1lis besz\u00e1ll\u00edt\u00f3. A COMWIN EUROPE Kft. 2023 \u00f3ta Budapestr\u0151l szolg\u00e1lja ki eur\u00f3pai partnereit \u00e9rt\u00e9kalap\u00fa, pontos megold\u00e1sokkal.\" \/>\n<meta name=\"robots\" content=\"index, follow, max-snippet:-1, max-image-preview:large, max-video-preview:-1\" \/>\n<link rel=\"canonical\" href=\"https:\/\/comwin-europe.com\/hu\/rolunk\/\" \/>\n<meta property=\"og:locale\" content=\"hu_HU\" \/>\n<meta property=\"og:type\" content=\"article\" \/>\n<meta property=\"og:title\" content=\"R\u00f3lunk | ComWin Europe - glob\u00e1lis beszerz\u00e9si partner\" \/>\n<meta property=\"og:description\" content=\"A ComWin 2003 \u00f3ta megb\u00edzhat\u00f3 glob\u00e1lis besz\u00e1ll\u00edt\u00f3. A COMWIN EUROPE Kft. 2023 \u00f3ta Budapestr\u0151l szolg\u00e1lja ki eur\u00f3pai partnereit \u00e9rt\u00e9kalap\u00fa, pontos megold\u00e1sokkal.\" \/>\n<meta property=\"og:url\" content=\"https:\/\/comwin-europe.com\/hu\/rolunk\/\" \/>\n<meta property=\"og:site_name\" content=\"Comwin Europe\" \/>\n<meta property=\"article:modified_time\" content=\"2026-01-15T09:02:50+00:00\" \/>\n<meta name=\"twitter:card\" content=\"summary_large_image\" \/>\n<script type=\"application\/ld+json\" class=\"yoast-schema-graph\">{\"@context\":\"https:\/\/schema.org\",\"@graph\":[{\"@type\":\"WebPage\",\"@id\":\"https:\/\/comwin-europe.com\/hu\/rolunk\/\",\"url\":\"https:\/\/comwin-europe.com\/hu\/rolunk\/\",\"name\":\"R\u00f3lunk | ComWin Europe - glob\u00e1lis beszerz\u00e9si partner\",\"isPartOf\":{\"@id\":\"https:\/\/comwin-europe.com\/hu\/#website\"},\"datePublished\":\"2025-06-05T09:45:56+00:00\",\"dateModified\":\"2026-01-15T09:02:50+00:00\",\"description\":\"A ComWin 2003 \u00f3ta megb\u00edzhat\u00f3 glob\u00e1lis besz\u00e1ll\u00edt\u00f3. A COMWIN EUROPE Kft. 2023 \u00f3ta Budapestr\u0151l szolg\u00e1lja ki eur\u00f3pai partnereit \u00e9rt\u00e9kalap\u00fa, pontos megold\u00e1sokkal.\",\"breadcrumb\":{\"@id\":\"https:\/\/comwin-europe.com\/hu\/rolunk\/#breadcrumb\"},\"inLanguage\":\"hu\",\"potentialAction\":[{\"@type\":\"ReadAction\",\"target\":[\"https:\/\/comwin-europe.com\/hu\/rolunk\/\"]}]},{\"@type\":\"BreadcrumbList\",\"@id\":\"https:\/\/comwin-europe.com\/hu\/rolunk\/#breadcrumb\",\"itemListElement\":[{\"@type\":\"ListItem\",\"position\":1,\"name\":\"Kezd\u0151lap\",\"item\":\"https:\/\/comwin-europe.com\/hu\/\"},{\"@type\":\"ListItem\",\"position\":2,\"name\":\"R\u00f3lunk\"}]},{\"@type\":\"WebSite\",\"@id\":\"https:\/\/comwin-europe.com\/hu\/#website\",\"url\":\"https:\/\/comwin-europe.com\/hu\/\",\"name\":\"Comwin-Europe\",\"description\":\"\",\"publisher\":{\"@id\":\"https:\/\/comwin-europe.com\/hu\/#organization\"},\"potentialAction\":[{\"@type\":\"SearchAction\",\"target\":{\"@type\":\"EntryPoint\",\"urlTemplate\":\"https:\/\/comwin-europe.com\/hu\/?s={search_term_string}\"},\"query-input\":{\"@type\":\"PropertyValueSpecification\",\"valueRequired\":true,\"valueName\":\"search_term_string\"}}],\"inLanguage\":\"hu\"},{\"@type\":\"Organization\",\"@id\":\"https:\/\/comwin-europe.com\/hu\/#organization\",\"name\":\"Comwin-Europe\",\"url\":\"https:\/\/comwin-europe.com\/hu\/\",\"logo\":{\"@type\":\"ImageObject\",\"inLanguage\":\"hu\",\"@id\":\"https:\/\/comwin-europe.com\/hu\/#\/schema\/logo\/image\/\",\"url\":\"https:\/\/comwin-europe.com\/wp-content\/uploads\/2025\/10\/LOGO.svg\",\"contentUrl\":\"https:\/\/comwin-europe.com\/wp-content\/uploads\/2025\/10\/LOGO.svg\",\"width\":230,\"height\":46,\"caption\":\"Comwin-Europe\"},\"image\":{\"@id\":\"https:\/\/comwin-europe.com\/hu\/#\/schema\/logo\/image\/\"}}]}<\/script>\n<!-- \/ Yoast SEO plugin. -->","yoast_head_json":{"title":"R\u00f3lunk | ComWin Europe - glob\u00e1lis beszerz\u00e9si partner","description":"A ComWin 2003 \u00f3ta megb\u00edzhat\u00f3 glob\u00e1lis besz\u00e1ll\u00edt\u00f3. A COMWIN EUROPE Kft. 2023 \u00f3ta Budapestr\u0151l szolg\u00e1lja ki eur\u00f3pai partnereit \u00e9rt\u00e9kalap\u00fa, pontos megold\u00e1sokkal.","robots":{"index":"index","follow":"follow","max-snippet":"max-snippet:-1","max-image-preview":"max-image-preview:large","max-video-preview":"max-video-preview:-1"},"canonical":"https:\/\/comwin-europe.com\/hu\/rolunk\/","og_locale":"hu_HU","og_type":"article","og_title":"R\u00f3lunk | ComWin Europe - glob\u00e1lis beszerz\u00e9si partner","og_description":"A ComWin 2003 \u00f3ta megb\u00edzhat\u00f3 glob\u00e1lis besz\u00e1ll\u00edt\u00f3. A COMWIN EUROPE Kft. 2023 \u00f3ta Budapestr\u0151l szolg\u00e1lja ki eur\u00f3pai partnereit \u00e9rt\u00e9kalap\u00fa, pontos megold\u00e1sokkal.","og_url":"https:\/\/comwin-europe.com\/hu\/rolunk\/","og_site_name":"Comwin Europe","article_modified_time":"2026-01-15T09:02:50+00:00","twitter_card":"summary_large_image","schema":{"@context":"https:\/\/schema.org","@graph":[{"@type":"WebPage","@id":"https:\/\/comwin-europe.com\/hu\/rolunk\/","url":"https:\/\/comwin-europe.com\/hu\/rolunk\/","name":"R\u00f3lunk | ComWin Europe - glob\u00e1lis beszerz\u00e9si partner","isPartOf":{"@id":"https:\/\/comwin-europe.com\/hu\/#website"},"datePublished":"2025-06-05T09:45:56+00:00","dateModified":"2026-01-15T09:02:50+00:00","description":"A ComWin 2003 \u00f3ta megb\u00edzhat\u00f3 glob\u00e1lis besz\u00e1ll\u00edt\u00f3. A COMWIN EUROPE Kft. 2023 \u00f3ta Budapestr\u0151l szolg\u00e1lja ki eur\u00f3pai partnereit \u00e9rt\u00e9kalap\u00fa, pontos megold\u00e1sokkal.","breadcrumb":{"@id":"https:\/\/comwin-europe.com\/hu\/rolunk\/#breadcrumb"},"inLanguage":"hu","potentialAction":[{"@type":"ReadAction","target":["https:\/\/comwin-europe.com\/hu\/rolunk\/"]}]},{"@type":"BreadcrumbList","@id":"https:\/\/comwin-europe.com\/hu\/rolunk\/#breadcrumb","itemListElement":[{"@type":"ListItem","position":1,"name":"Kezd\u0151lap","item":"https:\/\/comwin-europe.com\/hu\/"},{"@type":"ListItem","position":2,"name":"R\u00f3lunk"}]},{"@type":"WebSite","@id":"https:\/\/comwin-europe.com\/hu\/#website","url":"https:\/\/comwin-europe.com\/hu\/","name":"Comwin-Europe","description":"","publisher":{"@id":"https:\/\/comwin-europe.com\/hu\/#organization"},"potentialAction":[{"@type":"SearchAction","target":{"@type":"EntryPoint","urlTemplate":"https:\/\/comwin-europe.com\/hu\/?s={search_term_string}"},"query-input":{"@type":"PropertyValueSpecification","valueRequired":true,"valueName":"search_term_string"}}],"inLanguage":"hu"},{"@type":"Organization","@id":"https:\/\/comwin-europe.com\/hu\/#organization","name":"Comwin-Europe","url":"https:\/\/comwin-europe.com\/hu\/","logo":{"@type":"ImageObject","inLanguage":"hu","@id":"https:\/\/comwin-europe.com\/hu\/#\/schema\/logo\/image\/","url":"https:\/\/comwin-europe.com\/wp-content\/uploads\/2025\/10\/LOGO.svg","contentUrl":"https:\/\/comwin-europe.com\/wp-content\/uploads\/2025\/10\/LOGO.svg","width":230,"height":46,"caption":"Comwin-Europe"},"image":{"@id":"https:\/\/comwin-europe.com\/hu\/#\/schema\/logo\/image\/"}}]}},"_links":{"self":[{"href":"https:\/\/comwin-europe.com\/hu\/wp-json\/wp\/v2\/pages\/3650","targetHints":{"allow":["GET"]}}],"collection":[{"href":"https:\/\/comwin-europe.com\/hu\/wp-json\/wp\/v2\/pages"}],"about":[{"href":"https:\/\/comwin-europe.com\/hu\/wp-json\/wp\/v2\/types\/page"}],"author":[{"embeddable":true,"href":"https:\/\/comwin-europe.com\/hu\/wp-json\/wp\/v2\/users\/1"}],"replies":[{"embeddable":true,"href":"https:\/\/comwin-europe.com\/hu\/wp-json\/wp\/v2\/comments?post=3650"}],"version-history":[{"count":3,"href":"https:\/\/comwin-europe.com\/hu\/wp-json\/wp\/v2\/pages\/3650\/revisions"}],"predecessor-version":[{"id":7247,"href":"https:\/\/comwin-europe.com\/hu\/wp-json\/wp\/v2\/pages\/3650\/revisions\/7247"}],"wp:attachment":[{"href":"https:\/\/comwin-europe.com\/hu\/wp-json\/wp\/v2\/media?parent=3650"}],"curies":[{"name":"wp","href":"https:\/\/api.w.org\/{rel}","templated":true}]}}