{"id":3654,"date":"2025-06-05T09:46:47","date_gmt":"2025-06-05T09:46:47","guid":{"rendered":"http:\/\/comwin.local\/contact\/"},"modified":"2026-01-15T09:25:54","modified_gmt":"2026-01-15T09:25:54","slug":"kapcsolat","status":"publish","type":"page","link":"https:\/\/comwin-europe.com\/hu\/kapcsolat\/","title":{"rendered":"Kapcsolat"},"content":{"rendered":"\n<h2 class=\"wp-block-heading has-text-align-center\"><strong>\u00cdrjon nek\u00fcnk \u00fczenetet<\/strong><\/h2>\n\n\n\n<p class=\"has-text-align-center\"><strong>J\u00f3 helyen j\u00e1r. T\u00f6ltse ki az al\u00e1bbi \u0171rlapot, \u00e9s csapatunk 24 \u00f3r\u00e1n bel\u00fcl v\u00e1laszol.<\/strong><\/p>\n\n\n\n<div class=\"wpcf7 no-js\" id=\"wpcf7-f4059-o1\" lang=\"hu-HU\" dir=\"ltr\" data-wpcf7-id=\"4059\">\n<div class=\"screen-reader-response\"><p role=\"status\" aria-live=\"polite\" aria-atomic=\"true\"><\/p> <ul><\/ul><\/div>\n<form action=\"\/hu\/wp-json\/wp\/v2\/pages\/3654#wpcf7-f4059-o1\" method=\"post\" class=\"wpcf7-form init\" aria-label=\"Kapcsolatfelv\u00e9teli \u0171rlap\" novalidate=\"novalidate\" data-status=\"init\">\n<fieldset class=\"hidden-fields-container\"><input type=\"hidden\" name=\"_wpcf7\" value=\"4059\" \/><input type=\"hidden\" name=\"_wpcf7_version\" value=\"6.1.4\" \/><input type=\"hidden\" name=\"_wpcf7_locale\" value=\"hu_HU\" \/><input type=\"hidden\" name=\"_wpcf7_unit_tag\" value=\"wpcf7-f4059-o1\" \/><input type=\"hidden\" name=\"_wpcf7_container_post\" value=\"0\" \/><input type=\"hidden\" name=\"_wpcf7_posted_data_hash\" value=\"\" \/><input type=\"hidden\" name=\"_wpcf7_recaptcha_response\" value=\"\" \/>\n<\/fieldset>\n<div class=\"contact-form-input-group\">\n\t<p><label> N\u00e9v*<br \/>\n<span class=\"wpcf7-form-control-wrap\" data-name=\"your-name\"><input size=\"40\" maxlength=\"400\" class=\"wpcf7-form-control wpcf7-text wpcf7-validates-as-required\" autocomplete=\"name\" aria-required=\"true\" aria-invalid=\"false\" value=\"\" type=\"text\" name=\"your-name\" \/><\/span> <\/label>\n\t<\/p>\n\t<p><label> E-mail*<br \/>\n<span class=\"wpcf7-form-control-wrap\" data-name=\"your-email\"><input size=\"40\" maxlength=\"400\" class=\"wpcf7-form-control wpcf7-email wpcf7-validates-as-required wpcf7-text wpcf7-validates-as-email\" autocomplete=\"email\" aria-required=\"true\" aria-invalid=\"false\" value=\"\" type=\"email\" name=\"your-email\" \/><\/span> <\/label>\n\t<\/p>\n\t<p><label> Telefonsz\u00e1m<br \/>\n<span class=\"wpcf7-form-control-wrap\" data-name=\"tel-572\"><input size=\"40\" maxlength=\"400\" class=\"wpcf7-form-control wpcf7-tel wpcf7-text wpcf7-validates-as-tel\" aria-invalid=\"false\" value=\"\" type=\"tel\" name=\"tel-572\" \/><\/span> <\/label>\n\t<\/p>\n<\/div>\n<div class=\"contact-form-message-input\">\n\t<p><label> \u00dczenet<br \/>\n<span class=\"wpcf7-form-control-wrap\" data-name=\"your-message\"><textarea cols=\"40\" rows=\"10\" maxlength=\"2000\" class=\"wpcf7-form-control wpcf7-textarea\" aria-invalid=\"false\" name=\"your-message\"><\/textarea><\/span> <\/label>\n\t<\/p>\n<\/div>\n<p><span>A csillaggal (*) jel\u00f6lt mez\u0151k kit\u00f6lt\u00e9se k\u00f6telez\u0151.<\/span>\n<\/p>\n<div class=\"acceptance-container\">\n\t<p><span class=\"wpcf7-form-control-wrap\" data-name=\"acceptance-881\"><span class=\"wpcf7-form-control wpcf7-acceptance\"><span class=\"wpcf7-list-item\"><label><input type=\"checkbox\" name=\"acceptance-881\" value=\"1\" aria-invalid=\"false\" \/><span class=\"wpcf7-list-item-label\">Hozz\u00e1j\u00e1rulok szem\u00e9lyes adataim <a href=\"\/hu\/adatkezelesi-tajekoztato\/\">Adatkezel\u00e9si t\u00e1j\u00e9koztat\u00f3<\/a> szerinti kezel\u00e9s\u00e9hez.<\/span><\/label><\/span><\/span><\/span>\n\t<\/p>\n<\/div>\n<div class=\"submit-container\">\n\t<p><input class=\"wpcf7-form-control wpcf7-submit has-spinner\" type=\"submit\" value=\"\u00dczenet elk\u00fcld\u00e9se\" \/>\n\t<\/p>\n<\/div><div class=\"wpcf7-response-output\" aria-hidden=\"true\"><\/div>\n<\/form>\n<\/div>\n\n\n\n\n<p><\/p>\n","protected":false},"excerpt":{"rendered":"<p>\u00cdrjon nek\u00fcnk \u00fczenetet J\u00f3 helyen j\u00e1r. T\u00f6ltse ki az al\u00e1bbi \u0171rlapot, \u00e9s csapatunk 24 \u00f3r\u00e1n bel\u00fcl v\u00e1laszol.<\/p>\n","protected":false},"author":1,"featured_media":0,"parent":0,"menu_order":0,"comment_status":"closed","ping_status":"closed","template":"template-parts\/page-contact.php","meta":{"_acf_changed":false,"footnotes":""},"class_list":["post-3654","page","type-page","status-publish","hentry"],"acf":[],"yoast_head":"<!-- This site is optimized with the Yoast SEO plugin v26.8 - https:\/\/yoast.com\/product\/yoast-seo-wordpress\/ -->\n<title>Kapcsolat | ComWin Europe - Budapest<\/title>\n<meta name=\"description\" content=\"\u00cdrj nek\u00fcnk \u00fczenetet, \u00e9s 24 \u00f3r\u00e1n bel\u00fcl v\u00e1laszolunk. Telefon, e-mail \u00e9s budapesti iroda - k\u00e9rj aj\u00e1nlatot beszerz\u00e9sre, logisztik\u00e1ra vagy egyedi gy\u00e1rt\u00e1sra.\" \/>\n<meta name=\"robots\" content=\"index, follow, max-snippet:-1, max-image-preview:large, max-video-preview:-1\" \/>\n<link rel=\"canonical\" href=\"https:\/\/comwin-europe.com\/hu\/kapcsolat\/\" \/>\n<meta property=\"og:locale\" content=\"hu_HU\" \/>\n<meta property=\"og:type\" content=\"article\" \/>\n<meta property=\"og:title\" content=\"Kapcsolat | ComWin Europe - Budapest\" \/>\n<meta property=\"og:description\" content=\"\u00cdrj nek\u00fcnk \u00fczenetet, \u00e9s 24 \u00f3r\u00e1n bel\u00fcl v\u00e1laszolunk. Telefon, e-mail \u00e9s budapesti iroda - k\u00e9rj aj\u00e1nlatot beszerz\u00e9sre, logisztik\u00e1ra vagy egyedi gy\u00e1rt\u00e1sra.\" \/>\n<meta property=\"og:url\" content=\"https:\/\/comwin-europe.com\/hu\/kapcsolat\/\" \/>\n<meta property=\"og:site_name\" content=\"Comwin Europe\" \/>\n<meta property=\"article:modified_time\" content=\"2026-01-15T09:25:54+00:00\" \/>\n<meta name=\"twitter:card\" content=\"summary_large_image\" \/>\n<meta name=\"twitter:label1\" content=\"Becs\u00fclt olvas\u00e1si id\u0151\" \/>\n\t<meta name=\"twitter:data1\" content=\"1 perc\" \/>\n<script type=\"application\/ld+json\" class=\"yoast-schema-graph\">{\"@context\":\"https:\/\/schema.org\",\"@graph\":[{\"@type\":\"WebPage\",\"@id\":\"https:\/\/comwin-europe.com\/hu\/kapcsolat\/\",\"url\":\"https:\/\/comwin-europe.com\/hu\/kapcsolat\/\",\"name\":\"Kapcsolat | ComWin Europe - Budapest\",\"isPartOf\":{\"@id\":\"https:\/\/comwin-europe.com\/hu\/#website\"},\"datePublished\":\"2025-06-05T09:46:47+00:00\",\"dateModified\":\"2026-01-15T09:25:54+00:00\",\"description\":\"\u00cdrj nek\u00fcnk \u00fczenetet, \u00e9s 24 \u00f3r\u00e1n bel\u00fcl v\u00e1laszolunk. Telefon, e-mail \u00e9s budapesti iroda - k\u00e9rj aj\u00e1nlatot beszerz\u00e9sre, logisztik\u00e1ra vagy egyedi gy\u00e1rt\u00e1sra.\",\"breadcrumb\":{\"@id\":\"https:\/\/comwin-europe.com\/hu\/kapcsolat\/#breadcrumb\"},\"inLanguage\":\"hu\",\"potentialAction\":[{\"@type\":\"ReadAction\",\"target\":[\"https:\/\/comwin-europe.com\/hu\/kapcsolat\/\"]}]},{\"@type\":\"BreadcrumbList\",\"@id\":\"https:\/\/comwin-europe.com\/hu\/kapcsolat\/#breadcrumb\",\"itemListElement\":[{\"@type\":\"ListItem\",\"position\":1,\"name\":\"Kezd\u0151lap\",\"item\":\"https:\/\/comwin-europe.com\/hu\/\"},{\"@type\":\"ListItem\",\"position\":2,\"name\":\"Kapcsolat\"}]},{\"@type\":\"WebSite\",\"@id\":\"https:\/\/comwin-europe.com\/hu\/#website\",\"url\":\"https:\/\/comwin-europe.com\/hu\/\",\"name\":\"Comwin-Europe\",\"description\":\"\",\"publisher\":{\"@id\":\"https:\/\/comwin-europe.com\/hu\/#organization\"},\"potentialAction\":[{\"@type\":\"SearchAction\",\"target\":{\"@type\":\"EntryPoint\",\"urlTemplate\":\"https:\/\/comwin-europe.com\/hu\/?s={search_term_string}\"},\"query-input\":{\"@type\":\"PropertyValueSpecification\",\"valueRequired\":true,\"valueName\":\"search_term_string\"}}],\"inLanguage\":\"hu\"},{\"@type\":\"Organization\",\"@id\":\"https:\/\/comwin-europe.com\/hu\/#organization\",\"name\":\"Comwin-Europe\",\"url\":\"https:\/\/comwin-europe.com\/hu\/\",\"logo\":{\"@type\":\"ImageObject\",\"inLanguage\":\"hu\",\"@id\":\"https:\/\/comwin-europe.com\/hu\/#\/schema\/logo\/image\/\",\"url\":\"https:\/\/comwin-europe.com\/wp-content\/uploads\/2025\/10\/LOGO.svg\",\"contentUrl\":\"https:\/\/comwin-europe.com\/wp-content\/uploads\/2025\/10\/LOGO.svg\",\"width\":230,\"height\":46,\"caption\":\"Comwin-Europe\"},\"image\":{\"@id\":\"https:\/\/comwin-europe.com\/hu\/#\/schema\/logo\/image\/\"}}]}<\/script>\n<!-- \/ Yoast SEO plugin. -->","yoast_head_json":{"title":"Kapcsolat | ComWin Europe - Budapest","description":"\u00cdrj nek\u00fcnk \u00fczenetet, \u00e9s 24 \u00f3r\u00e1n bel\u00fcl v\u00e1laszolunk. Telefon, e-mail \u00e9s budapesti iroda - k\u00e9rj aj\u00e1nlatot beszerz\u00e9sre, logisztik\u00e1ra vagy egyedi gy\u00e1rt\u00e1sra.","robots":{"index":"index","follow":"follow","max-snippet":"max-snippet:-1","max-image-preview":"max-image-preview:large","max-video-preview":"max-video-preview:-1"},"canonical":"https:\/\/comwin-europe.com\/hu\/kapcsolat\/","og_locale":"hu_HU","og_type":"article","og_title":"Kapcsolat | ComWin Europe - Budapest","og_description":"\u00cdrj nek\u00fcnk \u00fczenetet, \u00e9s 24 \u00f3r\u00e1n bel\u00fcl v\u00e1laszolunk. Telefon, e-mail \u00e9s budapesti iroda - k\u00e9rj aj\u00e1nlatot beszerz\u00e9sre, logisztik\u00e1ra vagy egyedi gy\u00e1rt\u00e1sra.","og_url":"https:\/\/comwin-europe.com\/hu\/kapcsolat\/","og_site_name":"Comwin Europe","article_modified_time":"2026-01-15T09:25:54+00:00","twitter_card":"summary_large_image","twitter_misc":{"Becs\u00fclt olvas\u00e1si id\u0151":"1 perc"},"schema":{"@context":"https:\/\/schema.org","@graph":[{"@type":"WebPage","@id":"https:\/\/comwin-europe.com\/hu\/kapcsolat\/","url":"https:\/\/comwin-europe.com\/hu\/kapcsolat\/","name":"Kapcsolat | ComWin Europe - Budapest","isPartOf":{"@id":"https:\/\/comwin-europe.com\/hu\/#website"},"datePublished":"2025-06-05T09:46:47+00:00","dateModified":"2026-01-15T09:25:54+00:00","description":"\u00cdrj nek\u00fcnk \u00fczenetet, \u00e9s 24 \u00f3r\u00e1n bel\u00fcl v\u00e1laszolunk. Telefon, e-mail \u00e9s budapesti iroda - k\u00e9rj aj\u00e1nlatot beszerz\u00e9sre, logisztik\u00e1ra vagy egyedi gy\u00e1rt\u00e1sra.","breadcrumb":{"@id":"https:\/\/comwin-europe.com\/hu\/kapcsolat\/#breadcrumb"},"inLanguage":"hu","potentialAction":[{"@type":"ReadAction","target":["https:\/\/comwin-europe.com\/hu\/kapcsolat\/"]}]},{"@type":"BreadcrumbList","@id":"https:\/\/comwin-europe.com\/hu\/kapcsolat\/#breadcrumb","itemListElement":[{"@type":"ListItem","position":1,"name":"Kezd\u0151lap","item":"https:\/\/comwin-europe.com\/hu\/"},{"@type":"ListItem","position":2,"name":"Kapcsolat"}]},{"@type":"WebSite","@id":"https:\/\/comwin-europe.com\/hu\/#website","url":"https:\/\/comwin-europe.com\/hu\/","name":"Comwin-Europe","description":"","publisher":{"@id":"https:\/\/comwin-europe.com\/hu\/#organization"},"potentialAction":[{"@type":"SearchAction","target":{"@type":"EntryPoint","urlTemplate":"https:\/\/comwin-europe.com\/hu\/?s={search_term_string}"},"query-input":{"@type":"PropertyValueSpecification","valueRequired":true,"valueName":"search_term_string"}}],"inLanguage":"hu"},{"@type":"Organization","@id":"https:\/\/comwin-europe.com\/hu\/#organization","name":"Comwin-Europe","url":"https:\/\/comwin-europe.com\/hu\/","logo":{"@type":"ImageObject","inLanguage":"hu","@id":"https:\/\/comwin-europe.com\/hu\/#\/schema\/logo\/image\/","url":"https:\/\/comwin-europe.com\/wp-content\/uploads\/2025\/10\/LOGO.svg","contentUrl":"https:\/\/comwin-europe.com\/wp-content\/uploads\/2025\/10\/LOGO.svg","width":230,"height":46,"caption":"Comwin-Europe"},"image":{"@id":"https:\/\/comwin-europe.com\/hu\/#\/schema\/logo\/image\/"}}]}},"_links":{"self":[{"href":"https:\/\/comwin-europe.com\/hu\/wp-json\/wp\/v2\/pages\/3654","targetHints":{"allow":["GET"]}}],"collection":[{"href":"https:\/\/comwin-europe.com\/hu\/wp-json\/wp\/v2\/pages"}],"about":[{"href":"https:\/\/comwin-europe.com\/hu\/wp-json\/wp\/v2\/types\/page"}],"author":[{"embeddable":true,"href":"https:\/\/comwin-europe.com\/hu\/wp-json\/wp\/v2\/users\/1"}],"replies":[{"embeddable":true,"href":"https:\/\/comwin-europe.com\/hu\/wp-json\/wp\/v2\/comments?post=3654"}],"version-history":[{"count":4,"href":"https:\/\/comwin-europe.com\/hu\/wp-json\/wp\/v2\/pages\/3654\/revisions"}],"predecessor-version":[{"id":7276,"href":"https:\/\/comwin-europe.com\/hu\/wp-json\/wp\/v2\/pages\/3654\/revisions\/7276"}],"wp:attachment":[{"href":"https:\/\/comwin-europe.com\/hu\/wp-json\/wp\/v2\/media?parent=3654"}],"curies":[{"name":"wp","href":"https:\/\/api.w.org\/{rel}","templated":true}]}}