{"id":3666,"date":"2025-10-01T08:41:08","date_gmt":"2025-10-01T08:41:08","guid":{"rendered":"http:\/\/comwin.local\/privacy-policy\/"},"modified":"2026-01-21T10:30:24","modified_gmt":"2026-01-21T10:30:24","slug":"adatkezelesi-tajekoztato","status":"publish","type":"page","link":"https:\/\/comwin-europe.com\/hu\/adatkezelesi-tajekoztato\/","title":{"rendered":"Adatkezel\u00e9si t\u00e1j\u00e9koztat\u00f3"},"content":{"rendered":"\n<h3 class=\"wp-block-heading\"><strong>1. Bevezet\u00e9s<\/strong><\/h3>\n\n\n\n<p>A COMWIN EUROPE KFT. (\u201eT\u00e1rsas\u00e1g\u201d, \u201emi\u201d, \u201eminket\u201d vagy \u201emi\u00e9nk\u201d) elk\u00f6telezett az \u00d6n mag\u00e1n\u00e9let\u00e9nek v\u00e9delme \u00e9s tiszteletben tart\u00e1sa mellett.<br>Jelen Adatv\u00e9delmi T\u00e1j\u00e9koztat\u00f3 ismerteti, hogy mik\u00e9nt gy\u0171jtj\u00fck, haszn\u00e1ljuk, t\u00e1roljuk \u00e9s v\u00e9dj\u00fck a szem\u00e9lyes adatokat, amikor \u00d6n megl\u00e1togatja a https:\/\/comwin-europe.com weboldalt (\u201eWeboldal\u201d), vagy kapcsolatba l\u00e9p vel\u00fcnk.<br>A szem\u00e9lyes adatok kezel\u00e9se az al\u00e1bbi jogszab\u00e1lyokkal \u00f6sszhangban t\u00f6rt\u00e9nik:<br>\u2022 az Eur\u00f3pai Parlament \u00e9s a Tan\u00e1cs (EU) 2016\/679 rendelete (\u00c1ltal\u00e1nos Adatv\u00e9delmi Rendelet \u2013 \u201eGDPR\u201d)<br>\u2022 az alkalmazand\u00f3 magyar adatv\u00e9delmi jogszab\u00e1lyok<br>A Weboldal haszn\u00e1lat\u00e1val \u00d6n kijelenti, hogy jelen Adatv\u00e9delmi T\u00e1j\u00e9koztat\u00f3t elolvasta \u00e9s meg\u00e9rtette.<\/p>\n\n\n\n<h3 class=\"wp-block-heading\"><strong>2. Adatkezel\u0151<\/strong><\/h3>\n\n\n\n<p>A szem\u00e9lyes adatok kezel\u00e9s\u00e9\u00e9rt felel\u0151s adatkezel\u0151:<br><strong>C\u00e9gn\u00e9v:<\/strong> COMWIN EUROPE KFT.<br><strong>Sz\u00e9khely:<\/strong> 1054 Budapest, K\u00e1lm\u00e1n Imre utca 1., Magyarorsz\u00e1g<br><strong>E-mail:<\/strong> office@comwin-europe.com<br><strong>Telefon:<\/strong> +36 70 7388288<br><br>Kapcsolattart\u00f3 szem\u00e9ly \/ adatv\u00e9delmi tisztvisel\u0151 (amennyiben kijel\u00f6l\u00e9sre ker\u00fclt):<br>N\u00e9v: Cui Fangliang<br>E-mail: fc@comwin-europe.com<\/p>\n\n\n\n<h3 class=\"wp-block-heading\"><strong>3. Kezelt szem\u00e9lyes adatok k\u00f6re<\/strong><\/h3>\n\n\n\n<p>A T\u00e1rsas\u00e1g az al\u00e1bbi szem\u00e9lyes adatkateg\u00f3ri\u00e1kat kezelheti:<\/p>\n\n\n\n<h4 class=\"wp-block-heading\"><strong>3.1 \u00d6n \u00e1ltal \u00f6nk\u00e9ntesen megadott adatok<\/strong><\/h4>\n\n\n\n<ul class=\"wp-block-list\">\n<li>teljes n\u00e9v<\/li>\n\n\n\n<li>c\u00e9gn\u00e9v<\/li>\n\n\n\n<li>e-mail c\u00edm<\/li>\n\n\n\n<li>telefonsz\u00e1m<\/li>\n\n\n\n<li>kapcsolatfelv\u00e9teli \u0171rlapon, e-mailben vagy egy\u00e9b kommunik\u00e1ci\u00f3 sor\u00e1n megadott b\u00e1rmely inform\u00e1ci\u00f3<\/li>\n<\/ul>\n\n\n\n<h4 class=\"wp-block-heading\"><strong>3.2 Automatikusan gy\u0171jt\u00f6tt adatok<\/strong><\/h4>\n\n\n\n<p>A Weboldal megl\u00e1togat\u00e1sa sor\u00e1n automatikusan gy\u0171jthetj\u00fck az al\u00e1bbi adatokat:<\/p>\n\n\n\n<ul class=\"wp-block-list\">\n<li>IP-c\u00edm<\/li>\n\n\n\n<li>b\u00f6ng\u00e9sz\u0151 t\u00edpusa \u00e9s verzi\u00f3ja<\/li>\n\n\n\n<li>eszk\u00f6zadatok<\/li>\n\n\n\n<li>oper\u00e1ci\u00f3s rendszer<\/li>\n\n\n\n<li>hivatkoz\u00f3 URL-ek<\/li>\n\n\n\n<li>megl\u00e1togatott oldalak \u00e9s az ott elt\u00f6lt\u00f6tt id\u0151<\/li>\n<\/ul>\n\n\n\n<h4 class=\"wp-block-heading\"><strong>3.3 Cookie-k \u00e9s hasonl\u00f3 technol\u00f3gi\u00e1k<\/strong><\/h4>\n\n\n\n<p>A Weboldal megfelel\u0151 m\u0171k\u00f6d\u00e9s\u00e9nek biztos\u00edt\u00e1sa, a forgalom elemz\u00e9se \u00e9s a felhaszn\u00e1l\u00f3i \u00e9lm\u00e9ny jav\u00edt\u00e1sa \u00e9rdek\u00e9ben cookie-kat \u00e9s hasonl\u00f3 technol\u00f3gi\u00e1kat alkalmazunk. A r\u00e9szleteket a 7. pont tartalmazza.<\/p>\n\n\n\n<h3 class=\"wp-block-heading\"><strong>4. Az adatkezel\u00e9s c\u00e9lja<\/strong><\/h3>\n\n\n\n<p>A szem\u00e9lyes adatok kezel\u00e9se az al\u00e1bbi c\u00e9lokb\u00f3l t\u00f6rt\u00e9nik:<\/p>\n\n\n\n<ul class=\"wp-block-list\">\n<li>megkeres\u00e9sek \u00e9s \u00fczleti kommunik\u00e1ci\u00f3 kezel\u00e9se<\/li>\n\n\n\n<li>term\u00e9keinkr\u0151l \u00e9s szolg\u00e1ltat\u00e1sainkr\u00f3l sz\u00f3l\u00f3 t\u00e1j\u00e9koztat\u00e1s ny\u00fajt\u00e1sa<\/li>\n\n\n\n<li>a Weboldal m\u0171k\u00f6dtet\u00e9se, karbantart\u00e1sa \u00e9s fejleszt\u00e9se<\/li>\n\n\n\n<li>weboldal-analitika \u00e9s teljes\u00edtm\u00e9nymonitoroz\u00e1s<\/li>\n\n\n\n<li>biztons\u00e1g biztos\u00edt\u00e1sa \u00e9s csal\u00e1s megel\u0151z\u00e9se<\/li>\n\n\n\n<li>jogszab\u00e1lyi \u00e9s hat\u00f3s\u00e1gi k\u00f6telezetts\u00e9gek teljes\u00edt\u00e9se<\/li>\n<\/ul>\n\n\n\n<h3 class=\"wp-block-heading\"><strong>5. Az adatkezel\u00e9s jogalapja<\/strong><\/h3>\n\n\n\n<p>A szem\u00e9lyes adatok kezel\u00e9se a GDPR 6. cikke alapj\u00e1n az al\u00e1bbi jogalapokon t\u00f6rt\u00e9nik:<\/p>\n\n\n\n<ul class=\"wp-block-list\">\n<li>hozz\u00e1j\u00e1rul\u00e1s \u2013 amennyiben \u00d6n kifejezett hozz\u00e1j\u00e1rul\u00e1s\u00e1t adta (pl. nem sz\u00fcks\u00e9ges cookie-k)<\/li>\n\n\n\n<li>szerz\u0151d\u00e9s teljes\u00edt\u00e9se \u2013 megkeres\u00e9sek vagy \u00fczleti ig\u00e9nyek kezel\u00e9se \u00e9rdek\u00e9ben<\/li>\n\n\n\n<li>jogos \u00e9rdek \u2013 a Weboldal m\u0171k\u00f6d\u00e9s\u00e9nek, kommunik\u00e1ci\u00f3j\u00e1nak \u00e9s biztons\u00e1g\u00e1nak jav\u00edt\u00e1sa \u00e9rdek\u00e9ben<\/li>\n\n\n\n<li>jogi k\u00f6telezetts\u00e9g \u2013 jogszab\u00e1ly \u00e1ltal el\u0151\u00edrt adatkezel\u00e9s eset\u00e9n<\/li>\n<\/ul>\n\n\n\n<h3 class=\"wp-block-heading\"><strong>6. Adattov\u00e1bb\u00edt\u00e1s \u00e9s c\u00edmzettek<\/strong><\/h3>\n\n\n\n<p>A T\u00e1rsas\u00e1g nem \u00e9rt\u00e9kes\u00edt szem\u00e9lyes adatokat.<br>A szem\u00e9lyes adatokat kiz\u00e1r\u00f3lag az al\u00e1bbi c\u00edmzettek r\u00e9sz\u00e9re tov\u00e1bb\u00edthatjuk:<\/p>\n\n\n\n<ul class=\"wp-block-list\">\n<li>IT- \u00e9s t\u00e1rhelyszolg\u00e1ltat\u00f3k<\/li>\n\n\n\n<li>analitikai \u00e9s biztons\u00e1gi szolg\u00e1ltat\u00f3k<\/li>\n\n\n\n<li>szakmai tan\u00e1csad\u00f3k (jogi, sz\u00e1mviteli)<\/li>\n\n\n\n<li>hat\u00f3s\u00e1gok jogszab\u00e1lyi k\u00f6telezetts\u00e9g eset\u00e9n<\/li>\n<\/ul>\n\n\n\n<p>Minden harmadik f\u00e9l kiz\u00e1r\u00f3lag a T\u00e1rsas\u00e1g utas\u00edt\u00e1sai alapj\u00e1n j\u00e1r el, \u00e9s adatv\u00e9delmi k\u00f6telezetts\u00e9gek terhelik.<\/p>\n\n\n\n<h3 class=\"wp-block-heading\"><strong>7. Cookie-k \u00e9s harmadik f\u00e9l szolg\u00e1ltat\u00e1sai<\/strong><\/h3>\n\n\n\n<h4 class=\"wp-block-heading\"><strong>7.1 Cookie-k<\/strong><\/h4>\n\n\n\n<p>A Weboldal az al\u00e1bbi cookie-kat haszn\u00e1lja:<\/p>\n\n\n\n<ul class=\"wp-block-list\">\n<li>Felt\u00e9tlen\u00fcl sz\u00fcks\u00e9ges cookie-k<\/li>\n\n\n\n<li>analitikai cookie-k<\/li>\n\n\n\n<li>funkcion\u00e1lis cookie-k<\/li>\n<\/ul>\n\n\n\n<p>A nem felt\u00e9tlen\u00fcl sz\u00fcks\u00e9ges cookie-k kiz\u00e1r\u00f3lag az \u00d6n hozz\u00e1j\u00e1rul\u00e1s\u00e1val ker\u00fclnek alkalmaz\u00e1sra.<br>A hozz\u00e1j\u00e1rul\u00e1s b\u00e1rmikor visszavonhat\u00f3.<\/p>\n\n\n\n<script type=\"text\/javascript\" charset=\"UTF-8\"  data-cookiescriptreport=\"report\" src=\"\/\/report.cookie-script.com\/r\/7ddf72c73389700e68955fd8ddee11ba.js\"><\/script>\n\n\n\n<p><\/p>\n\n\n\n<h4 class=\"wp-block-heading\"><strong>7.2 Harmadik f\u00e9l szolg\u00e1ltat\u00e1sai<\/strong><\/h4>\n\n\n\n<p>A T\u00e1rsas\u00e1g harmadik f\u00e9l szolg\u00e1ltat\u00e1sait veheti ig\u00e9nybe, k\u00fcl\u00f6n\u00f6sen:<\/p>\n\n\n\n<ul class=\"wp-block-list\">\n<li>weboldal-analitikai eszk\u00f6z\u00f6k<\/li>\n\n\n\n<li>t\u00e1rhely- \u00e9s biztons\u00e1gi szolg\u00e1ltat\u00e1sok<\/li>\n<\/ul>\n\n\n\n<p>E szolg\u00e1ltat\u00f3k kiz\u00e1r\u00f3lag korl\u00e1tozott technikai adatokat kezelnek a GDPR-nak megfelel\u0151en.<\/p>\n\n\n\n<h3 class=\"wp-block-heading\"><strong>8. Nemzetk\u00f6zi adattov\u00e1bb\u00edt\u00e1s<\/strong><\/h3>\n\n\n\n<p>Az EU\/EGT ter\u00fclet\u00e9n k\u00edv\u00fclre t\u00f6rt\u00e9n\u0151 adattov\u00e1bb\u00edt\u00e1s eset\u00e9n a T\u00e1rsas\u00e1g megfelel\u0151 garanci\u00e1kat alkalmaz, k\u00fcl\u00f6n\u00f6sen:<\/p>\n\n\n\n<ul class=\"wp-block-list\">\n<li>az Eur\u00f3pai Bizotts\u00e1g \u00e1ltal j\u00f3v\u00e1hagyott \u00e1ltal\u00e1nos szerz\u0151d\u00e9si felt\u00e9teleket<\/li>\n\n\n\n<li>megfelel\u0151 v\u00e9delmi szintet biztos\u00edt\u00f3 orsz\u00e1gokba t\u00f6rt\u00e9n\u0151 tov\u00e1bb\u00edt\u00e1st<\/li>\n<\/ul>\n\n\n\n<h3 class=\"wp-block-heading\"><strong>9. Adatmeg\u0151rz\u00e9si id\u0151<\/strong><\/h3>\n\n\n\n<p>A szem\u00e9lyes adatokat kiz\u00e1r\u00f3lag a sz\u00fcks\u00e9ges ideig kezelj\u00fck.<br>Tipikus meg\u0151rz\u00e9si id\u0151k:<\/p>\n\n\n\n<ul class=\"wp-block-list\">\n<li>kapcsolatfelv\u00e9teli megkeres\u00e9sek: legfeljebb 3 \u00e9v<\/li>\n\n\n\n<li>jogi \u00e9s sz\u00e1mviteli dokumentumok: jogszab\u00e1lyban el\u0151\u00edrt ideig<\/li>\n<\/ul>\n\n\n\n<h3 class=\"wp-block-heading\"><strong>10. Adatbiztons\u00e1g<\/strong><\/h3>\n\n\n\n<p>A T\u00e1rsas\u00e1g megfelel\u0151 technikai \u00e9s szervez\u00e9si int\u00e9zked\u00e9seket alkalmaz a szem\u00e9lyes adatok v\u00e9delme \u00e9rdek\u00e9ben.<\/p>\n\n\n\n<h3 class=\"wp-block-heading\"><strong>11. Az \u00e9rintettek jogai<\/strong><\/h3>\n\n\n\n<p>\u00d6nt az al\u00e1bbi jogok illetik meg:<\/p>\n\n\n\n<ul class=\"wp-block-list\">\n<li>hozz\u00e1f\u00e9r\u00e9s joga<\/li>\n\n\n\n<li>helyesb\u00edt\u00e9s joga<\/li>\n\n\n\n<li>t\u00f6rl\u00e9s joga<\/li>\n\n\n\n<li>adatkezel\u00e9s korl\u00e1toz\u00e1s\u00e1nak joga<\/li>\n\n\n\n<li>tiltakoz\u00e1s joga<\/li>\n\n\n\n<li>adathordozhat\u00f3s\u00e1ghoz val\u00f3 jog<\/li>\n\n\n\n<li>hozz\u00e1j\u00e1rul\u00e1s visszavon\u00e1s\u00e1nak joga<\/li>\n\n\n\n<li>Jogai gyakorl\u00e1sa \u00e9rdek\u00e9ben k\u00e9rj\u00fck, vegye fel vel\u00fcnk a kapcsolatot az al\u00e1bbi c\u00edmen:<\/li>\n\n\n\n<li>office@comwin-europe.com<\/li>\n<\/ul>\n\n\n\n<h3 class=\"wp-block-heading\"><strong>12. Panaszt\u00e9tel joga<\/strong><\/h3>\n\n\n\n<p>\u00d6n jogosult panaszt beny\u00fajtani az illet\u00e9kes fel\u00fcgyeleti hat\u00f3s\u00e1ghoz:<br><strong>Nemzeti Adatv\u00e9delmi \u00e9s Inform\u00e1ci\u00f3szabads\u00e1g Hat\u00f3s\u00e1g (NAIH)<\/strong><\/p>\n\n\n\n<h3 class=\"wp-block-heading\"><strong>13. Az Adatv\u00e9delmi T\u00e1j\u00e9koztat\u00f3 m\u00f3dos\u00edt\u00e1sa<\/strong><\/h3>\n\n\n\n<p>A T\u00e1rsas\u00e1g fenntartja a jogot jelen Adatv\u00e9delmi T\u00e1j\u00e9koztat\u00f3 m\u00f3dos\u00edt\u00e1s\u00e1ra.<br>Az aktu\u00e1lis verzi\u00f3 a Weboldalon ker\u00fcl k\u00f6zz\u00e9t\u00e9telre.<\/p>\n\n\n\n<h3 class=\"wp-block-heading\"><strong>14. Kapcsolat<\/strong><\/h3>\n\n\n\n<p><strong>COMWIN EUROPE KFT.<\/strong><br>1054 Budapest, K\u00e1lm\u00e1n Imre utca 1., Magyarorsz\u00e1g<br>E-mail: office@comwin-europe.com<br>Telefon: +36 70 7388288<br><br><\/p>\n","protected":false},"excerpt":{"rendered":"<p>1. Bevezet\u00e9s A COMWIN EUROPE KFT. (\u201eT\u00e1rsas\u00e1g\u201d, \u201emi\u201d, \u201eminket\u201d vagy \u201emi\u00e9nk\u201d) elk\u00f6telezett az \u00d6n mag\u00e1n\u00e9let\u00e9nek v\u00e9delme \u00e9s tiszteletben tart\u00e1sa mellett.Jelen Adatv\u00e9delmi T\u00e1j\u00e9koztat\u00f3 ismerteti, hogy mik\u00e9nt gy\u0171jtj\u00fck, haszn\u00e1ljuk, t\u00e1roljuk \u00e9s v\u00e9dj\u00fck a szem\u00e9lyes adatokat, amikor \u00d6n megl\u00e1togatja a https:\/\/comwin-europe.com weboldalt (\u201eWeboldal\u201d), vagy kapcsolatba l\u00e9p vel\u00fcnk.A szem\u00e9lyes adatok kezel\u00e9se az al\u00e1bbi jogszab\u00e1lyokkal \u00f6sszhangban t\u00f6rt\u00e9nik:\u2022 az Eur\u00f3pai Parlament [&hellip;]<\/p>\n","protected":false},"author":1,"featured_media":0,"parent":0,"menu_order":0,"comment_status":"closed","ping_status":"closed","template":"template-parts\/page-default.php","meta":{"_acf_changed":false,"footnotes":""},"class_list":["post-3666","page","type-page","status-publish","hentry"],"acf":[],"yoast_head":"<!-- This site is optimized with the Yoast SEO plugin v26.8 - https:\/\/yoast.com\/product\/yoast-seo-wordpress\/ -->\n<title>Adatkezel\u00e9si t\u00e1j\u00e9koztat\u00f3 | ComWin Europe<\/title>\n<meta name=\"description\" content=\"Ismerd meg, milyen szem\u00e9lyes adatokat kezel\u00fcnk a weboldal haszn\u00e1lata \u00e9s kapcsolatfelv\u00e9tel sor\u00e1n, hogyan v\u00e9dekez\u00fcnk, \u00e9s milyen jogaid vannak.\" \/>\n<meta name=\"robots\" content=\"index, follow, max-snippet:-1, max-image-preview:large, max-video-preview:-1\" \/>\n<link rel=\"canonical\" href=\"https:\/\/comwin-europe.com\/hu\/adatkezelesi-tajekoztato\/\" \/>\n<meta property=\"og:locale\" content=\"hu_HU\" \/>\n<meta property=\"og:type\" content=\"article\" \/>\n<meta property=\"og:title\" content=\"Adatkezel\u00e9si t\u00e1j\u00e9koztat\u00f3 | ComWin Europe\" \/>\n<meta property=\"og:description\" content=\"Ismerd meg, milyen szem\u00e9lyes adatokat kezel\u00fcnk a weboldal haszn\u00e1lata \u00e9s kapcsolatfelv\u00e9tel sor\u00e1n, hogyan v\u00e9dekez\u00fcnk, \u00e9s milyen jogaid vannak.\" \/>\n<meta property=\"og:url\" content=\"https:\/\/comwin-europe.com\/hu\/adatkezelesi-tajekoztato\/\" \/>\n<meta property=\"og:site_name\" content=\"Comwin Europe\" \/>\n<meta property=\"article:modified_time\" content=\"2026-01-21T10:30:24+00:00\" \/>\n<meta name=\"twitter:card\" content=\"summary_large_image\" \/>\n<meta name=\"twitter:label1\" content=\"Becs\u00fclt olvas\u00e1si id\u0151\" \/>\n\t<meta name=\"twitter:data1\" content=\"3 perc\" \/>\n<script type=\"application\/ld+json\" class=\"yoast-schema-graph\">{\"@context\":\"https:\/\/schema.org\",\"@graph\":[{\"@type\":\"WebPage\",\"@id\":\"https:\/\/comwin-europe.com\/hu\/adatkezelesi-tajekoztato\/\",\"url\":\"https:\/\/comwin-europe.com\/hu\/adatkezelesi-tajekoztato\/\",\"name\":\"Adatkezel\u00e9si t\u00e1j\u00e9koztat\u00f3 | ComWin Europe\",\"isPartOf\":{\"@id\":\"https:\/\/comwin-europe.com\/hu\/#website\"},\"datePublished\":\"2025-10-01T08:41:08+00:00\",\"dateModified\":\"2026-01-21T10:30:24+00:00\",\"description\":\"Ismerd meg, milyen szem\u00e9lyes adatokat kezel\u00fcnk a weboldal haszn\u00e1lata \u00e9s kapcsolatfelv\u00e9tel sor\u00e1n, hogyan v\u00e9dekez\u00fcnk, \u00e9s milyen jogaid vannak.\",\"breadcrumb\":{\"@id\":\"https:\/\/comwin-europe.com\/hu\/adatkezelesi-tajekoztato\/#breadcrumb\"},\"inLanguage\":\"hu\",\"potentialAction\":[{\"@type\":\"ReadAction\",\"target\":[\"https:\/\/comwin-europe.com\/hu\/adatkezelesi-tajekoztato\/\"]}]},{\"@type\":\"BreadcrumbList\",\"@id\":\"https:\/\/comwin-europe.com\/hu\/adatkezelesi-tajekoztato\/#breadcrumb\",\"itemListElement\":[{\"@type\":\"ListItem\",\"position\":1,\"name\":\"Kezd\u0151lap\",\"item\":\"https:\/\/comwin-europe.com\/hu\/\"},{\"@type\":\"ListItem\",\"position\":2,\"name\":\"Adatkezel\u00e9si t\u00e1j\u00e9koztat\u00f3\"}]},{\"@type\":\"WebSite\",\"@id\":\"https:\/\/comwin-europe.com\/hu\/#website\",\"url\":\"https:\/\/comwin-europe.com\/hu\/\",\"name\":\"Comwin-Europe\",\"description\":\"\",\"publisher\":{\"@id\":\"https:\/\/comwin-europe.com\/hu\/#organization\"},\"potentialAction\":[{\"@type\":\"SearchAction\",\"target\":{\"@type\":\"EntryPoint\",\"urlTemplate\":\"https:\/\/comwin-europe.com\/hu\/?s={search_term_string}\"},\"query-input\":{\"@type\":\"PropertyValueSpecification\",\"valueRequired\":true,\"valueName\":\"search_term_string\"}}],\"inLanguage\":\"hu\"},{\"@type\":\"Organization\",\"@id\":\"https:\/\/comwin-europe.com\/hu\/#organization\",\"name\":\"Comwin-Europe\",\"url\":\"https:\/\/comwin-europe.com\/hu\/\",\"logo\":{\"@type\":\"ImageObject\",\"inLanguage\":\"hu\",\"@id\":\"https:\/\/comwin-europe.com\/hu\/#\/schema\/logo\/image\/\",\"url\":\"https:\/\/comwin-europe.com\/wp-content\/uploads\/2025\/10\/LOGO.svg\",\"contentUrl\":\"https:\/\/comwin-europe.com\/wp-content\/uploads\/2025\/10\/LOGO.svg\",\"width\":230,\"height\":46,\"caption\":\"Comwin-Europe\"},\"image\":{\"@id\":\"https:\/\/comwin-europe.com\/hu\/#\/schema\/logo\/image\/\"}}]}<\/script>\n<!-- \/ Yoast SEO plugin. -->","yoast_head_json":{"title":"Adatkezel\u00e9si t\u00e1j\u00e9koztat\u00f3 | ComWin Europe","description":"Ismerd meg, milyen szem\u00e9lyes adatokat kezel\u00fcnk a weboldal haszn\u00e1lata \u00e9s kapcsolatfelv\u00e9tel sor\u00e1n, hogyan v\u00e9dekez\u00fcnk, \u00e9s milyen jogaid vannak.","robots":{"index":"index","follow":"follow","max-snippet":"max-snippet:-1","max-image-preview":"max-image-preview:large","max-video-preview":"max-video-preview:-1"},"canonical":"https:\/\/comwin-europe.com\/hu\/adatkezelesi-tajekoztato\/","og_locale":"hu_HU","og_type":"article","og_title":"Adatkezel\u00e9si t\u00e1j\u00e9koztat\u00f3 | ComWin Europe","og_description":"Ismerd meg, milyen szem\u00e9lyes adatokat kezel\u00fcnk a weboldal haszn\u00e1lata \u00e9s kapcsolatfelv\u00e9tel sor\u00e1n, hogyan v\u00e9dekez\u00fcnk, \u00e9s milyen jogaid vannak.","og_url":"https:\/\/comwin-europe.com\/hu\/adatkezelesi-tajekoztato\/","og_site_name":"Comwin Europe","article_modified_time":"2026-01-21T10:30:24+00:00","twitter_card":"summary_large_image","twitter_misc":{"Becs\u00fclt olvas\u00e1si id\u0151":"3 perc"},"schema":{"@context":"https:\/\/schema.org","@graph":[{"@type":"WebPage","@id":"https:\/\/comwin-europe.com\/hu\/adatkezelesi-tajekoztato\/","url":"https:\/\/comwin-europe.com\/hu\/adatkezelesi-tajekoztato\/","name":"Adatkezel\u00e9si t\u00e1j\u00e9koztat\u00f3 | ComWin Europe","isPartOf":{"@id":"https:\/\/comwin-europe.com\/hu\/#website"},"datePublished":"2025-10-01T08:41:08+00:00","dateModified":"2026-01-21T10:30:24+00:00","description":"Ismerd meg, milyen szem\u00e9lyes adatokat kezel\u00fcnk a weboldal haszn\u00e1lata \u00e9s kapcsolatfelv\u00e9tel sor\u00e1n, hogyan v\u00e9dekez\u00fcnk, \u00e9s milyen jogaid vannak.","breadcrumb":{"@id":"https:\/\/comwin-europe.com\/hu\/adatkezelesi-tajekoztato\/#breadcrumb"},"inLanguage":"hu","potentialAction":[{"@type":"ReadAction","target":["https:\/\/comwin-europe.com\/hu\/adatkezelesi-tajekoztato\/"]}]},{"@type":"BreadcrumbList","@id":"https:\/\/comwin-europe.com\/hu\/adatkezelesi-tajekoztato\/#breadcrumb","itemListElement":[{"@type":"ListItem","position":1,"name":"Kezd\u0151lap","item":"https:\/\/comwin-europe.com\/hu\/"},{"@type":"ListItem","position":2,"name":"Adatkezel\u00e9si t\u00e1j\u00e9koztat\u00f3"}]},{"@type":"WebSite","@id":"https:\/\/comwin-europe.com\/hu\/#website","url":"https:\/\/comwin-europe.com\/hu\/","name":"Comwin-Europe","description":"","publisher":{"@id":"https:\/\/comwin-europe.com\/hu\/#organization"},"potentialAction":[{"@type":"SearchAction","target":{"@type":"EntryPoint","urlTemplate":"https:\/\/comwin-europe.com\/hu\/?s={search_term_string}"},"query-input":{"@type":"PropertyValueSpecification","valueRequired":true,"valueName":"search_term_string"}}],"inLanguage":"hu"},{"@type":"Organization","@id":"https:\/\/comwin-europe.com\/hu\/#organization","name":"Comwin-Europe","url":"https:\/\/comwin-europe.com\/hu\/","logo":{"@type":"ImageObject","inLanguage":"hu","@id":"https:\/\/comwin-europe.com\/hu\/#\/schema\/logo\/image\/","url":"https:\/\/comwin-europe.com\/wp-content\/uploads\/2025\/10\/LOGO.svg","contentUrl":"https:\/\/comwin-europe.com\/wp-content\/uploads\/2025\/10\/LOGO.svg","width":230,"height":46,"caption":"Comwin-Europe"},"image":{"@id":"https:\/\/comwin-europe.com\/hu\/#\/schema\/logo\/image\/"}}]}},"_links":{"self":[{"href":"https:\/\/comwin-europe.com\/hu\/wp-json\/wp\/v2\/pages\/3666","targetHints":{"allow":["GET"]}}],"collection":[{"href":"https:\/\/comwin-europe.com\/hu\/wp-json\/wp\/v2\/pages"}],"about":[{"href":"https:\/\/comwin-europe.com\/hu\/wp-json\/wp\/v2\/types\/page"}],"author":[{"embeddable":true,"href":"https:\/\/comwin-europe.com\/hu\/wp-json\/wp\/v2\/users\/1"}],"replies":[{"embeddable":true,"href":"https:\/\/comwin-europe.com\/hu\/wp-json\/wp\/v2\/comments?post=3666"}],"version-history":[{"count":7,"href":"https:\/\/comwin-europe.com\/hu\/wp-json\/wp\/v2\/pages\/3666\/revisions"}],"predecessor-version":[{"id":7298,"href":"https:\/\/comwin-europe.com\/hu\/wp-json\/wp\/v2\/pages\/3666\/revisions\/7298"}],"wp:attachment":[{"href":"https:\/\/comwin-europe.com\/hu\/wp-json\/wp\/v2\/media?parent=3666"}],"curies":[{"name":"wp","href":"https:\/\/api.w.org\/{rel}","templated":true}]}}