{"id":3668,"date":"2025-06-05T09:46:18","date_gmt":"2025-06-05T09:46:18","guid":{"rendered":"http:\/\/comwin.local\/services\/"},"modified":"2026-01-15T09:13:46","modified_gmt":"2026-01-15T09:13:46","slug":"szolgaltatasok","status":"publish","type":"page","link":"https:\/\/comwin-europe.com\/hu\/szolgaltatasok\/","title":{"rendered":"Szolg\u00e1ltat\u00e1sok"},"content":{"rendered":"","protected":false},"excerpt":{"rendered":"","protected":false},"author":1,"featured_media":0,"parent":0,"menu_order":0,"comment_status":"closed","ping_status":"closed","template":"template-parts\/page-services.php","meta":{"_acf_changed":false,"footnotes":""},"class_list":["post-3668","page","type-page","status-publish","hentry"],"acf":[],"yoast_head":"<!-- This site is optimized with the Yoast SEO plugin v26.8 - https:\/\/yoast.com\/product\/yoast-seo-wordpress\/ -->\n<title>Szolg\u00e1ltat\u00e1sok | Beszerz\u00e9s, gy\u00e1rt\u00e1s, logisztika, after-sales<\/title>\n<meta name=\"description\" content=\"4 f\u0151 ter\u00fclet: integr\u00e1lt K+F \u00e9s egyedi gy\u00e1rt\u00e1s, beszerz\u00e9s \u00e9s ell\u00e1t\u00e1smenedzsment, logisztika \u00e9s rakt\u00e1r, valamint rendel\u00e9skezel\u00e9s \u00e9s after-sales t\u00e1mogat\u00e1s.\" \/>\n<meta name=\"robots\" content=\"index, follow, max-snippet:-1, max-image-preview:large, max-video-preview:-1\" \/>\n<link rel=\"canonical\" href=\"https:\/\/comwin-europe.com\/hu\/szolgaltatasok\/\" \/>\n<meta property=\"og:locale\" content=\"hu_HU\" \/>\n<meta property=\"og:type\" content=\"article\" \/>\n<meta property=\"og:title\" content=\"Szolg\u00e1ltat\u00e1sok | Beszerz\u00e9s, gy\u00e1rt\u00e1s, logisztika, after-sales\" \/>\n<meta property=\"og:description\" content=\"4 f\u0151 ter\u00fclet: integr\u00e1lt K+F \u00e9s egyedi gy\u00e1rt\u00e1s, beszerz\u00e9s \u00e9s ell\u00e1t\u00e1smenedzsment, logisztika \u00e9s rakt\u00e1r, valamint rendel\u00e9skezel\u00e9s \u00e9s after-sales t\u00e1mogat\u00e1s.\" \/>\n<meta property=\"og:url\" content=\"https:\/\/comwin-europe.com\/hu\/szolgaltatasok\/\" \/>\n<meta property=\"og:site_name\" content=\"Comwin Europe\" \/>\n<meta property=\"article:modified_time\" content=\"2026-01-15T09:13:46+00:00\" \/>\n<meta name=\"twitter:card\" content=\"summary_large_image\" \/>\n<script type=\"application\/ld+json\" class=\"yoast-schema-graph\">{\"@context\":\"https:\/\/schema.org\",\"@graph\":[{\"@type\":\"WebPage\",\"@id\":\"https:\/\/comwin-europe.com\/hu\/szolgaltatasok\/\",\"url\":\"https:\/\/comwin-europe.com\/hu\/szolgaltatasok\/\",\"name\":\"Szolg\u00e1ltat\u00e1sok | Beszerz\u00e9s, gy\u00e1rt\u00e1s, logisztika, after-sales\",\"isPartOf\":{\"@id\":\"https:\/\/comwin-europe.com\/hu\/#website\"},\"datePublished\":\"2025-06-05T09:46:18+00:00\",\"dateModified\":\"2026-01-15T09:13:46+00:00\",\"description\":\"4 f\u0151 ter\u00fclet: integr\u00e1lt K+F \u00e9s egyedi gy\u00e1rt\u00e1s, beszerz\u00e9s \u00e9s ell\u00e1t\u00e1smenedzsment, logisztika \u00e9s rakt\u00e1r, valamint rendel\u00e9skezel\u00e9s \u00e9s after-sales t\u00e1mogat\u00e1s.\",\"breadcrumb\":{\"@id\":\"https:\/\/comwin-europe.com\/hu\/szolgaltatasok\/#breadcrumb\"},\"inLanguage\":\"hu\",\"potentialAction\":[{\"@type\":\"ReadAction\",\"target\":[\"https:\/\/comwin-europe.com\/hu\/szolgaltatasok\/\"]}]},{\"@type\":\"BreadcrumbList\",\"@id\":\"https:\/\/comwin-europe.com\/hu\/szolgaltatasok\/#breadcrumb\",\"itemListElement\":[{\"@type\":\"ListItem\",\"position\":1,\"name\":\"Kezd\u0151lap\",\"item\":\"https:\/\/comwin-europe.com\/hu\/\"},{\"@type\":\"ListItem\",\"position\":2,\"name\":\"Szolg\u00e1ltat\u00e1sok\"}]},{\"@type\":\"WebSite\",\"@id\":\"https:\/\/comwin-europe.com\/hu\/#website\",\"url\":\"https:\/\/comwin-europe.com\/hu\/\",\"name\":\"Comwin-Europe\",\"description\":\"\",\"publisher\":{\"@id\":\"https:\/\/comwin-europe.com\/hu\/#organization\"},\"potentialAction\":[{\"@type\":\"SearchAction\",\"target\":{\"@type\":\"EntryPoint\",\"urlTemplate\":\"https:\/\/comwin-europe.com\/hu\/?s={search_term_string}\"},\"query-input\":{\"@type\":\"PropertyValueSpecification\",\"valueRequired\":true,\"valueName\":\"search_term_string\"}}],\"inLanguage\":\"hu\"},{\"@type\":\"Organization\",\"@id\":\"https:\/\/comwin-europe.com\/hu\/#organization\",\"name\":\"Comwin-Europe\",\"url\":\"https:\/\/comwin-europe.com\/hu\/\",\"logo\":{\"@type\":\"ImageObject\",\"inLanguage\":\"hu\",\"@id\":\"https:\/\/comwin-europe.com\/hu\/#\/schema\/logo\/image\/\",\"url\":\"https:\/\/comwin-europe.com\/wp-content\/uploads\/2025\/10\/LOGO.svg\",\"contentUrl\":\"https:\/\/comwin-europe.com\/wp-content\/uploads\/2025\/10\/LOGO.svg\",\"width\":230,\"height\":46,\"caption\":\"Comwin-Europe\"},\"image\":{\"@id\":\"https:\/\/comwin-europe.com\/hu\/#\/schema\/logo\/image\/\"}}]}<\/script>\n<!-- \/ Yoast SEO plugin. -->","yoast_head_json":{"title":"Szolg\u00e1ltat\u00e1sok | Beszerz\u00e9s, gy\u00e1rt\u00e1s, logisztika, after-sales","description":"4 f\u0151 ter\u00fclet: integr\u00e1lt K+F \u00e9s egyedi gy\u00e1rt\u00e1s, beszerz\u00e9s \u00e9s ell\u00e1t\u00e1smenedzsment, logisztika \u00e9s rakt\u00e1r, valamint rendel\u00e9skezel\u00e9s \u00e9s after-sales t\u00e1mogat\u00e1s.","robots":{"index":"index","follow":"follow","max-snippet":"max-snippet:-1","max-image-preview":"max-image-preview:large","max-video-preview":"max-video-preview:-1"},"canonical":"https:\/\/comwin-europe.com\/hu\/szolgaltatasok\/","og_locale":"hu_HU","og_type":"article","og_title":"Szolg\u00e1ltat\u00e1sok | Beszerz\u00e9s, gy\u00e1rt\u00e1s, logisztika, after-sales","og_description":"4 f\u0151 ter\u00fclet: integr\u00e1lt K+F \u00e9s egyedi gy\u00e1rt\u00e1s, beszerz\u00e9s \u00e9s ell\u00e1t\u00e1smenedzsment, logisztika \u00e9s rakt\u00e1r, valamint rendel\u00e9skezel\u00e9s \u00e9s after-sales t\u00e1mogat\u00e1s.","og_url":"https:\/\/comwin-europe.com\/hu\/szolgaltatasok\/","og_site_name":"Comwin Europe","article_modified_time":"2026-01-15T09:13:46+00:00","twitter_card":"summary_large_image","schema":{"@context":"https:\/\/schema.org","@graph":[{"@type":"WebPage","@id":"https:\/\/comwin-europe.com\/hu\/szolgaltatasok\/","url":"https:\/\/comwin-europe.com\/hu\/szolgaltatasok\/","name":"Szolg\u00e1ltat\u00e1sok | Beszerz\u00e9s, gy\u00e1rt\u00e1s, logisztika, after-sales","isPartOf":{"@id":"https:\/\/comwin-europe.com\/hu\/#website"},"datePublished":"2025-06-05T09:46:18+00:00","dateModified":"2026-01-15T09:13:46+00:00","description":"4 f\u0151 ter\u00fclet: integr\u00e1lt K+F \u00e9s egyedi gy\u00e1rt\u00e1s, beszerz\u00e9s \u00e9s ell\u00e1t\u00e1smenedzsment, logisztika \u00e9s rakt\u00e1r, valamint rendel\u00e9skezel\u00e9s \u00e9s after-sales t\u00e1mogat\u00e1s.","breadcrumb":{"@id":"https:\/\/comwin-europe.com\/hu\/szolgaltatasok\/#breadcrumb"},"inLanguage":"hu","potentialAction":[{"@type":"ReadAction","target":["https:\/\/comwin-europe.com\/hu\/szolgaltatasok\/"]}]},{"@type":"BreadcrumbList","@id":"https:\/\/comwin-europe.com\/hu\/szolgaltatasok\/#breadcrumb","itemListElement":[{"@type":"ListItem","position":1,"name":"Kezd\u0151lap","item":"https:\/\/comwin-europe.com\/hu\/"},{"@type":"ListItem","position":2,"name":"Szolg\u00e1ltat\u00e1sok"}]},{"@type":"WebSite","@id":"https:\/\/comwin-europe.com\/hu\/#website","url":"https:\/\/comwin-europe.com\/hu\/","name":"Comwin-Europe","description":"","publisher":{"@id":"https:\/\/comwin-europe.com\/hu\/#organization"},"potentialAction":[{"@type":"SearchAction","target":{"@type":"EntryPoint","urlTemplate":"https:\/\/comwin-europe.com\/hu\/?s={search_term_string}"},"query-input":{"@type":"PropertyValueSpecification","valueRequired":true,"valueName":"search_term_string"}}],"inLanguage":"hu"},{"@type":"Organization","@id":"https:\/\/comwin-europe.com\/hu\/#organization","name":"Comwin-Europe","url":"https:\/\/comwin-europe.com\/hu\/","logo":{"@type":"ImageObject","inLanguage":"hu","@id":"https:\/\/comwin-europe.com\/hu\/#\/schema\/logo\/image\/","url":"https:\/\/comwin-europe.com\/wp-content\/uploads\/2025\/10\/LOGO.svg","contentUrl":"https:\/\/comwin-europe.com\/wp-content\/uploads\/2025\/10\/LOGO.svg","width":230,"height":46,"caption":"Comwin-Europe"},"image":{"@id":"https:\/\/comwin-europe.com\/hu\/#\/schema\/logo\/image\/"}}]}},"_links":{"self":[{"href":"https:\/\/comwin-europe.com\/hu\/wp-json\/wp\/v2\/pages\/3668","targetHints":{"allow":["GET"]}}],"collection":[{"href":"https:\/\/comwin-europe.com\/hu\/wp-json\/wp\/v2\/pages"}],"about":[{"href":"https:\/\/comwin-europe.com\/hu\/wp-json\/wp\/v2\/types\/page"}],"author":[{"embeddable":true,"href":"https:\/\/comwin-europe.com\/hu\/wp-json\/wp\/v2\/users\/1"}],"replies":[{"embeddable":true,"href":"https:\/\/comwin-europe.com\/hu\/wp-json\/wp\/v2\/comments?post=3668"}],"version-history":[{"count":2,"href":"https:\/\/comwin-europe.com\/hu\/wp-json\/wp\/v2\/pages\/3668\/revisions"}],"predecessor-version":[{"id":7265,"href":"https:\/\/comwin-europe.com\/hu\/wp-json\/wp\/v2\/pages\/3668\/revisions\/7265"}],"wp:attachment":[{"href":"https:\/\/comwin-europe.com\/hu\/wp-json\/wp\/v2\/media?parent=3668"}],"curies":[{"name":"wp","href":"https:\/\/api.w.org\/{rel}","templated":true}]}}