{"id":3672,"date":"2025-10-28T07:30:03","date_gmt":"2025-10-28T07:30:03","guid":{"rendered":"http:\/\/comwin.local\/services\/customized-production-integrated-rd-manufacturing\/"},"modified":"2026-01-15T08:08:31","modified_gmt":"2026-01-15T08:08:31","slug":"egyedi-gyartas-es-integralt-kf-gyartas","status":"publish","type":"page","link":"https:\/\/comwin-europe.com\/hu\/szolgaltatasok\/egyedi-gyartas-es-integralt-kf-gyartas\/","title":{"rendered":"Egyedi gy\u00e1rt\u00e1s \u00e9s integr\u00e1lt K+F\u2013gy\u00e1rt\u00e1s"},"content":{"rendered":"\n<p>Hazai CMO\/CRO\/CDMO l\u00e9tes\u00edtm\u00e9nyekkel kialak\u00edtott m\u00e9lyrehat\u00f3 partners\u00e9gekre, pr\u00e9mium besz\u00e1ll\u00edt\u00f3i h\u00e1l\u00f3zatra, valamint b\u00e9rgy\u00e1rt\u00e1si \u00e9s folyamatl\u00e9pt\u00e9kez\u00e9si k\u00e9pess\u00e9gekre t\u00e1maszkodva testre szabott term\u00e9kmegold\u00e1sokat ny\u00fajtunk. Ez olyan probl\u00e9m\u00e1kat kezel, mint a neh\u00e9zkes m\u0171szaki megval\u00f3s\u00edt\u00e1s, az elh\u00faz\u00f3d\u00f3 gy\u00e1rt\u00e1si ciklusok \u00e9s a hat\u00e1rokon \u00e1tny\u00fal\u00f3 kereskedelemben tapasztalhat\u00f3 ingadoz\u00f3 min\u0151s\u00e9g.<\/p>\n\n\n\n<figure class=\"wp-block-image aligncenter size-full\"><img loading=\"lazy\" decoding=\"async\" width=\"924\" height=\"520\" src=\"https:\/\/comwin-europe.com\/wp-content\/uploads\/2025\/12\/Customized-Picture-1.webp\" alt=\"\" class=\"wp-image-3612\" srcset=\"https:\/\/comwin-europe.com\/wp-content\/uploads\/2025\/12\/Customized-Picture-1.webp 924w, https:\/\/comwin-europe.com\/wp-content\/uploads\/2025\/12\/Customized-Picture-1-300x169.webp 300w, https:\/\/comwin-europe.com\/wp-content\/uploads\/2025\/12\/Customized-Picture-1-768x432.webp 768w\" sizes=\"auto, (max-width: 924px) 100vw, 924px\" \/><\/figure>\n\n\n\n<h3 class=\"wp-block-heading\">1. Testre szabott term\u00e9kfejleszt\u00e9s<\/h3>\n\n\n\n<p>Partner CRO\/CDMO partnereink K+F er\u0151ss\u00e9geire t\u00e1maszkodva t\u00e1mogatjuk az \u00f6sszet\u00e9tel, specifik\u00e1ci\u00f3k \u00e9s teljes\u00edtm\u00e9nyparam\u00e9terek testreszab\u00e1s\u00e1t. M\u0171szaki csapataink megval\u00f3s\u00edthat\u00f3s\u00e1gi vizsg\u00e1latokat \u00e9s folyamatoptimaliz\u00e1l\u00e1st v\u00e9geznek az \u00fcgyf\u00e9lspecifikus alkalmaz\u00e1si forgat\u00f3k\u00f6nyvekhez igazodva.<\/p>\n\n\n\n<h3 class=\"wp-block-heading\">2. Rugalmas b\u00e9rgy\u00e1rt\u00e1s \u00e9s folyamatl\u00e9pt\u00e9kez\u00e9s<\/h3>\n\n\n\n<p>A CMO\/CDMO l\u00e9tes\u00edtm\u00e9nyekkel val\u00f3 strat\u00e9giai egy\u00fcttm\u0171k\u00f6d\u00e9s r\u00e9v\u00e9n rugalmas b\u00e9rgy\u00e1rt\u00e1si szolg\u00e1ltat\u00e1sokat k\u00edn\u00e1lunk a pilot l\u00e9pt\u00e9kt\u0151l a kereskedelmi gy\u00e1rt\u00e1sig. Speci\u00e1lis folyamatl\u00e9pt\u00e9kez\u00e9si k\u00e9pess\u00e9geink biztos\u00edtj\u00e1k a z\u00f6kken\u0151mentes \u00e1tmenetet a laborat\u00f3riumi fejleszt\u00e9st\u0151l a t\u00f6meggy\u00e1rt\u00e1sig, kiel\u00e9g\u00edtve a k\u00fcl\u00f6nb\u00f6z\u0151 rendel\u00e9si volumenig\u00e9nyeket.<\/p>\n\n\n\n<figure class=\"wp-block-image aligncenter size-full\"><img loading=\"lazy\" decoding=\"async\" width=\"924\" height=\"520\" src=\"https:\/\/comwin-europe.com\/wp-content\/uploads\/2025\/12\/Customized-Picture-2.webp\" alt=\"\" class=\"wp-image-3613\" srcset=\"https:\/\/comwin-europe.com\/wp-content\/uploads\/2025\/12\/Customized-Picture-2.webp 924w, https:\/\/comwin-europe.com\/wp-content\/uploads\/2025\/12\/Customized-Picture-2-300x169.webp 300w, https:\/\/comwin-europe.com\/wp-content\/uploads\/2025\/12\/Customized-Picture-2-768x432.webp 768w\" sizes=\"auto, (max-width: 924px) 100vw, 924px\" \/><\/figure>\n\n\n\n<h3 class=\"wp-block-heading\">3. Pr\u00e9mium ell\u00e1t\u00e1si l\u00e1nc \u00e9s partners\u00e9gi szinergia<\/h3>\n\n\n\n<p>Hossz\u00fa t\u00e1v\u00fa egy\u00fcttm\u0171k\u00f6d\u00e9st tartunk fenn vezet\u0151 hazai vegyipari \u00e9s gy\u00f3gyszeripari besz\u00e1ll\u00edt\u00f3kkal, amelyet szoros CMO\/CRO\/CDMO partners\u00e9gek eg\u00e9sz\u00edtenek ki. Ez megb\u00edzhat\u00f3 alapanyag-beszerz\u00e9st, a teljes gy\u00e1rt\u00e1si l\u00e1ncra kiterjed\u0151 szigor\u00fa min\u0151s\u00e9gellen\u0151rz\u00e9st \u00e9s az egyedi megrendel\u00e9sekhez sz\u00fcks\u00e9ges stabil sz\u00e1ll\u00edt\u00e1si kapacit\u00e1st biztos\u00edtja.<\/p>\n\n\n\n<figure class=\"wp-block-image aligncenter size-full\"><img loading=\"lazy\" decoding=\"async\" width=\"924\" height=\"520\" src=\"https:\/\/comwin-europe.com\/wp-content\/uploads\/2025\/12\/Customized-Picture-3.webp\" alt=\"\" class=\"wp-image-3614\" srcset=\"https:\/\/comwin-europe.com\/wp-content\/uploads\/2025\/12\/Customized-Picture-3.webp 924w, https:\/\/comwin-europe.com\/wp-content\/uploads\/2025\/12\/Customized-Picture-3-300x169.webp 300w, https:\/\/comwin-europe.com\/wp-content\/uploads\/2025\/12\/Customized-Picture-3-768x432.webp 768w\" sizes=\"auto, (max-width: 924px) 100vw, 924px\" \/><\/figure>\n","protected":false},"excerpt":{"rendered":"<p>Hazai CMO\/CRO\/CDMO l\u00e9tes\u00edtm\u00e9nyekkel kialak\u00edtott m\u00e9lyrehat\u00f3 partners\u00e9gekre, pr\u00e9mium besz\u00e1ll\u00edt\u00f3i h\u00e1l\u00f3zatra, valamint b\u00e9rgy\u00e1rt\u00e1si \u00e9s folyamatl\u00e9pt\u00e9kez\u00e9si k\u00e9pess\u00e9gekre t\u00e1maszkodva testre szabott term\u00e9kmegold\u00e1sokat ny\u00fajtunk. Ez olyan probl\u00e9m\u00e1kat kezel, mint a neh\u00e9zkes m\u0171szaki megval\u00f3s\u00edt\u00e1s, az elh\u00faz\u00f3d\u00f3 gy\u00e1rt\u00e1si ciklusok \u00e9s a hat\u00e1rokon \u00e1tny\u00fal\u00f3 kereskedelemben tapasztalhat\u00f3 ingadoz\u00f3 min\u0151s\u00e9g. 1. Testre szabott term\u00e9kfejleszt\u00e9s Partner CRO\/CDMO partnereink K+F er\u0151ss\u00e9geire t\u00e1maszkodva t\u00e1mogatjuk az \u00f6sszet\u00e9tel, specifik\u00e1ci\u00f3k \u00e9s [&hellip;]<\/p>\n","protected":false},"author":1,"featured_media":0,"parent":3668,"menu_order":0,"comment_status":"closed","ping_status":"closed","template":"template-parts\/page-default.php","meta":{"_acf_changed":false,"footnotes":""},"class_list":["post-3672","page","type-page","status-publish","hentry"],"acf":[],"yoast_head":"<!-- This site is optimized with the Yoast SEO plugin v26.8 - https:\/\/yoast.com\/product\/yoast-seo-wordpress\/ -->\n<title>Egyedi gy\u00e1rt\u00e1s \u00e9s integr\u00e1lt K+F | ComWin Europe<\/title>\n<meta name=\"description\" content=\"CRO\/CDMO\/CMO partnerekkel egyedi fejleszt\u00e9s, formul\u00e1z\u00e1s \u00e9s gy\u00e1rt\u00e1si felsk\u00e1l\u00e1z\u00e1s pilot szintr\u0151l t\u00f6megtermel\u00e9sig. Stabil min\u0151s\u00e9g, megb\u00edzhat\u00f3 ell\u00e1t\u00e1s.\" \/>\n<meta name=\"robots\" content=\"index, follow, max-snippet:-1, max-image-preview:large, max-video-preview:-1\" \/>\n<link rel=\"canonical\" href=\"https:\/\/comwin-europe.com\/hu\/szolgaltatasok\/egyedi-gyartas-es-integralt-kf-gyartas\/\" \/>\n<meta property=\"og:locale\" content=\"hu_HU\" \/>\n<meta property=\"og:type\" content=\"article\" \/>\n<meta property=\"og:title\" content=\"Egyedi gy\u00e1rt\u00e1s \u00e9s integr\u00e1lt K+F | ComWin Europe\" \/>\n<meta property=\"og:description\" content=\"CRO\/CDMO\/CMO partnerekkel egyedi fejleszt\u00e9s, formul\u00e1z\u00e1s \u00e9s gy\u00e1rt\u00e1si felsk\u00e1l\u00e1z\u00e1s pilot szintr\u0151l t\u00f6megtermel\u00e9sig. Stabil min\u0151s\u00e9g, megb\u00edzhat\u00f3 ell\u00e1t\u00e1s.\" \/>\n<meta property=\"og:url\" content=\"https:\/\/comwin-europe.com\/hu\/szolgaltatasok\/egyedi-gyartas-es-integralt-kf-gyartas\/\" \/>\n<meta property=\"og:site_name\" content=\"Comwin Europe\" \/>\n<meta property=\"article:modified_time\" content=\"2026-01-15T08:08:31+00:00\" \/>\n<meta property=\"og:image\" content=\"https:\/\/comwin-europe.com\/wp-content\/uploads\/2025\/12\/Customized-Picture-1.webp\" \/>\n\t<meta property=\"og:image:width\" content=\"924\" \/>\n\t<meta property=\"og:image:height\" content=\"520\" \/>\n\t<meta property=\"og:image:type\" content=\"image\/webp\" \/>\n<meta name=\"twitter:card\" content=\"summary_large_image\" \/>\n<meta name=\"twitter:label1\" content=\"Becs\u00fclt olvas\u00e1si id\u0151\" \/>\n\t<meta name=\"twitter:data1\" content=\"2 perc\" \/>\n<script type=\"application\/ld+json\" class=\"yoast-schema-graph\">{\"@context\":\"https:\/\/schema.org\",\"@graph\":[{\"@type\":\"WebPage\",\"@id\":\"https:\/\/comwin-europe.com\/hu\/szolgaltatasok\/egyedi-gyartas-es-integralt-kf-gyartas\/\",\"url\":\"https:\/\/comwin-europe.com\/hu\/szolgaltatasok\/egyedi-gyartas-es-integralt-kf-gyartas\/\",\"name\":\"Egyedi gy\u00e1rt\u00e1s \u00e9s integr\u00e1lt K+F | ComWin Europe\",\"isPartOf\":{\"@id\":\"https:\/\/comwin-europe.com\/hu\/#website\"},\"primaryImageOfPage\":{\"@id\":\"https:\/\/comwin-europe.com\/hu\/szolgaltatasok\/egyedi-gyartas-es-integralt-kf-gyartas\/#primaryimage\"},\"image\":{\"@id\":\"https:\/\/comwin-europe.com\/hu\/szolgaltatasok\/egyedi-gyartas-es-integralt-kf-gyartas\/#primaryimage\"},\"thumbnailUrl\":\"https:\/\/comwin-europe.com\/wp-content\/uploads\/2025\/12\/Customized-Picture-1.webp\",\"datePublished\":\"2025-10-28T07:30:03+00:00\",\"dateModified\":\"2026-01-15T08:08:31+00:00\",\"description\":\"CRO\/CDMO\/CMO partnerekkel egyedi fejleszt\u00e9s, formul\u00e1z\u00e1s \u00e9s gy\u00e1rt\u00e1si felsk\u00e1l\u00e1z\u00e1s pilot szintr\u0151l t\u00f6megtermel\u00e9sig. Stabil min\u0151s\u00e9g, megb\u00edzhat\u00f3 ell\u00e1t\u00e1s.\",\"breadcrumb\":{\"@id\":\"https:\/\/comwin-europe.com\/hu\/szolgaltatasok\/egyedi-gyartas-es-integralt-kf-gyartas\/#breadcrumb\"},\"inLanguage\":\"hu\",\"potentialAction\":[{\"@type\":\"ReadAction\",\"target\":[\"https:\/\/comwin-europe.com\/hu\/szolgaltatasok\/egyedi-gyartas-es-integralt-kf-gyartas\/\"]}]},{\"@type\":\"ImageObject\",\"inLanguage\":\"hu\",\"@id\":\"https:\/\/comwin-europe.com\/hu\/szolgaltatasok\/egyedi-gyartas-es-integralt-kf-gyartas\/#primaryimage\",\"url\":\"https:\/\/comwin-europe.com\/wp-content\/uploads\/2025\/12\/Customized-Picture-1.webp\",\"contentUrl\":\"https:\/\/comwin-europe.com\/wp-content\/uploads\/2025\/12\/Customized-Picture-1.webp\"},{\"@type\":\"BreadcrumbList\",\"@id\":\"https:\/\/comwin-europe.com\/hu\/szolgaltatasok\/egyedi-gyartas-es-integralt-kf-gyartas\/#breadcrumb\",\"itemListElement\":[{\"@type\":\"ListItem\",\"position\":1,\"name\":\"Kezd\u0151lap\",\"item\":\"https:\/\/comwin-europe.com\/hu\/\"},{\"@type\":\"ListItem\",\"position\":2,\"name\":\"Szolg\u00e1ltat\u00e1sok\",\"item\":\"https:\/\/comwin-europe.com\/hu\/szolgaltatasok\/\"},{\"@type\":\"ListItem\",\"position\":3,\"name\":\"Egyedi gy\u00e1rt\u00e1s \u00e9s integr\u00e1lt K+F\u2013gy\u00e1rt\u00e1s\"}]},{\"@type\":\"WebSite\",\"@id\":\"https:\/\/comwin-europe.com\/hu\/#website\",\"url\":\"https:\/\/comwin-europe.com\/hu\/\",\"name\":\"Comwin-Europe\",\"description\":\"\",\"publisher\":{\"@id\":\"https:\/\/comwin-europe.com\/hu\/#organization\"},\"potentialAction\":[{\"@type\":\"SearchAction\",\"target\":{\"@type\":\"EntryPoint\",\"urlTemplate\":\"https:\/\/comwin-europe.com\/hu\/?s={search_term_string}\"},\"query-input\":{\"@type\":\"PropertyValueSpecification\",\"valueRequired\":true,\"valueName\":\"search_term_string\"}}],\"inLanguage\":\"hu\"},{\"@type\":\"Organization\",\"@id\":\"https:\/\/comwin-europe.com\/hu\/#organization\",\"name\":\"Comwin-Europe\",\"url\":\"https:\/\/comwin-europe.com\/hu\/\",\"logo\":{\"@type\":\"ImageObject\",\"inLanguage\":\"hu\",\"@id\":\"https:\/\/comwin-europe.com\/hu\/#\/schema\/logo\/image\/\",\"url\":\"https:\/\/comwin-europe.com\/wp-content\/uploads\/2025\/10\/LOGO.svg\",\"contentUrl\":\"https:\/\/comwin-europe.com\/wp-content\/uploads\/2025\/10\/LOGO.svg\",\"width\":230,\"height\":46,\"caption\":\"Comwin-Europe\"},\"image\":{\"@id\":\"https:\/\/comwin-europe.com\/hu\/#\/schema\/logo\/image\/\"}}]}<\/script>\n<!-- \/ Yoast SEO plugin. -->","yoast_head_json":{"title":"Egyedi gy\u00e1rt\u00e1s \u00e9s integr\u00e1lt K+F | ComWin Europe","description":"CRO\/CDMO\/CMO partnerekkel egyedi fejleszt\u00e9s, formul\u00e1z\u00e1s \u00e9s gy\u00e1rt\u00e1si felsk\u00e1l\u00e1z\u00e1s pilot szintr\u0151l t\u00f6megtermel\u00e9sig. Stabil min\u0151s\u00e9g, megb\u00edzhat\u00f3 ell\u00e1t\u00e1s.","robots":{"index":"index","follow":"follow","max-snippet":"max-snippet:-1","max-image-preview":"max-image-preview:large","max-video-preview":"max-video-preview:-1"},"canonical":"https:\/\/comwin-europe.com\/hu\/szolgaltatasok\/egyedi-gyartas-es-integralt-kf-gyartas\/","og_locale":"hu_HU","og_type":"article","og_title":"Egyedi gy\u00e1rt\u00e1s \u00e9s integr\u00e1lt K+F | ComWin Europe","og_description":"CRO\/CDMO\/CMO partnerekkel egyedi fejleszt\u00e9s, formul\u00e1z\u00e1s \u00e9s gy\u00e1rt\u00e1si felsk\u00e1l\u00e1z\u00e1s pilot szintr\u0151l t\u00f6megtermel\u00e9sig. Stabil min\u0151s\u00e9g, megb\u00edzhat\u00f3 ell\u00e1t\u00e1s.","og_url":"https:\/\/comwin-europe.com\/hu\/szolgaltatasok\/egyedi-gyartas-es-integralt-kf-gyartas\/","og_site_name":"Comwin Europe","article_modified_time":"2026-01-15T08:08:31+00:00","og_image":[{"width":924,"height":520,"url":"https:\/\/comwin-europe.com\/wp-content\/uploads\/2025\/12\/Customized-Picture-1.webp","type":"image\/webp"}],"twitter_card":"summary_large_image","twitter_misc":{"Becs\u00fclt olvas\u00e1si id\u0151":"2 perc"},"schema":{"@context":"https:\/\/schema.org","@graph":[{"@type":"WebPage","@id":"https:\/\/comwin-europe.com\/hu\/szolgaltatasok\/egyedi-gyartas-es-integralt-kf-gyartas\/","url":"https:\/\/comwin-europe.com\/hu\/szolgaltatasok\/egyedi-gyartas-es-integralt-kf-gyartas\/","name":"Egyedi gy\u00e1rt\u00e1s \u00e9s integr\u00e1lt K+F | ComWin Europe","isPartOf":{"@id":"https:\/\/comwin-europe.com\/hu\/#website"},"primaryImageOfPage":{"@id":"https:\/\/comwin-europe.com\/hu\/szolgaltatasok\/egyedi-gyartas-es-integralt-kf-gyartas\/#primaryimage"},"image":{"@id":"https:\/\/comwin-europe.com\/hu\/szolgaltatasok\/egyedi-gyartas-es-integralt-kf-gyartas\/#primaryimage"},"thumbnailUrl":"https:\/\/comwin-europe.com\/wp-content\/uploads\/2025\/12\/Customized-Picture-1.webp","datePublished":"2025-10-28T07:30:03+00:00","dateModified":"2026-01-15T08:08:31+00:00","description":"CRO\/CDMO\/CMO partnerekkel egyedi fejleszt\u00e9s, formul\u00e1z\u00e1s \u00e9s gy\u00e1rt\u00e1si felsk\u00e1l\u00e1z\u00e1s pilot szintr\u0151l t\u00f6megtermel\u00e9sig. Stabil min\u0151s\u00e9g, megb\u00edzhat\u00f3 ell\u00e1t\u00e1s.","breadcrumb":{"@id":"https:\/\/comwin-europe.com\/hu\/szolgaltatasok\/egyedi-gyartas-es-integralt-kf-gyartas\/#breadcrumb"},"inLanguage":"hu","potentialAction":[{"@type":"ReadAction","target":["https:\/\/comwin-europe.com\/hu\/szolgaltatasok\/egyedi-gyartas-es-integralt-kf-gyartas\/"]}]},{"@type":"ImageObject","inLanguage":"hu","@id":"https:\/\/comwin-europe.com\/hu\/szolgaltatasok\/egyedi-gyartas-es-integralt-kf-gyartas\/#primaryimage","url":"https:\/\/comwin-europe.com\/wp-content\/uploads\/2025\/12\/Customized-Picture-1.webp","contentUrl":"https:\/\/comwin-europe.com\/wp-content\/uploads\/2025\/12\/Customized-Picture-1.webp"},{"@type":"BreadcrumbList","@id":"https:\/\/comwin-europe.com\/hu\/szolgaltatasok\/egyedi-gyartas-es-integralt-kf-gyartas\/#breadcrumb","itemListElement":[{"@type":"ListItem","position":1,"name":"Kezd\u0151lap","item":"https:\/\/comwin-europe.com\/hu\/"},{"@type":"ListItem","position":2,"name":"Szolg\u00e1ltat\u00e1sok","item":"https:\/\/comwin-europe.com\/hu\/szolgaltatasok\/"},{"@type":"ListItem","position":3,"name":"Egyedi gy\u00e1rt\u00e1s \u00e9s integr\u00e1lt K+F\u2013gy\u00e1rt\u00e1s"}]},{"@type":"WebSite","@id":"https:\/\/comwin-europe.com\/hu\/#website","url":"https:\/\/comwin-europe.com\/hu\/","name":"Comwin-Europe","description":"","publisher":{"@id":"https:\/\/comwin-europe.com\/hu\/#organization"},"potentialAction":[{"@type":"SearchAction","target":{"@type":"EntryPoint","urlTemplate":"https:\/\/comwin-europe.com\/hu\/?s={search_term_string}"},"query-input":{"@type":"PropertyValueSpecification","valueRequired":true,"valueName":"search_term_string"}}],"inLanguage":"hu"},{"@type":"Organization","@id":"https:\/\/comwin-europe.com\/hu\/#organization","name":"Comwin-Europe","url":"https:\/\/comwin-europe.com\/hu\/","logo":{"@type":"ImageObject","inLanguage":"hu","@id":"https:\/\/comwin-europe.com\/hu\/#\/schema\/logo\/image\/","url":"https:\/\/comwin-europe.com\/wp-content\/uploads\/2025\/10\/LOGO.svg","contentUrl":"https:\/\/comwin-europe.com\/wp-content\/uploads\/2025\/10\/LOGO.svg","width":230,"height":46,"caption":"Comwin-Europe"},"image":{"@id":"https:\/\/comwin-europe.com\/hu\/#\/schema\/logo\/image\/"}}]}},"_links":{"self":[{"href":"https:\/\/comwin-europe.com\/hu\/wp-json\/wp\/v2\/pages\/3672","targetHints":{"allow":["GET"]}}],"collection":[{"href":"https:\/\/comwin-europe.com\/hu\/wp-json\/wp\/v2\/pages"}],"about":[{"href":"https:\/\/comwin-europe.com\/hu\/wp-json\/wp\/v2\/types\/page"}],"author":[{"embeddable":true,"href":"https:\/\/comwin-europe.com\/hu\/wp-json\/wp\/v2\/users\/1"}],"replies":[{"embeddable":true,"href":"https:\/\/comwin-europe.com\/hu\/wp-json\/wp\/v2\/comments?post=3672"}],"version-history":[{"count":1,"href":"https:\/\/comwin-europe.com\/hu\/wp-json\/wp\/v2\/pages\/3672\/revisions"}],"predecessor-version":[{"id":3818,"href":"https:\/\/comwin-europe.com\/hu\/wp-json\/wp\/v2\/pages\/3672\/revisions\/3818"}],"up":[{"embeddable":true,"href":"https:\/\/comwin-europe.com\/hu\/wp-json\/wp\/v2\/pages\/3668"}],"wp:attachment":[{"href":"https:\/\/comwin-europe.com\/hu\/wp-json\/wp\/v2\/media?parent=3672"}],"curies":[{"name":"wp","href":"https:\/\/api.w.org\/{rel}","templated":true}]}}