{"id":3676,"date":"2025-10-28T07:50:50","date_gmt":"2025-10-28T07:50:50","guid":{"rendered":"http:\/\/comwin.local\/services\/logistics-warehouse-management\/"},"modified":"2026-01-15T08:10:12","modified_gmt":"2026-01-15T08:10:12","slug":"logisztikai-es-raktarkezelesi-megoldasok","status":"publish","type":"page","link":"https:\/\/comwin-europe.com\/hu\/szolgaltatasok\/logisztikai-es-raktarkezelesi-megoldasok\/","title":{"rendered":"Logisztikai \u00e9s rakt\u00e1rkezel\u00e9si megold\u00e1sok"},"content":{"rendered":"\n<p>Glob\u00e1lis beszerz\u00e9si h\u00e1l\u00f3zatunkra \u00e9s multimod\u00e1lis logisztik\u00e1ra (tengeri, l\u00e9gi, vas\u00fati) t\u00e1maszkodva \u201eid\u0151ben, k\u00f6lts\u00e9ghat\u00e9kony\u201d helyi rakt\u00e1roz\u00e1si megold\u00e1sokat ny\u00fajtunk. Ez kezeli a hat\u00e1rokon \u00e1tny\u00fal\u00f3 logisztikai k\u00e9sedelmeket, a nem hat\u00e9kony rakt\u00e1roz\u00e1st \u00e9s a nemzetk\u00f6zi kereskedelem magas \u00f6sszk\u00f6lts\u00e9geit.<\/p>\n\n\n\n<figure class=\"wp-block-gallery has-nested-images columns-default is-cropped wp-block-gallery-1 is-layout-flex wp-block-gallery-is-layout-flex\">\n<figure class=\"wp-block-image size-full\"><img loading=\"lazy\" decoding=\"async\" width=\"450\" height=\"675\" data-id=\"3620\" src=\"https:\/\/comwin-europe.com\/wp-content\/uploads\/2025\/12\/Logistics-Picture-1.webp\" alt=\"\" class=\"wp-image-3620\" srcset=\"https:\/\/comwin-europe.com\/wp-content\/uploads\/2025\/12\/Logistics-Picture-1.webp 450w, https:\/\/comwin-europe.com\/wp-content\/uploads\/2025\/12\/Logistics-Picture-1-200x300.webp 200w\" sizes=\"auto, (max-width: 450px) 100vw, 450px\" \/><\/figure>\n\n\n\n<figure class=\"wp-block-image size-full\"><img loading=\"lazy\" decoding=\"async\" width=\"924\" height=\"520\" data-id=\"3621\" src=\"https:\/\/comwin-europe.com\/wp-content\/uploads\/2025\/12\/Logistics-Picture-2.webp\" alt=\"\" class=\"wp-image-3621\" srcset=\"https:\/\/comwin-europe.com\/wp-content\/uploads\/2025\/12\/Logistics-Picture-2.webp 924w, https:\/\/comwin-europe.com\/wp-content\/uploads\/2025\/12\/Logistics-Picture-2-300x169.webp 300w, https:\/\/comwin-europe.com\/wp-content\/uploads\/2025\/12\/Logistics-Picture-2-768x432.webp 768w\" sizes=\"auto, (max-width: 924px) 100vw, 924px\" \/><\/figure>\n<\/figure>\n\n\n\n<h3 class=\"wp-block-heading\">1. Glob\u00e1lis beszerz\u00e9s \u00e9s multimod\u00e1lis logisztika<\/h3>\n\n\n\n<p>Lefedj\u00fck a glob\u00e1lis beszerz\u00e9si ig\u00e9nyeket, rugalmas sz\u00e1ll\u00edt\u00e1si megold\u00e1sokat k\u00edn\u00e1lva tengeri, l\u00e9gi \u00e9s vas\u00fati \u00fatvonalakon a hat\u00e9kony \u00e1rutov\u00e1bb\u00edt\u00e1s \u00e9rdek\u00e9ben.<\/p>\n\n\n\n<figure class=\"wp-block-image aligncenter size-full\"><img loading=\"lazy\" decoding=\"async\" width=\"507\" height=\"676\" src=\"https:\/\/comwin-europe.com\/wp-content\/uploads\/2025\/12\/Logistics-Picture-3-1.webp\" alt=\"\" class=\"wp-image-3623\" srcset=\"https:\/\/comwin-europe.com\/wp-content\/uploads\/2025\/12\/Logistics-Picture-3-1.webp 507w, https:\/\/comwin-europe.com\/wp-content\/uploads\/2025\/12\/Logistics-Picture-3-1-225x300.webp 225w\" sizes=\"auto, (max-width: 507px) 100vw, 507px\" \/><\/figure>\n\n\n\n<h3 class=\"wp-block-heading\">2. Id\u0151ben \u00e9s k\u00f6lts\u00e9ghat\u00e9konyan<\/h3>\n\n\n\n<p>Logisztikai h\u00e1l\u00f3zatunk ipar\u00e1gi el\u0151\u00edr\u00e1soknak megfelel\u0151 rakt\u00e1rakat foglal mag\u00e1ban, amelyek rugalmas t\u00e1rol\u00e1si megold\u00e1sokat k\u00edn\u00e1lnak gy\u00f3gyszeripari, vegyipari \u00e9s \u00e9lelmiszeripari alapanyagok sz\u00e1m\u00e1ra, a pontos sz\u00e1ll\u00edt\u00e1sra \u00e9s a k\u00f6lts\u00e9goptimaliz\u00e1l\u00e1sra f\u00f3kusz\u00e1lva.<\/p>\n\n\n\n<h3 class=\"wp-block-heading\">3. Teljes k\u00f6r\u0171 logisztikai koordin\u00e1ci\u00f3<\/h3>\n\n\n\n<p>Teljes k\u00f6r\u0171, hat\u00e9kony egy\u00fcttm\u0171k\u00f6d\u00e9st tesz\u00fcnk lehet\u0151v\u00e9, egyablakos szolg\u00e1ltat\u00e1sokat k\u00edn\u00e1lva eur\u00f3pai \u00fcgyfelek sz\u00e1m\u00e1ra, bele\u00e9rtve a \u201ekik\u00f6t\u0151i v\u00e1mkezel\u00e9s \u2013 rakt\u00e1roz\u00e1s \u2013 helyi h\u00e1zt\u00f3l h\u00e1zig sz\u00e1ll\u00edt\u00e1s\u201d megold\u00e1sokat. Hossz\u00fa t\u00e1v\u00fa partnereinkn\u00e9l k\u00e9szletadatokra \u00e9p\u00fcl\u0151 \u201ebiztons\u00e1gi k\u00e9szletszint-riaszt\u00e1sokat \u00e9s ut\u00e1np\u00f3tl\u00e1si javaslatokat\u201d dolgozunk ki a k\u00f6lts\u00e9gkontroll \u00e9s az ell\u00e1t\u00e1s stabilit\u00e1s\u00e1nak egyens\u00faly\u00e1\u00e9rt. Eur\u00f3p\u00e1n k\u00edv\u00fcli r\u00e9gi\u00f3k eset\u00e9n a sz\u00e1ll\u00edt\u00e1s az \u00fcgyf\u00e9l ig\u00e9nyei szerint t\u00f6rt\u00e9nik.<\/p>\n","protected":false},"excerpt":{"rendered":"<p>Glob\u00e1lis beszerz\u00e9si h\u00e1l\u00f3zatunkra \u00e9s multimod\u00e1lis logisztik\u00e1ra (tengeri, l\u00e9gi, vas\u00fati) t\u00e1maszkodva \u201eid\u0151ben, k\u00f6lts\u00e9ghat\u00e9kony\u201d helyi rakt\u00e1roz\u00e1si megold\u00e1sokat ny\u00fajtunk. Ez kezeli a hat\u00e1rokon \u00e1tny\u00fal\u00f3 logisztikai k\u00e9sedelmeket, a nem hat\u00e9kony rakt\u00e1roz\u00e1st \u00e9s a nemzetk\u00f6zi kereskedelem magas \u00f6sszk\u00f6lts\u00e9geit. 1. Glob\u00e1lis beszerz\u00e9s \u00e9s multimod\u00e1lis logisztika Lefedj\u00fck a glob\u00e1lis beszerz\u00e9si ig\u00e9nyeket, rugalmas sz\u00e1ll\u00edt\u00e1si megold\u00e1sokat k\u00edn\u00e1lva tengeri, l\u00e9gi \u00e9s vas\u00fati \u00fatvonalakon a hat\u00e9kony [&hellip;]<\/p>\n","protected":false},"author":1,"featured_media":0,"parent":3668,"menu_order":0,"comment_status":"closed","ping_status":"closed","template":"template-parts\/page-default.php","meta":{"_acf_changed":false,"footnotes":""},"class_list":["post-3676","page","type-page","status-publish","hentry"],"acf":[],"yoast_head":"<!-- This site is optimized with the Yoast SEO plugin v26.8 - https:\/\/yoast.com\/product\/yoast-seo-wordpress\/ -->\n<title>Logisztika \u00e9s rakt\u00e1rmenedzsment | ComWin Europe<\/title>\n<meta name=\"description\" content=\"Multimod\u00e1lis (tengeri, l\u00e9gi, vas\u00fati) sz\u00e1ll\u00edt\u00e1s \u00e9s el\u0151\u00edr\u00e1soknak megfelel\u0151 rakt\u00e1roz\u00e1s gy\u00f3gyszeripari, vegyi \u00e9s \u00e9lelmiszer-alapanyagokra. K\u00f6lts\u00e9goptimaliz\u00e1l\u00e1s.\" \/>\n<meta name=\"robots\" content=\"index, follow, max-snippet:-1, max-image-preview:large, max-video-preview:-1\" \/>\n<link rel=\"canonical\" href=\"https:\/\/comwin-europe.com\/hu\/szolgaltatasok\/logisztikai-es-raktarkezelesi-megoldasok\/\" \/>\n<meta property=\"og:locale\" content=\"hu_HU\" \/>\n<meta property=\"og:type\" content=\"article\" \/>\n<meta property=\"og:title\" content=\"Logisztika \u00e9s rakt\u00e1rmenedzsment | ComWin Europe\" \/>\n<meta property=\"og:description\" content=\"Multimod\u00e1lis (tengeri, l\u00e9gi, vas\u00fati) sz\u00e1ll\u00edt\u00e1s \u00e9s el\u0151\u00edr\u00e1soknak megfelel\u0151 rakt\u00e1roz\u00e1s gy\u00f3gyszeripari, vegyi \u00e9s \u00e9lelmiszer-alapanyagokra. K\u00f6lts\u00e9goptimaliz\u00e1l\u00e1s.\" \/>\n<meta property=\"og:url\" content=\"https:\/\/comwin-europe.com\/hu\/szolgaltatasok\/logisztikai-es-raktarkezelesi-megoldasok\/\" \/>\n<meta property=\"og:site_name\" content=\"Comwin Europe\" \/>\n<meta property=\"article:modified_time\" content=\"2026-01-15T08:10:12+00:00\" \/>\n<meta property=\"og:image\" content=\"https:\/\/comwin-europe.com\/wp-content\/uploads\/2025\/12\/Logistics-Picture-1.webp\" \/>\n\t<meta property=\"og:image:width\" content=\"450\" \/>\n\t<meta property=\"og:image:height\" content=\"675\" \/>\n\t<meta property=\"og:image:type\" content=\"image\/webp\" \/>\n<meta name=\"twitter:card\" content=\"summary_large_image\" \/>\n<meta name=\"twitter:label1\" content=\"Becs\u00fclt olvas\u00e1si id\u0151\" \/>\n\t<meta name=\"twitter:data1\" content=\"2 perc\" \/>\n<script type=\"application\/ld+json\" class=\"yoast-schema-graph\">{\"@context\":\"https:\/\/schema.org\",\"@graph\":[{\"@type\":\"WebPage\",\"@id\":\"https:\/\/comwin-europe.com\/hu\/szolgaltatasok\/logisztikai-es-raktarkezelesi-megoldasok\/\",\"url\":\"https:\/\/comwin-europe.com\/hu\/szolgaltatasok\/logisztikai-es-raktarkezelesi-megoldasok\/\",\"name\":\"Logisztika \u00e9s rakt\u00e1rmenedzsment | ComWin Europe\",\"isPartOf\":{\"@id\":\"https:\/\/comwin-europe.com\/hu\/#website\"},\"primaryImageOfPage\":{\"@id\":\"https:\/\/comwin-europe.com\/hu\/szolgaltatasok\/logisztikai-es-raktarkezelesi-megoldasok\/#primaryimage\"},\"image\":{\"@id\":\"https:\/\/comwin-europe.com\/hu\/szolgaltatasok\/logisztikai-es-raktarkezelesi-megoldasok\/#primaryimage\"},\"thumbnailUrl\":\"https:\/\/comwin-europe.com\/wp-content\/uploads\/2025\/12\/Logistics-Picture-1.webp\",\"datePublished\":\"2025-10-28T07:50:50+00:00\",\"dateModified\":\"2026-01-15T08:10:12+00:00\",\"description\":\"Multimod\u00e1lis (tengeri, l\u00e9gi, vas\u00fati) sz\u00e1ll\u00edt\u00e1s \u00e9s el\u0151\u00edr\u00e1soknak megfelel\u0151 rakt\u00e1roz\u00e1s gy\u00f3gyszeripari, vegyi \u00e9s \u00e9lelmiszer-alapanyagokra. K\u00f6lts\u00e9goptimaliz\u00e1l\u00e1s.\",\"breadcrumb\":{\"@id\":\"https:\/\/comwin-europe.com\/hu\/szolgaltatasok\/logisztikai-es-raktarkezelesi-megoldasok\/#breadcrumb\"},\"inLanguage\":\"hu\",\"potentialAction\":[{\"@type\":\"ReadAction\",\"target\":[\"https:\/\/comwin-europe.com\/hu\/szolgaltatasok\/logisztikai-es-raktarkezelesi-megoldasok\/\"]}]},{\"@type\":\"ImageObject\",\"inLanguage\":\"hu\",\"@id\":\"https:\/\/comwin-europe.com\/hu\/szolgaltatasok\/logisztikai-es-raktarkezelesi-megoldasok\/#primaryimage\",\"url\":\"https:\/\/comwin-europe.com\/wp-content\/uploads\/2025\/12\/Logistics-Picture-1.webp\",\"contentUrl\":\"https:\/\/comwin-europe.com\/wp-content\/uploads\/2025\/12\/Logistics-Picture-1.webp\"},{\"@type\":\"BreadcrumbList\",\"@id\":\"https:\/\/comwin-europe.com\/hu\/szolgaltatasok\/logisztikai-es-raktarkezelesi-megoldasok\/#breadcrumb\",\"itemListElement\":[{\"@type\":\"ListItem\",\"position\":1,\"name\":\"Kezd\u0151lap\",\"item\":\"https:\/\/comwin-europe.com\/hu\/\"},{\"@type\":\"ListItem\",\"position\":2,\"name\":\"Szolg\u00e1ltat\u00e1sok\",\"item\":\"https:\/\/comwin-europe.com\/hu\/szolgaltatasok\/\"},{\"@type\":\"ListItem\",\"position\":3,\"name\":\"Logisztikai \u00e9s rakt\u00e1rkezel\u00e9si megold\u00e1sok\"}]},{\"@type\":\"WebSite\",\"@id\":\"https:\/\/comwin-europe.com\/hu\/#website\",\"url\":\"https:\/\/comwin-europe.com\/hu\/\",\"name\":\"Comwin-Europe\",\"description\":\"\",\"publisher\":{\"@id\":\"https:\/\/comwin-europe.com\/hu\/#organization\"},\"potentialAction\":[{\"@type\":\"SearchAction\",\"target\":{\"@type\":\"EntryPoint\",\"urlTemplate\":\"https:\/\/comwin-europe.com\/hu\/?s={search_term_string}\"},\"query-input\":{\"@type\":\"PropertyValueSpecification\",\"valueRequired\":true,\"valueName\":\"search_term_string\"}}],\"inLanguage\":\"hu\"},{\"@type\":\"Organization\",\"@id\":\"https:\/\/comwin-europe.com\/hu\/#organization\",\"name\":\"Comwin-Europe\",\"url\":\"https:\/\/comwin-europe.com\/hu\/\",\"logo\":{\"@type\":\"ImageObject\",\"inLanguage\":\"hu\",\"@id\":\"https:\/\/comwin-europe.com\/hu\/#\/schema\/logo\/image\/\",\"url\":\"https:\/\/comwin-europe.com\/wp-content\/uploads\/2025\/10\/LOGO.svg\",\"contentUrl\":\"https:\/\/comwin-europe.com\/wp-content\/uploads\/2025\/10\/LOGO.svg\",\"width\":230,\"height\":46,\"caption\":\"Comwin-Europe\"},\"image\":{\"@id\":\"https:\/\/comwin-europe.com\/hu\/#\/schema\/logo\/image\/\"}}]}<\/script>\n<!-- \/ Yoast SEO plugin. -->","yoast_head_json":{"title":"Logisztika \u00e9s rakt\u00e1rmenedzsment | ComWin Europe","description":"Multimod\u00e1lis (tengeri, l\u00e9gi, vas\u00fati) sz\u00e1ll\u00edt\u00e1s \u00e9s el\u0151\u00edr\u00e1soknak megfelel\u0151 rakt\u00e1roz\u00e1s gy\u00f3gyszeripari, vegyi \u00e9s \u00e9lelmiszer-alapanyagokra. K\u00f6lts\u00e9goptimaliz\u00e1l\u00e1s.","robots":{"index":"index","follow":"follow","max-snippet":"max-snippet:-1","max-image-preview":"max-image-preview:large","max-video-preview":"max-video-preview:-1"},"canonical":"https:\/\/comwin-europe.com\/hu\/szolgaltatasok\/logisztikai-es-raktarkezelesi-megoldasok\/","og_locale":"hu_HU","og_type":"article","og_title":"Logisztika \u00e9s rakt\u00e1rmenedzsment | ComWin Europe","og_description":"Multimod\u00e1lis (tengeri, l\u00e9gi, vas\u00fati) sz\u00e1ll\u00edt\u00e1s \u00e9s el\u0151\u00edr\u00e1soknak megfelel\u0151 rakt\u00e1roz\u00e1s gy\u00f3gyszeripari, vegyi \u00e9s \u00e9lelmiszer-alapanyagokra. K\u00f6lts\u00e9goptimaliz\u00e1l\u00e1s.","og_url":"https:\/\/comwin-europe.com\/hu\/szolgaltatasok\/logisztikai-es-raktarkezelesi-megoldasok\/","og_site_name":"Comwin Europe","article_modified_time":"2026-01-15T08:10:12+00:00","og_image":[{"width":450,"height":675,"url":"https:\/\/comwin-europe.com\/wp-content\/uploads\/2025\/12\/Logistics-Picture-1.webp","type":"image\/webp"}],"twitter_card":"summary_large_image","twitter_misc":{"Becs\u00fclt olvas\u00e1si id\u0151":"2 perc"},"schema":{"@context":"https:\/\/schema.org","@graph":[{"@type":"WebPage","@id":"https:\/\/comwin-europe.com\/hu\/szolgaltatasok\/logisztikai-es-raktarkezelesi-megoldasok\/","url":"https:\/\/comwin-europe.com\/hu\/szolgaltatasok\/logisztikai-es-raktarkezelesi-megoldasok\/","name":"Logisztika \u00e9s rakt\u00e1rmenedzsment | ComWin Europe","isPartOf":{"@id":"https:\/\/comwin-europe.com\/hu\/#website"},"primaryImageOfPage":{"@id":"https:\/\/comwin-europe.com\/hu\/szolgaltatasok\/logisztikai-es-raktarkezelesi-megoldasok\/#primaryimage"},"image":{"@id":"https:\/\/comwin-europe.com\/hu\/szolgaltatasok\/logisztikai-es-raktarkezelesi-megoldasok\/#primaryimage"},"thumbnailUrl":"https:\/\/comwin-europe.com\/wp-content\/uploads\/2025\/12\/Logistics-Picture-1.webp","datePublished":"2025-10-28T07:50:50+00:00","dateModified":"2026-01-15T08:10:12+00:00","description":"Multimod\u00e1lis (tengeri, l\u00e9gi, vas\u00fati) sz\u00e1ll\u00edt\u00e1s \u00e9s el\u0151\u00edr\u00e1soknak megfelel\u0151 rakt\u00e1roz\u00e1s gy\u00f3gyszeripari, vegyi \u00e9s \u00e9lelmiszer-alapanyagokra. K\u00f6lts\u00e9goptimaliz\u00e1l\u00e1s.","breadcrumb":{"@id":"https:\/\/comwin-europe.com\/hu\/szolgaltatasok\/logisztikai-es-raktarkezelesi-megoldasok\/#breadcrumb"},"inLanguage":"hu","potentialAction":[{"@type":"ReadAction","target":["https:\/\/comwin-europe.com\/hu\/szolgaltatasok\/logisztikai-es-raktarkezelesi-megoldasok\/"]}]},{"@type":"ImageObject","inLanguage":"hu","@id":"https:\/\/comwin-europe.com\/hu\/szolgaltatasok\/logisztikai-es-raktarkezelesi-megoldasok\/#primaryimage","url":"https:\/\/comwin-europe.com\/wp-content\/uploads\/2025\/12\/Logistics-Picture-1.webp","contentUrl":"https:\/\/comwin-europe.com\/wp-content\/uploads\/2025\/12\/Logistics-Picture-1.webp"},{"@type":"BreadcrumbList","@id":"https:\/\/comwin-europe.com\/hu\/szolgaltatasok\/logisztikai-es-raktarkezelesi-megoldasok\/#breadcrumb","itemListElement":[{"@type":"ListItem","position":1,"name":"Kezd\u0151lap","item":"https:\/\/comwin-europe.com\/hu\/"},{"@type":"ListItem","position":2,"name":"Szolg\u00e1ltat\u00e1sok","item":"https:\/\/comwin-europe.com\/hu\/szolgaltatasok\/"},{"@type":"ListItem","position":3,"name":"Logisztikai \u00e9s rakt\u00e1rkezel\u00e9si megold\u00e1sok"}]},{"@type":"WebSite","@id":"https:\/\/comwin-europe.com\/hu\/#website","url":"https:\/\/comwin-europe.com\/hu\/","name":"Comwin-Europe","description":"","publisher":{"@id":"https:\/\/comwin-europe.com\/hu\/#organization"},"potentialAction":[{"@type":"SearchAction","target":{"@type":"EntryPoint","urlTemplate":"https:\/\/comwin-europe.com\/hu\/?s={search_term_string}"},"query-input":{"@type":"PropertyValueSpecification","valueRequired":true,"valueName":"search_term_string"}}],"inLanguage":"hu"},{"@type":"Organization","@id":"https:\/\/comwin-europe.com\/hu\/#organization","name":"Comwin-Europe","url":"https:\/\/comwin-europe.com\/hu\/","logo":{"@type":"ImageObject","inLanguage":"hu","@id":"https:\/\/comwin-europe.com\/hu\/#\/schema\/logo\/image\/","url":"https:\/\/comwin-europe.com\/wp-content\/uploads\/2025\/10\/LOGO.svg","contentUrl":"https:\/\/comwin-europe.com\/wp-content\/uploads\/2025\/10\/LOGO.svg","width":230,"height":46,"caption":"Comwin-Europe"},"image":{"@id":"https:\/\/comwin-europe.com\/hu\/#\/schema\/logo\/image\/"}}]}},"_links":{"self":[{"href":"https:\/\/comwin-europe.com\/hu\/wp-json\/wp\/v2\/pages\/3676","targetHints":{"allow":["GET"]}}],"collection":[{"href":"https:\/\/comwin-europe.com\/hu\/wp-json\/wp\/v2\/pages"}],"about":[{"href":"https:\/\/comwin-europe.com\/hu\/wp-json\/wp\/v2\/types\/page"}],"author":[{"embeddable":true,"href":"https:\/\/comwin-europe.com\/hu\/wp-json\/wp\/v2\/users\/1"}],"replies":[{"embeddable":true,"href":"https:\/\/comwin-europe.com\/hu\/wp-json\/wp\/v2\/comments?post=3676"}],"version-history":[{"count":2,"href":"https:\/\/comwin-europe.com\/hu\/wp-json\/wp\/v2\/pages\/3676\/revisions"}],"predecessor-version":[{"id":3833,"href":"https:\/\/comwin-europe.com\/hu\/wp-json\/wp\/v2\/pages\/3676\/revisions\/3833"}],"up":[{"embeddable":true,"href":"https:\/\/comwin-europe.com\/hu\/wp-json\/wp\/v2\/pages\/3668"}],"wp:attachment":[{"href":"https:\/\/comwin-europe.com\/hu\/wp-json\/wp\/v2\/media?parent=3676"}],"curies":[{"name":"wp","href":"https:\/\/api.w.org\/{rel}","templated":true}]}}