{"id":3680,"date":"2025-10-28T08:05:00","date_gmt":"2025-10-28T08:05:00","guid":{"rendered":"http:\/\/comwin.local\/services\/order-execution-and-after-sales\/"},"modified":"2026-01-15T08:10:41","modified_gmt":"2026-01-15T08:10:41","slug":"megrendeleskezeles-es-ertekesites-utani-tamogatas","status":"publish","type":"page","link":"https:\/\/comwin-europe.com\/hu\/szolgaltatasok\/megrendeleskezeles-es-ertekesites-utani-tamogatas\/","title":{"rendered":"Megrendel\u00e9skezel\u00e9s \u00e9s \u00e9rt\u00e9kes\u00edt\u00e9s ut\u00e1ni t\u00e1mogat\u00e1s"},"content":{"rendered":"\n<p>Optimaliz\u00e1ljuk a teljes rendel\u00e9steljes\u00edt\u00e9si folyamatot, val\u00f3s idej\u0171 \u00e1tl\u00e1that\u00f3s\u00e1got biztos\u00edtunk az el\u0151rehalad\u00e1sr\u00f3l, \u00e9s hat\u00e9konyan kezelj\u00fck a hat\u00e1rokon \u00e1tny\u00fal\u00f3 \u00e9rt\u00e9kes\u00edt\u00e9s ut\u00e1ni vit\u00e1kat, mentes\u00edtve az \u00fcgyfeleket a folyamatk\u00f6vet\u00e9s \u00e9s probl\u00e9makezel\u00e9s terhe al\u00f3l.<\/p>\n\n\n\n<figure class=\"wp-block-image aligncenter size-full\"><img loading=\"lazy\" decoding=\"async\" width=\"924\" height=\"520\" src=\"https:\/\/comwin-europe.com\/wp-content\/uploads\/2025\/12\/Order-Picture-1.webp\" alt=\"\" class=\"wp-image-3625\" srcset=\"https:\/\/comwin-europe.com\/wp-content\/uploads\/2025\/12\/Order-Picture-1.webp 924w, https:\/\/comwin-europe.com\/wp-content\/uploads\/2025\/12\/Order-Picture-1-300x169.webp 300w, https:\/\/comwin-europe.com\/wp-content\/uploads\/2025\/12\/Order-Picture-1-768x432.webp 768w\" sizes=\"auto, (max-width: 924px) 100vw, 924px\" \/><\/figure>\n\n\n\n<h3 class=\"wp-block-heading\">1. Teljes k\u00f6r\u0171 rendel\u00e9sk\u00f6vet\u00e9s<\/h3>\n\n\n\n<p>Dedik\u00e1lt \u00fcgyf\u00e9lmenedzsereink fel\u00fcgyelik a teljes rendel\u00e9si \u00e9letciklust \u2013 a gy\u00e1rt\u00e1s\u00fctemez\u00e9st\u0151l \u00e9s anyag-el\u0151k\u00e9sz\u00edt\u00e9st\u0151l a rakt\u00e1roz\u00e1son, logisztik\u00e1n \u00e9s v\u00e1mkezel\u00e9sen \u00e1t \u2013 biztos\u00edtva az id\u0151ben \u00e9rkez\u0151, struktur\u00e1lt st\u00e1tuszfriss\u00edt\u00e9seket.<\/p>\n\n\n\n<figure class=\"wp-block-image aligncenter size-full\"><img loading=\"lazy\" decoding=\"async\" width=\"924\" height=\"520\" src=\"https:\/\/comwin-europe.com\/wp-content\/uploads\/2025\/12\/Order-Picture-2.webp\" alt=\"\" class=\"wp-image-3626\" srcset=\"https:\/\/comwin-europe.com\/wp-content\/uploads\/2025\/12\/Order-Picture-2.webp 924w, https:\/\/comwin-europe.com\/wp-content\/uploads\/2025\/12\/Order-Picture-2-300x169.webp 300w, https:\/\/comwin-europe.com\/wp-content\/uploads\/2025\/12\/Order-Picture-2-768x432.webp 768w\" sizes=\"auto, (max-width: 924px) 100vw, 924px\" \/><\/figure>\n\n\n\n<h3 class=\"wp-block-heading\">2. Professzion\u00e1lis \u00e9rt\u00e9kes\u00edt\u00e9s ut\u00e1ni vitakezel\u00e9s<\/h3>\n\n\n\n<p>Kapcsolattart\u00f3k\u00e9nt m\u0171k\u00f6d\u00fcnk az \u00fcgyfelek, besz\u00e1ll\u00edt\u00f3k \u00e9s sz\u00e1ll\u00edtm\u00e1nyoz\u00f3k k\u00f6z\u00f6tt a felmer\u00fcl\u0151 probl\u00e9m\u00e1k (pl. \u00e1ruk\u00e1r vagy hi\u00e1ny, min\u0151s\u00e9gi kifog\u00e1sok, visszak\u00fcld\u00e9si vagy csereig\u00e9nyek) hat\u00e9kony kezel\u00e9se \u00e9s a megold\u00e1sok megval\u00f3s\u00edt\u00e1sa \u00e9rdek\u00e9ben. \u201eSzem\u00e9lyes + 24\/7\u201d helyi t\u00e1mogat\u00e1st is biztos\u00edtunk: az \u00fcgyfelek irodai l\u00e1togat\u00e1st is egyeztethetnek az ig\u00e9nyek \u00e1tbesz\u00e9l\u00e9s\u00e9re.<\/p>\n\n\n\n<figure class=\"wp-block-image aligncenter size-full\"><img loading=\"lazy\" decoding=\"async\" width=\"924\" height=\"387\" src=\"https:\/\/comwin-europe.com\/wp-content\/uploads\/2025\/12\/Order-Picture-3.webp\" alt=\"\" class=\"wp-image-3627\" srcset=\"https:\/\/comwin-europe.com\/wp-content\/uploads\/2025\/12\/Order-Picture-3.webp 924w, https:\/\/comwin-europe.com\/wp-content\/uploads\/2025\/12\/Order-Picture-3-300x126.webp 300w, https:\/\/comwin-europe.com\/wp-content\/uploads\/2025\/12\/Order-Picture-3-768x322.webp 768w\" sizes=\"auto, (max-width: 924px) 100vw, 924px\" \/><\/figure>\n\n\n\n<h3 class=\"wp-block-heading\">3. Proakt\u00edv kock\u00e1zatel\u0151rejelz\u00e9s \u00e9s megel\u0151z\u00e9s<\/h3>\n\n\n\n<p>El\u0151zetes kock\u00e1zat\u00e9rt\u00e9kel\u00e9seket v\u00e9gz\u00fcnk a lehets\u00e9ges fennakad\u00e1sokra (pl. gy\u00e1rt\u00e1si k\u00e9sedelmek, logisztikai probl\u00e9m\u00e1k, min\u0151s\u00e9gi elt\u00e9r\u00e9sek), megel\u0151z\u0151 int\u00e9zked\u00e9seket alkalmazunk (pl. tartal\u00e9k logisztikai tervek), \u00e9s el\u0151re t\u00e1j\u00e9koztatjuk \u00fcgyfeleinket a rendel\u00e9steljes\u00edt\u00e9si kock\u00e1zatok minimaliz\u00e1l\u00e1sa \u00e9rdek\u00e9ben.<\/p>\n","protected":false},"excerpt":{"rendered":"<p>Optimaliz\u00e1ljuk a teljes rendel\u00e9steljes\u00edt\u00e9si folyamatot, val\u00f3s idej\u0171 \u00e1tl\u00e1that\u00f3s\u00e1got biztos\u00edtunk az el\u0151rehalad\u00e1sr\u00f3l, \u00e9s hat\u00e9konyan kezelj\u00fck a hat\u00e1rokon \u00e1tny\u00fal\u00f3 \u00e9rt\u00e9kes\u00edt\u00e9s ut\u00e1ni vit\u00e1kat, mentes\u00edtve az \u00fcgyfeleket a folyamatk\u00f6vet\u00e9s \u00e9s probl\u00e9makezel\u00e9s terhe al\u00f3l. 1. Teljes k\u00f6r\u0171 rendel\u00e9sk\u00f6vet\u00e9s Dedik\u00e1lt \u00fcgyf\u00e9lmenedzsereink fel\u00fcgyelik a teljes rendel\u00e9si \u00e9letciklust \u2013 a gy\u00e1rt\u00e1s\u00fctemez\u00e9st\u0151l \u00e9s anyag-el\u0151k\u00e9sz\u00edt\u00e9st\u0151l a rakt\u00e1roz\u00e1son, logisztik\u00e1n \u00e9s v\u00e1mkezel\u00e9sen \u00e1t \u2013 biztos\u00edtva az id\u0151ben [&hellip;]<\/p>\n","protected":false},"author":1,"featured_media":0,"parent":3668,"menu_order":0,"comment_status":"closed","ping_status":"closed","template":"template-parts\/page-default.php","meta":{"_acf_changed":false,"footnotes":""},"class_list":["post-3680","page","type-page","status-publish","hentry"],"acf":[],"yoast_head":"<!-- This site is optimized with the Yoast SEO plugin v26.8 - https:\/\/yoast.com\/product\/yoast-seo-wordpress\/ -->\n<title>Rendel\u00e9skezel\u00e9s \u00e9s after-sales | Teljes folyamatk\u00f6vet\u00e9s<\/title>\n<meta name=\"description\" content=\"Teljes \u00e9letciklus\u00fa rendel\u00e9sk\u00f6vet\u00e9s gy\u00e1rt\u00e1st\u00f3l v\u00e1mkezel\u00e9sig, val\u00f3s idej\u0171 st\u00e1tuszokkal. Professzion\u00e1lis reklam\u00e1ci\u00f3kezel\u00e9s \u00e9s 24\/7 helyi t\u00e1mogat\u00e1s Budapesten.\" \/>\n<meta name=\"robots\" content=\"index, follow, max-snippet:-1, max-image-preview:large, max-video-preview:-1\" \/>\n<link rel=\"canonical\" href=\"https:\/\/comwin-europe.com\/hu\/szolgaltatasok\/megrendeleskezeles-es-ertekesites-utani-tamogatas\/\" \/>\n<meta property=\"og:locale\" content=\"hu_HU\" \/>\n<meta property=\"og:type\" content=\"article\" \/>\n<meta property=\"og:title\" content=\"Rendel\u00e9skezel\u00e9s \u00e9s after-sales | Teljes folyamatk\u00f6vet\u00e9s\" \/>\n<meta property=\"og:description\" content=\"Teljes \u00e9letciklus\u00fa rendel\u00e9sk\u00f6vet\u00e9s gy\u00e1rt\u00e1st\u00f3l v\u00e1mkezel\u00e9sig, val\u00f3s idej\u0171 st\u00e1tuszokkal. Professzion\u00e1lis reklam\u00e1ci\u00f3kezel\u00e9s \u00e9s 24\/7 helyi t\u00e1mogat\u00e1s Budapesten.\" \/>\n<meta property=\"og:url\" content=\"https:\/\/comwin-europe.com\/hu\/szolgaltatasok\/megrendeleskezeles-es-ertekesites-utani-tamogatas\/\" \/>\n<meta property=\"og:site_name\" content=\"Comwin Europe\" \/>\n<meta property=\"article:modified_time\" content=\"2026-01-15T08:10:41+00:00\" \/>\n<meta property=\"og:image\" content=\"https:\/\/comwin-europe.com\/wp-content\/uploads\/2025\/12\/Order-Picture-1.webp\" \/>\n\t<meta property=\"og:image:width\" content=\"924\" \/>\n\t<meta property=\"og:image:height\" content=\"520\" \/>\n\t<meta property=\"og:image:type\" content=\"image\/webp\" \/>\n<meta name=\"twitter:card\" content=\"summary_large_image\" \/>\n<meta name=\"twitter:label1\" content=\"Becs\u00fclt olvas\u00e1si id\u0151\" \/>\n\t<meta name=\"twitter:data1\" content=\"2 perc\" \/>\n<script type=\"application\/ld+json\" class=\"yoast-schema-graph\">{\"@context\":\"https:\/\/schema.org\",\"@graph\":[{\"@type\":\"WebPage\",\"@id\":\"https:\/\/comwin-europe.com\/hu\/szolgaltatasok\/megrendeleskezeles-es-ertekesites-utani-tamogatas\/\",\"url\":\"https:\/\/comwin-europe.com\/hu\/szolgaltatasok\/megrendeleskezeles-es-ertekesites-utani-tamogatas\/\",\"name\":\"Rendel\u00e9skezel\u00e9s \u00e9s after-sales | Teljes folyamatk\u00f6vet\u00e9s\",\"isPartOf\":{\"@id\":\"https:\/\/comwin-europe.com\/hu\/#website\"},\"primaryImageOfPage\":{\"@id\":\"https:\/\/comwin-europe.com\/hu\/szolgaltatasok\/megrendeleskezeles-es-ertekesites-utani-tamogatas\/#primaryimage\"},\"image\":{\"@id\":\"https:\/\/comwin-europe.com\/hu\/szolgaltatasok\/megrendeleskezeles-es-ertekesites-utani-tamogatas\/#primaryimage\"},\"thumbnailUrl\":\"https:\/\/comwin-europe.com\/wp-content\/uploads\/2025\/12\/Order-Picture-1.webp\",\"datePublished\":\"2025-10-28T08:05:00+00:00\",\"dateModified\":\"2026-01-15T08:10:41+00:00\",\"description\":\"Teljes \u00e9letciklus\u00fa rendel\u00e9sk\u00f6vet\u00e9s gy\u00e1rt\u00e1st\u00f3l v\u00e1mkezel\u00e9sig, val\u00f3s idej\u0171 st\u00e1tuszokkal. Professzion\u00e1lis reklam\u00e1ci\u00f3kezel\u00e9s \u00e9s 24\/7 helyi t\u00e1mogat\u00e1s Budapesten.\",\"breadcrumb\":{\"@id\":\"https:\/\/comwin-europe.com\/hu\/szolgaltatasok\/megrendeleskezeles-es-ertekesites-utani-tamogatas\/#breadcrumb\"},\"inLanguage\":\"hu\",\"potentialAction\":[{\"@type\":\"ReadAction\",\"target\":[\"https:\/\/comwin-europe.com\/hu\/szolgaltatasok\/megrendeleskezeles-es-ertekesites-utani-tamogatas\/\"]}]},{\"@type\":\"ImageObject\",\"inLanguage\":\"hu\",\"@id\":\"https:\/\/comwin-europe.com\/hu\/szolgaltatasok\/megrendeleskezeles-es-ertekesites-utani-tamogatas\/#primaryimage\",\"url\":\"https:\/\/comwin-europe.com\/wp-content\/uploads\/2025\/12\/Order-Picture-1.webp\",\"contentUrl\":\"https:\/\/comwin-europe.com\/wp-content\/uploads\/2025\/12\/Order-Picture-1.webp\"},{\"@type\":\"BreadcrumbList\",\"@id\":\"https:\/\/comwin-europe.com\/hu\/szolgaltatasok\/megrendeleskezeles-es-ertekesites-utani-tamogatas\/#breadcrumb\",\"itemListElement\":[{\"@type\":\"ListItem\",\"position\":1,\"name\":\"Kezd\u0151lap\",\"item\":\"https:\/\/comwin-europe.com\/hu\/\"},{\"@type\":\"ListItem\",\"position\":2,\"name\":\"Szolg\u00e1ltat\u00e1sok\",\"item\":\"https:\/\/comwin-europe.com\/hu\/szolgaltatasok\/\"},{\"@type\":\"ListItem\",\"position\":3,\"name\":\"Megrendel\u00e9skezel\u00e9s \u00e9s \u00e9rt\u00e9kes\u00edt\u00e9s ut\u00e1ni t\u00e1mogat\u00e1s\"}]},{\"@type\":\"WebSite\",\"@id\":\"https:\/\/comwin-europe.com\/hu\/#website\",\"url\":\"https:\/\/comwin-europe.com\/hu\/\",\"name\":\"Comwin-Europe\",\"description\":\"\",\"publisher\":{\"@id\":\"https:\/\/comwin-europe.com\/hu\/#organization\"},\"potentialAction\":[{\"@type\":\"SearchAction\",\"target\":{\"@type\":\"EntryPoint\",\"urlTemplate\":\"https:\/\/comwin-europe.com\/hu\/?s={search_term_string}\"},\"query-input\":{\"@type\":\"PropertyValueSpecification\",\"valueRequired\":true,\"valueName\":\"search_term_string\"}}],\"inLanguage\":\"hu\"},{\"@type\":\"Organization\",\"@id\":\"https:\/\/comwin-europe.com\/hu\/#organization\",\"name\":\"Comwin-Europe\",\"url\":\"https:\/\/comwin-europe.com\/hu\/\",\"logo\":{\"@type\":\"ImageObject\",\"inLanguage\":\"hu\",\"@id\":\"https:\/\/comwin-europe.com\/hu\/#\/schema\/logo\/image\/\",\"url\":\"https:\/\/comwin-europe.com\/wp-content\/uploads\/2025\/10\/LOGO.svg\",\"contentUrl\":\"https:\/\/comwin-europe.com\/wp-content\/uploads\/2025\/10\/LOGO.svg\",\"width\":230,\"height\":46,\"caption\":\"Comwin-Europe\"},\"image\":{\"@id\":\"https:\/\/comwin-europe.com\/hu\/#\/schema\/logo\/image\/\"}}]}<\/script>\n<!-- \/ Yoast SEO plugin. -->","yoast_head_json":{"title":"Rendel\u00e9skezel\u00e9s \u00e9s after-sales | Teljes folyamatk\u00f6vet\u00e9s","description":"Teljes \u00e9letciklus\u00fa rendel\u00e9sk\u00f6vet\u00e9s gy\u00e1rt\u00e1st\u00f3l v\u00e1mkezel\u00e9sig, val\u00f3s idej\u0171 st\u00e1tuszokkal. Professzion\u00e1lis reklam\u00e1ci\u00f3kezel\u00e9s \u00e9s 24\/7 helyi t\u00e1mogat\u00e1s Budapesten.","robots":{"index":"index","follow":"follow","max-snippet":"max-snippet:-1","max-image-preview":"max-image-preview:large","max-video-preview":"max-video-preview:-1"},"canonical":"https:\/\/comwin-europe.com\/hu\/szolgaltatasok\/megrendeleskezeles-es-ertekesites-utani-tamogatas\/","og_locale":"hu_HU","og_type":"article","og_title":"Rendel\u00e9skezel\u00e9s \u00e9s after-sales | Teljes folyamatk\u00f6vet\u00e9s","og_description":"Teljes \u00e9letciklus\u00fa rendel\u00e9sk\u00f6vet\u00e9s gy\u00e1rt\u00e1st\u00f3l v\u00e1mkezel\u00e9sig, val\u00f3s idej\u0171 st\u00e1tuszokkal. Professzion\u00e1lis reklam\u00e1ci\u00f3kezel\u00e9s \u00e9s 24\/7 helyi t\u00e1mogat\u00e1s Budapesten.","og_url":"https:\/\/comwin-europe.com\/hu\/szolgaltatasok\/megrendeleskezeles-es-ertekesites-utani-tamogatas\/","og_site_name":"Comwin Europe","article_modified_time":"2026-01-15T08:10:41+00:00","og_image":[{"width":924,"height":520,"url":"https:\/\/comwin-europe.com\/wp-content\/uploads\/2025\/12\/Order-Picture-1.webp","type":"image\/webp"}],"twitter_card":"summary_large_image","twitter_misc":{"Becs\u00fclt olvas\u00e1si id\u0151":"2 perc"},"schema":{"@context":"https:\/\/schema.org","@graph":[{"@type":"WebPage","@id":"https:\/\/comwin-europe.com\/hu\/szolgaltatasok\/megrendeleskezeles-es-ertekesites-utani-tamogatas\/","url":"https:\/\/comwin-europe.com\/hu\/szolgaltatasok\/megrendeleskezeles-es-ertekesites-utani-tamogatas\/","name":"Rendel\u00e9skezel\u00e9s \u00e9s after-sales | Teljes folyamatk\u00f6vet\u00e9s","isPartOf":{"@id":"https:\/\/comwin-europe.com\/hu\/#website"},"primaryImageOfPage":{"@id":"https:\/\/comwin-europe.com\/hu\/szolgaltatasok\/megrendeleskezeles-es-ertekesites-utani-tamogatas\/#primaryimage"},"image":{"@id":"https:\/\/comwin-europe.com\/hu\/szolgaltatasok\/megrendeleskezeles-es-ertekesites-utani-tamogatas\/#primaryimage"},"thumbnailUrl":"https:\/\/comwin-europe.com\/wp-content\/uploads\/2025\/12\/Order-Picture-1.webp","datePublished":"2025-10-28T08:05:00+00:00","dateModified":"2026-01-15T08:10:41+00:00","description":"Teljes \u00e9letciklus\u00fa rendel\u00e9sk\u00f6vet\u00e9s gy\u00e1rt\u00e1st\u00f3l v\u00e1mkezel\u00e9sig, val\u00f3s idej\u0171 st\u00e1tuszokkal. Professzion\u00e1lis reklam\u00e1ci\u00f3kezel\u00e9s \u00e9s 24\/7 helyi t\u00e1mogat\u00e1s Budapesten.","breadcrumb":{"@id":"https:\/\/comwin-europe.com\/hu\/szolgaltatasok\/megrendeleskezeles-es-ertekesites-utani-tamogatas\/#breadcrumb"},"inLanguage":"hu","potentialAction":[{"@type":"ReadAction","target":["https:\/\/comwin-europe.com\/hu\/szolgaltatasok\/megrendeleskezeles-es-ertekesites-utani-tamogatas\/"]}]},{"@type":"ImageObject","inLanguage":"hu","@id":"https:\/\/comwin-europe.com\/hu\/szolgaltatasok\/megrendeleskezeles-es-ertekesites-utani-tamogatas\/#primaryimage","url":"https:\/\/comwin-europe.com\/wp-content\/uploads\/2025\/12\/Order-Picture-1.webp","contentUrl":"https:\/\/comwin-europe.com\/wp-content\/uploads\/2025\/12\/Order-Picture-1.webp"},{"@type":"BreadcrumbList","@id":"https:\/\/comwin-europe.com\/hu\/szolgaltatasok\/megrendeleskezeles-es-ertekesites-utani-tamogatas\/#breadcrumb","itemListElement":[{"@type":"ListItem","position":1,"name":"Kezd\u0151lap","item":"https:\/\/comwin-europe.com\/hu\/"},{"@type":"ListItem","position":2,"name":"Szolg\u00e1ltat\u00e1sok","item":"https:\/\/comwin-europe.com\/hu\/szolgaltatasok\/"},{"@type":"ListItem","position":3,"name":"Megrendel\u00e9skezel\u00e9s \u00e9s \u00e9rt\u00e9kes\u00edt\u00e9s ut\u00e1ni t\u00e1mogat\u00e1s"}]},{"@type":"WebSite","@id":"https:\/\/comwin-europe.com\/hu\/#website","url":"https:\/\/comwin-europe.com\/hu\/","name":"Comwin-Europe","description":"","publisher":{"@id":"https:\/\/comwin-europe.com\/hu\/#organization"},"potentialAction":[{"@type":"SearchAction","target":{"@type":"EntryPoint","urlTemplate":"https:\/\/comwin-europe.com\/hu\/?s={search_term_string}"},"query-input":{"@type":"PropertyValueSpecification","valueRequired":true,"valueName":"search_term_string"}}],"inLanguage":"hu"},{"@type":"Organization","@id":"https:\/\/comwin-europe.com\/hu\/#organization","name":"Comwin-Europe","url":"https:\/\/comwin-europe.com\/hu\/","logo":{"@type":"ImageObject","inLanguage":"hu","@id":"https:\/\/comwin-europe.com\/hu\/#\/schema\/logo\/image\/","url":"https:\/\/comwin-europe.com\/wp-content\/uploads\/2025\/10\/LOGO.svg","contentUrl":"https:\/\/comwin-europe.com\/wp-content\/uploads\/2025\/10\/LOGO.svg","width":230,"height":46,"caption":"Comwin-Europe"},"image":{"@id":"https:\/\/comwin-europe.com\/hu\/#\/schema\/logo\/image\/"}}]}},"_links":{"self":[{"href":"https:\/\/comwin-europe.com\/hu\/wp-json\/wp\/v2\/pages\/3680","targetHints":{"allow":["GET"]}}],"collection":[{"href":"https:\/\/comwin-europe.com\/hu\/wp-json\/wp\/v2\/pages"}],"about":[{"href":"https:\/\/comwin-europe.com\/hu\/wp-json\/wp\/v2\/types\/page"}],"author":[{"embeddable":true,"href":"https:\/\/comwin-europe.com\/hu\/wp-json\/wp\/v2\/users\/1"}],"replies":[{"embeddable":true,"href":"https:\/\/comwin-europe.com\/hu\/wp-json\/wp\/v2\/comments?post=3680"}],"version-history":[{"count":1,"href":"https:\/\/comwin-europe.com\/hu\/wp-json\/wp\/v2\/pages\/3680\/revisions"}],"predecessor-version":[{"id":3840,"href":"https:\/\/comwin-europe.com\/hu\/wp-json\/wp\/v2\/pages\/3680\/revisions\/3840"}],"up":[{"embeddable":true,"href":"https:\/\/comwin-europe.com\/hu\/wp-json\/wp\/v2\/pages\/3668"}],"wp:attachment":[{"href":"https:\/\/comwin-europe.com\/hu\/wp-json\/wp\/v2\/media?parent=3680"}],"curies":[{"name":"wp","href":"https:\/\/api.w.org\/{rel}","templated":true}]}}