{"id":3684,"date":"2025-10-28T07:43:29","date_gmt":"2025-10-28T07:43:29","guid":{"rendered":"http:\/\/comwin.local\/services\/sourcing-supply-management\/"},"modified":"2026-01-15T08:09:43","modified_gmt":"2026-01-15T08:09:43","slug":"beszerzes-es-ellatasmenedzsment","status":"publish","type":"page","link":"https:\/\/comwin-europe.com\/hu\/szolgaltatasok\/beszerzes-es-ellatasmenedzsment\/","title":{"rendered":"Beszerz\u00e9s \u00e9s ell\u00e1t\u00e1smenedzsment"},"content":{"rendered":"\n<p>K\u00f6lts\u00e9ghat\u00e9kony ell\u00e1t\u00e1si l\u00e1nc er\u0151forr\u00e1sokat azonos\u00edtunk \u00e9s illeszt\u00fcnk \u00fcgyfeleink ig\u00e9nyeihez, cs\u00f6kkentj\u00fck a beszerz\u00e9si k\u00f6lts\u00e9geket \u00e9s biztos\u00edtjuk a min\u0151s\u00e9gellen\u0151rz\u00e9st.<\/p>\n\n\n\n<h3 class=\"wp-block-heading\">1. Prec\u00edz besz\u00e1ll\u00edt\u00f3-illeszt\u00e9s:<\/h3>\n\n\n\n<p>T\u00f6bb mint 20 \u00e9ves ipar\u00e1gi adatb\u00e1zisunkra t\u00e1maszkodunk, amely t\u00f6bb mint 1 000 kiv\u00e1l\u00f3 min\u0151s\u00e9g\u0171 k\u00ednai besz\u00e1ll\u00edt\u00f3t tartalmaz. A K\u00edna-k\u00f6zpont\u00fa beszerz\u00e9st glob\u00e1lis sourcing k\u00e9pess\u00e9gekkel eg\u00e9sz\u00edtj\u00fck ki. Az \u00fcgyf\u00e9lig\u00e9nyek (anyag, kapacit\u00e1s, tan\u00fas\u00edt\u00e1si k\u00f6vetelm\u00e9nyek) szerinti c\u00e9lzott sz\u0171r\u00e9s megsz\u00fcnteti a nem hat\u00e9kony p\u00e1ros\u00edt\u00e1sokat.<\/p>\n\n\n\n<figure class=\"wp-block-image aligncenter size-full\"><img loading=\"lazy\" decoding=\"async\" width=\"924\" height=\"569\" src=\"https:\/\/comwin-europe.com\/wp-content\/uploads\/2025\/12\/Sourcing-Picture-1.webp\" alt=\"\" class=\"wp-image-3616\" srcset=\"https:\/\/comwin-europe.com\/wp-content\/uploads\/2025\/12\/Sourcing-Picture-1.webp 924w, https:\/\/comwin-europe.com\/wp-content\/uploads\/2025\/12\/Sourcing-Picture-1-300x185.webp 300w, https:\/\/comwin-europe.com\/wp-content\/uploads\/2025\/12\/Sourcing-Picture-1-768x473.webp 768w\" sizes=\"auto, (max-width: 924px) 100vw, 924px\" \/><\/figure>\n\n\n\n<h3 class=\"wp-block-heading\">2. Teljes k\u00f6r\u0171 min\u0151s\u00e9gellen\u0151rz\u00e9s \u00e9s besz\u00e1ll\u00edt\u00f3-besorol\u00e1s:<\/h3>\n\n\n\n<p>Gy\u00e1rt\u00e1s el\u0151tti gy\u00e1rauditokat v\u00e9gz\u00fcnk (ellen\u0151rizz\u00fck a gy\u00e1rt\u00e1si jogosults\u00e1gokat, megfelel\u0151s\u00e9get \u00e9s a c\u00e9lpiaci tan\u00fas\u00edtv\u00e1nyokat, p\u00e9ld\u00e1ul CE, FDA), majd az ellen\u0151rz\u00f6tt besz\u00e1ll\u00edt\u00f3kat h\u00e1rom kateg\u00f3ri\u00e1ba soroljuk (alap, tartal\u00e9k, potenci\u00e1lis) a term\u00e9kmegfelel\u0151s\u00e9g \u00e9s az ell\u00e1t\u00e1s stabilit\u00e1s\u00e1nak biztos\u00edt\u00e1sa \u00e9rdek\u00e9ben.<\/p>\n\n\n\n<figure class=\"wp-block-image aligncenter size-full\"><img loading=\"lazy\" decoding=\"async\" width=\"924\" height=\"616\" src=\"https:\/\/comwin-europe.com\/wp-content\/uploads\/2025\/12\/Sourcing-Picture-2.webp\" alt=\"\" class=\"wp-image-3617\" srcset=\"https:\/\/comwin-europe.com\/wp-content\/uploads\/2025\/12\/Sourcing-Picture-2.webp 924w, https:\/\/comwin-europe.com\/wp-content\/uploads\/2025\/12\/Sourcing-Picture-2-300x200.webp 300w, https:\/\/comwin-europe.com\/wp-content\/uploads\/2025\/12\/Sourcing-Picture-2-768x512.webp 768w\" sizes=\"auto, (max-width: 924px) 100vw, 924px\" \/><\/figure>\n\n\n\n<h3 class=\"wp-block-heading\">3. Ell\u00e1t\u00e1si l\u00e1nc optimaliz\u00e1l\u00e1sa<\/h3>\n\n\n\n<p>K\u00e9szletszint-riaszt\u00e1sokat \u00e9s t\u00f6bb besz\u00e1ll\u00edt\u00f3ra \u00e9p\u00fcl\u0151 tartal\u00e9k terveket biztos\u00edtunk hossz\u00fa t\u00e1v\u00fa \u00fcgyfeleink sz\u00e1m\u00e1ra, cs\u00f6kkentve a kock\u00e1zatokat (pl. alapanyag\u00e1r-ingadoz\u00e1s, logisztikai k\u00e9sedelmek) \u00e9s stabil sz\u00e1ll\u00edt\u00e1si ciklusokat garant\u00e1lva.<\/p>\n\n\n\n<figure class=\"wp-block-image aligncenter size-full\"><img loading=\"lazy\" decoding=\"async\" width=\"924\" height=\"924\" src=\"https:\/\/comwin-europe.com\/wp-content\/uploads\/2025\/12\/Sourcing-Picture-3.webp\" alt=\"\" class=\"wp-image-3618\" srcset=\"https:\/\/comwin-europe.com\/wp-content\/uploads\/2025\/12\/Sourcing-Picture-3.webp 924w, https:\/\/comwin-europe.com\/wp-content\/uploads\/2025\/12\/Sourcing-Picture-3-300x300.webp 300w, https:\/\/comwin-europe.com\/wp-content\/uploads\/2025\/12\/Sourcing-Picture-3-150x150.webp 150w, https:\/\/comwin-europe.com\/wp-content\/uploads\/2025\/12\/Sourcing-Picture-3-768x768.webp 768w, https:\/\/comwin-europe.com\/wp-content\/uploads\/2025\/12\/Sourcing-Picture-3-500x500.webp 500w\" sizes=\"auto, (max-width: 924px) 100vw, 924px\" \/><\/figure>\n","protected":false},"excerpt":{"rendered":"<p>K\u00f6lts\u00e9ghat\u00e9kony ell\u00e1t\u00e1si l\u00e1nc er\u0151forr\u00e1sokat azonos\u00edtunk \u00e9s illeszt\u00fcnk \u00fcgyfeleink ig\u00e9nyeihez, cs\u00f6kkentj\u00fck a beszerz\u00e9si k\u00f6lts\u00e9geket \u00e9s biztos\u00edtjuk a min\u0151s\u00e9gellen\u0151rz\u00e9st. 1. Prec\u00edz besz\u00e1ll\u00edt\u00f3-illeszt\u00e9s: T\u00f6bb mint 20 \u00e9ves ipar\u00e1gi adatb\u00e1zisunkra t\u00e1maszkodunk, amely t\u00f6bb mint 1 000 kiv\u00e1l\u00f3 min\u0151s\u00e9g\u0171 k\u00ednai besz\u00e1ll\u00edt\u00f3t tartalmaz. A K\u00edna-k\u00f6zpont\u00fa beszerz\u00e9st glob\u00e1lis sourcing k\u00e9pess\u00e9gekkel eg\u00e9sz\u00edtj\u00fck ki. Az \u00fcgyf\u00e9lig\u00e9nyek (anyag, kapacit\u00e1s, tan\u00fas\u00edt\u00e1si k\u00f6vetelm\u00e9nyek) szerinti c\u00e9lzott sz\u0171r\u00e9s megsz\u00fcnteti [&hellip;]<\/p>\n","protected":false},"author":1,"featured_media":0,"parent":3668,"menu_order":0,"comment_status":"closed","ping_status":"closed","template":"template-parts\/page-default.php","meta":{"_acf_changed":false,"footnotes":""},"class_list":["post-3684","page","type-page","status-publish","hentry"],"acf":[],"yoast_head":"<!-- This site is optimized with the Yoast SEO plugin v26.8 - https:\/\/yoast.com\/product\/yoast-seo-wordpress\/ -->\n<title>Beszerz\u00e9s \u00e9s ell\u00e1t\u00e1sl\u00e1nc-menedzsment | ComWin Europe<\/title>\n<meta name=\"description\" content=\"Prec\u00edz besz\u00e1ll\u00edt\u00f3-illeszt\u00e9s 20+ \u00e9v tapasztalattal \u00e9s 1.000+ k\u00ednai partnerrel. Gy\u00e1raudit, CE\/FDA megfelel\u00e9s, min\u0151s\u00e9gbiztos\u00edt\u00e1s \u00e9s ell\u00e1t\u00e1sbiztons\u00e1gi tervek.\" \/>\n<meta name=\"robots\" content=\"index, follow, max-snippet:-1, max-image-preview:large, max-video-preview:-1\" \/>\n<link rel=\"canonical\" href=\"https:\/\/comwin-europe.com\/hu\/szolgaltatasok\/beszerzes-es-ellatasmenedzsment\/\" \/>\n<meta property=\"og:locale\" content=\"hu_HU\" \/>\n<meta property=\"og:type\" content=\"article\" \/>\n<meta property=\"og:title\" content=\"Beszerz\u00e9s \u00e9s ell\u00e1t\u00e1sl\u00e1nc-menedzsment | ComWin Europe\" \/>\n<meta property=\"og:description\" content=\"Prec\u00edz besz\u00e1ll\u00edt\u00f3-illeszt\u00e9s 20+ \u00e9v tapasztalattal \u00e9s 1.000+ k\u00ednai partnerrel. Gy\u00e1raudit, CE\/FDA megfelel\u00e9s, min\u0151s\u00e9gbiztos\u00edt\u00e1s \u00e9s ell\u00e1t\u00e1sbiztons\u00e1gi tervek.\" \/>\n<meta property=\"og:url\" content=\"https:\/\/comwin-europe.com\/hu\/szolgaltatasok\/beszerzes-es-ellatasmenedzsment\/\" \/>\n<meta property=\"og:site_name\" content=\"Comwin Europe\" \/>\n<meta property=\"article:modified_time\" content=\"2026-01-15T08:09:43+00:00\" \/>\n<meta property=\"og:image\" content=\"https:\/\/comwin-europe.com\/wp-content\/uploads\/2025\/12\/Sourcing-Picture-1.webp\" \/>\n\t<meta property=\"og:image:width\" content=\"924\" \/>\n\t<meta property=\"og:image:height\" content=\"569\" \/>\n\t<meta property=\"og:image:type\" content=\"image\/webp\" \/>\n<meta name=\"twitter:card\" content=\"summary_large_image\" \/>\n<meta name=\"twitter:label1\" content=\"Becs\u00fclt olvas\u00e1si id\u0151\" \/>\n\t<meta name=\"twitter:data1\" content=\"2 perc\" \/>\n<script type=\"application\/ld+json\" class=\"yoast-schema-graph\">{\"@context\":\"https:\/\/schema.org\",\"@graph\":[{\"@type\":\"WebPage\",\"@id\":\"https:\/\/comwin-europe.com\/hu\/szolgaltatasok\/beszerzes-es-ellatasmenedzsment\/\",\"url\":\"https:\/\/comwin-europe.com\/hu\/szolgaltatasok\/beszerzes-es-ellatasmenedzsment\/\",\"name\":\"Beszerz\u00e9s \u00e9s ell\u00e1t\u00e1sl\u00e1nc-menedzsment | ComWin Europe\",\"isPartOf\":{\"@id\":\"https:\/\/comwin-europe.com\/hu\/#website\"},\"primaryImageOfPage\":{\"@id\":\"https:\/\/comwin-europe.com\/hu\/szolgaltatasok\/beszerzes-es-ellatasmenedzsment\/#primaryimage\"},\"image\":{\"@id\":\"https:\/\/comwin-europe.com\/hu\/szolgaltatasok\/beszerzes-es-ellatasmenedzsment\/#primaryimage\"},\"thumbnailUrl\":\"https:\/\/comwin-europe.com\/wp-content\/uploads\/2025\/12\/Sourcing-Picture-1.webp\",\"datePublished\":\"2025-10-28T07:43:29+00:00\",\"dateModified\":\"2026-01-15T08:09:43+00:00\",\"description\":\"Prec\u00edz besz\u00e1ll\u00edt\u00f3-illeszt\u00e9s 20+ \u00e9v tapasztalattal \u00e9s 1.000+ k\u00ednai partnerrel. Gy\u00e1raudit, CE\/FDA megfelel\u00e9s, min\u0151s\u00e9gbiztos\u00edt\u00e1s \u00e9s ell\u00e1t\u00e1sbiztons\u00e1gi tervek.\",\"breadcrumb\":{\"@id\":\"https:\/\/comwin-europe.com\/hu\/szolgaltatasok\/beszerzes-es-ellatasmenedzsment\/#breadcrumb\"},\"inLanguage\":\"hu\",\"potentialAction\":[{\"@type\":\"ReadAction\",\"target\":[\"https:\/\/comwin-europe.com\/hu\/szolgaltatasok\/beszerzes-es-ellatasmenedzsment\/\"]}]},{\"@type\":\"ImageObject\",\"inLanguage\":\"hu\",\"@id\":\"https:\/\/comwin-europe.com\/hu\/szolgaltatasok\/beszerzes-es-ellatasmenedzsment\/#primaryimage\",\"url\":\"https:\/\/comwin-europe.com\/wp-content\/uploads\/2025\/12\/Sourcing-Picture-1.webp\",\"contentUrl\":\"https:\/\/comwin-europe.com\/wp-content\/uploads\/2025\/12\/Sourcing-Picture-1.webp\"},{\"@type\":\"BreadcrumbList\",\"@id\":\"https:\/\/comwin-europe.com\/hu\/szolgaltatasok\/beszerzes-es-ellatasmenedzsment\/#breadcrumb\",\"itemListElement\":[{\"@type\":\"ListItem\",\"position\":1,\"name\":\"Kezd\u0151lap\",\"item\":\"https:\/\/comwin-europe.com\/hu\/\"},{\"@type\":\"ListItem\",\"position\":2,\"name\":\"Szolg\u00e1ltat\u00e1sok\",\"item\":\"https:\/\/comwin-europe.com\/hu\/szolgaltatasok\/\"},{\"@type\":\"ListItem\",\"position\":3,\"name\":\"Beszerz\u00e9s \u00e9s ell\u00e1t\u00e1smenedzsment\"}]},{\"@type\":\"WebSite\",\"@id\":\"https:\/\/comwin-europe.com\/hu\/#website\",\"url\":\"https:\/\/comwin-europe.com\/hu\/\",\"name\":\"Comwin-Europe\",\"description\":\"\",\"publisher\":{\"@id\":\"https:\/\/comwin-europe.com\/hu\/#organization\"},\"potentialAction\":[{\"@type\":\"SearchAction\",\"target\":{\"@type\":\"EntryPoint\",\"urlTemplate\":\"https:\/\/comwin-europe.com\/hu\/?s={search_term_string}\"},\"query-input\":{\"@type\":\"PropertyValueSpecification\",\"valueRequired\":true,\"valueName\":\"search_term_string\"}}],\"inLanguage\":\"hu\"},{\"@type\":\"Organization\",\"@id\":\"https:\/\/comwin-europe.com\/hu\/#organization\",\"name\":\"Comwin-Europe\",\"url\":\"https:\/\/comwin-europe.com\/hu\/\",\"logo\":{\"@type\":\"ImageObject\",\"inLanguage\":\"hu\",\"@id\":\"https:\/\/comwin-europe.com\/hu\/#\/schema\/logo\/image\/\",\"url\":\"https:\/\/comwin-europe.com\/wp-content\/uploads\/2025\/10\/LOGO.svg\",\"contentUrl\":\"https:\/\/comwin-europe.com\/wp-content\/uploads\/2025\/10\/LOGO.svg\",\"width\":230,\"height\":46,\"caption\":\"Comwin-Europe\"},\"image\":{\"@id\":\"https:\/\/comwin-europe.com\/hu\/#\/schema\/logo\/image\/\"}}]}<\/script>\n<!-- \/ Yoast SEO plugin. -->","yoast_head_json":{"title":"Beszerz\u00e9s \u00e9s ell\u00e1t\u00e1sl\u00e1nc-menedzsment | ComWin Europe","description":"Prec\u00edz besz\u00e1ll\u00edt\u00f3-illeszt\u00e9s 20+ \u00e9v tapasztalattal \u00e9s 1.000+ k\u00ednai partnerrel. Gy\u00e1raudit, CE\/FDA megfelel\u00e9s, min\u0151s\u00e9gbiztos\u00edt\u00e1s \u00e9s ell\u00e1t\u00e1sbiztons\u00e1gi tervek.","robots":{"index":"index","follow":"follow","max-snippet":"max-snippet:-1","max-image-preview":"max-image-preview:large","max-video-preview":"max-video-preview:-1"},"canonical":"https:\/\/comwin-europe.com\/hu\/szolgaltatasok\/beszerzes-es-ellatasmenedzsment\/","og_locale":"hu_HU","og_type":"article","og_title":"Beszerz\u00e9s \u00e9s ell\u00e1t\u00e1sl\u00e1nc-menedzsment | ComWin Europe","og_description":"Prec\u00edz besz\u00e1ll\u00edt\u00f3-illeszt\u00e9s 20+ \u00e9v tapasztalattal \u00e9s 1.000+ k\u00ednai partnerrel. Gy\u00e1raudit, CE\/FDA megfelel\u00e9s, min\u0151s\u00e9gbiztos\u00edt\u00e1s \u00e9s ell\u00e1t\u00e1sbiztons\u00e1gi tervek.","og_url":"https:\/\/comwin-europe.com\/hu\/szolgaltatasok\/beszerzes-es-ellatasmenedzsment\/","og_site_name":"Comwin Europe","article_modified_time":"2026-01-15T08:09:43+00:00","og_image":[{"width":924,"height":569,"url":"https:\/\/comwin-europe.com\/wp-content\/uploads\/2025\/12\/Sourcing-Picture-1.webp","type":"image\/webp"}],"twitter_card":"summary_large_image","twitter_misc":{"Becs\u00fclt olvas\u00e1si id\u0151":"2 perc"},"schema":{"@context":"https:\/\/schema.org","@graph":[{"@type":"WebPage","@id":"https:\/\/comwin-europe.com\/hu\/szolgaltatasok\/beszerzes-es-ellatasmenedzsment\/","url":"https:\/\/comwin-europe.com\/hu\/szolgaltatasok\/beszerzes-es-ellatasmenedzsment\/","name":"Beszerz\u00e9s \u00e9s ell\u00e1t\u00e1sl\u00e1nc-menedzsment | ComWin Europe","isPartOf":{"@id":"https:\/\/comwin-europe.com\/hu\/#website"},"primaryImageOfPage":{"@id":"https:\/\/comwin-europe.com\/hu\/szolgaltatasok\/beszerzes-es-ellatasmenedzsment\/#primaryimage"},"image":{"@id":"https:\/\/comwin-europe.com\/hu\/szolgaltatasok\/beszerzes-es-ellatasmenedzsment\/#primaryimage"},"thumbnailUrl":"https:\/\/comwin-europe.com\/wp-content\/uploads\/2025\/12\/Sourcing-Picture-1.webp","datePublished":"2025-10-28T07:43:29+00:00","dateModified":"2026-01-15T08:09:43+00:00","description":"Prec\u00edz besz\u00e1ll\u00edt\u00f3-illeszt\u00e9s 20+ \u00e9v tapasztalattal \u00e9s 1.000+ k\u00ednai partnerrel. Gy\u00e1raudit, CE\/FDA megfelel\u00e9s, min\u0151s\u00e9gbiztos\u00edt\u00e1s \u00e9s ell\u00e1t\u00e1sbiztons\u00e1gi tervek.","breadcrumb":{"@id":"https:\/\/comwin-europe.com\/hu\/szolgaltatasok\/beszerzes-es-ellatasmenedzsment\/#breadcrumb"},"inLanguage":"hu","potentialAction":[{"@type":"ReadAction","target":["https:\/\/comwin-europe.com\/hu\/szolgaltatasok\/beszerzes-es-ellatasmenedzsment\/"]}]},{"@type":"ImageObject","inLanguage":"hu","@id":"https:\/\/comwin-europe.com\/hu\/szolgaltatasok\/beszerzes-es-ellatasmenedzsment\/#primaryimage","url":"https:\/\/comwin-europe.com\/wp-content\/uploads\/2025\/12\/Sourcing-Picture-1.webp","contentUrl":"https:\/\/comwin-europe.com\/wp-content\/uploads\/2025\/12\/Sourcing-Picture-1.webp"},{"@type":"BreadcrumbList","@id":"https:\/\/comwin-europe.com\/hu\/szolgaltatasok\/beszerzes-es-ellatasmenedzsment\/#breadcrumb","itemListElement":[{"@type":"ListItem","position":1,"name":"Kezd\u0151lap","item":"https:\/\/comwin-europe.com\/hu\/"},{"@type":"ListItem","position":2,"name":"Szolg\u00e1ltat\u00e1sok","item":"https:\/\/comwin-europe.com\/hu\/szolgaltatasok\/"},{"@type":"ListItem","position":3,"name":"Beszerz\u00e9s \u00e9s ell\u00e1t\u00e1smenedzsment"}]},{"@type":"WebSite","@id":"https:\/\/comwin-europe.com\/hu\/#website","url":"https:\/\/comwin-europe.com\/hu\/","name":"Comwin-Europe","description":"","publisher":{"@id":"https:\/\/comwin-europe.com\/hu\/#organization"},"potentialAction":[{"@type":"SearchAction","target":{"@type":"EntryPoint","urlTemplate":"https:\/\/comwin-europe.com\/hu\/?s={search_term_string}"},"query-input":{"@type":"PropertyValueSpecification","valueRequired":true,"valueName":"search_term_string"}}],"inLanguage":"hu"},{"@type":"Organization","@id":"https:\/\/comwin-europe.com\/hu\/#organization","name":"Comwin-Europe","url":"https:\/\/comwin-europe.com\/hu\/","logo":{"@type":"ImageObject","inLanguage":"hu","@id":"https:\/\/comwin-europe.com\/hu\/#\/schema\/logo\/image\/","url":"https:\/\/comwin-europe.com\/wp-content\/uploads\/2025\/10\/LOGO.svg","contentUrl":"https:\/\/comwin-europe.com\/wp-content\/uploads\/2025\/10\/LOGO.svg","width":230,"height":46,"caption":"Comwin-Europe"},"image":{"@id":"https:\/\/comwin-europe.com\/hu\/#\/schema\/logo\/image\/"}}]}},"_links":{"self":[{"href":"https:\/\/comwin-europe.com\/hu\/wp-json\/wp\/v2\/pages\/3684","targetHints":{"allow":["GET"]}}],"collection":[{"href":"https:\/\/comwin-europe.com\/hu\/wp-json\/wp\/v2\/pages"}],"about":[{"href":"https:\/\/comwin-europe.com\/hu\/wp-json\/wp\/v2\/types\/page"}],"author":[{"embeddable":true,"href":"https:\/\/comwin-europe.com\/hu\/wp-json\/wp\/v2\/users\/1"}],"replies":[{"embeddable":true,"href":"https:\/\/comwin-europe.com\/hu\/wp-json\/wp\/v2\/comments?post=3684"}],"version-history":[{"count":1,"href":"https:\/\/comwin-europe.com\/hu\/wp-json\/wp\/v2\/pages\/3684\/revisions"}],"predecessor-version":[{"id":3825,"href":"https:\/\/comwin-europe.com\/hu\/wp-json\/wp\/v2\/pages\/3684\/revisions\/3825"}],"up":[{"embeddable":true,"href":"https:\/\/comwin-europe.com\/hu\/wp-json\/wp\/v2\/pages\/3668"}],"wp:attachment":[{"href":"https:\/\/comwin-europe.com\/hu\/wp-json\/wp\/v2\/media?parent=3684"}],"curies":[{"name":"wp","href":"https:\/\/api.w.org\/{rel}","templated":true}]}}