{"id":3688,"date":"2025-06-05T09:46:27","date_gmt":"2025-06-05T09:46:27","guid":{"rendered":"http:\/\/comwin.local\/sustainability\/"},"modified":"2026-01-15T09:17:09","modified_gmt":"2026-01-15T09:17:09","slug":"fenntarthatosag","status":"publish","type":"page","link":"https:\/\/comwin-europe.com\/hu\/fenntarthatosag\/","title":{"rendered":"Fenntarthat\u00f3s\u00e1g"},"content":{"rendered":"","protected":false},"excerpt":{"rendered":"","protected":false},"author":1,"featured_media":0,"parent":0,"menu_order":0,"comment_status":"closed","ping_status":"closed","template":"template-parts\/page-sustainability.php","meta":{"_acf_changed":false,"footnotes":""},"class_list":["post-3688","page","type-page","status-publish","hentry"],"acf":[],"yoast_head":"<!-- This site is optimized with the Yoast SEO plugin v26.8 - https:\/\/yoast.com\/product\/yoast-seo-wordpress\/ -->\n<title>Fenntarthat\u00f3s\u00e1g | CSR, EcoVadis \u00e9s felel\u0151s ell\u00e1t\u00e1si l\u00e1nc<\/title>\n<meta name=\"description\" content=\"CSR kult\u00far\u00e1nk h\u00e1rom pill\u00e9re: profitabilit\u00e1s, t\u00e1rsadalmi felel\u0151ss\u00e9gv\u00e1llal\u00e1s \u00e9s k\u00f6rnyezeti gondoss\u00e1g. K\u00f6vesd ESG-c\u00e9ljainkat, etikai elveinket \u00e9s eredm\u00e9nyeinket.\" \/>\n<meta name=\"robots\" content=\"index, follow, max-snippet:-1, max-image-preview:large, max-video-preview:-1\" \/>\n<link rel=\"canonical\" href=\"https:\/\/comwin-europe.com\/hu\/fenntarthatosag\/\" \/>\n<meta property=\"og:locale\" content=\"hu_HU\" \/>\n<meta property=\"og:type\" content=\"article\" \/>\n<meta property=\"og:title\" content=\"Fenntarthat\u00f3s\u00e1g | CSR, EcoVadis \u00e9s felel\u0151s ell\u00e1t\u00e1si l\u00e1nc\" \/>\n<meta property=\"og:description\" content=\"CSR kult\u00far\u00e1nk h\u00e1rom pill\u00e9re: profitabilit\u00e1s, t\u00e1rsadalmi felel\u0151ss\u00e9gv\u00e1llal\u00e1s \u00e9s k\u00f6rnyezeti gondoss\u00e1g. K\u00f6vesd ESG-c\u00e9ljainkat, etikai elveinket \u00e9s eredm\u00e9nyeinket.\" \/>\n<meta property=\"og:url\" content=\"https:\/\/comwin-europe.com\/hu\/fenntarthatosag\/\" \/>\n<meta property=\"og:site_name\" content=\"Comwin Europe\" \/>\n<meta property=\"article:modified_time\" content=\"2026-01-15T09:17:09+00:00\" \/>\n<meta name=\"twitter:card\" content=\"summary_large_image\" \/>\n<script type=\"application\/ld+json\" class=\"yoast-schema-graph\">{\"@context\":\"https:\/\/schema.org\",\"@graph\":[{\"@type\":\"WebPage\",\"@id\":\"https:\/\/comwin-europe.com\/hu\/fenntarthatosag\/\",\"url\":\"https:\/\/comwin-europe.com\/hu\/fenntarthatosag\/\",\"name\":\"Fenntarthat\u00f3s\u00e1g | CSR, EcoVadis \u00e9s felel\u0151s ell\u00e1t\u00e1si l\u00e1nc\",\"isPartOf\":{\"@id\":\"https:\/\/comwin-europe.com\/hu\/#website\"},\"datePublished\":\"2025-06-05T09:46:27+00:00\",\"dateModified\":\"2026-01-15T09:17:09+00:00\",\"description\":\"CSR kult\u00far\u00e1nk h\u00e1rom pill\u00e9re: profitabilit\u00e1s, t\u00e1rsadalmi felel\u0151ss\u00e9gv\u00e1llal\u00e1s \u00e9s k\u00f6rnyezeti gondoss\u00e1g. K\u00f6vesd ESG-c\u00e9ljainkat, etikai elveinket \u00e9s eredm\u00e9nyeinket.\",\"breadcrumb\":{\"@id\":\"https:\/\/comwin-europe.com\/hu\/fenntarthatosag\/#breadcrumb\"},\"inLanguage\":\"hu\",\"potentialAction\":[{\"@type\":\"ReadAction\",\"target\":[\"https:\/\/comwin-europe.com\/hu\/fenntarthatosag\/\"]}]},{\"@type\":\"BreadcrumbList\",\"@id\":\"https:\/\/comwin-europe.com\/hu\/fenntarthatosag\/#breadcrumb\",\"itemListElement\":[{\"@type\":\"ListItem\",\"position\":1,\"name\":\"Kezd\u0151lap\",\"item\":\"https:\/\/comwin-europe.com\/hu\/\"},{\"@type\":\"ListItem\",\"position\":2,\"name\":\"Fenntarthat\u00f3s\u00e1g\"}]},{\"@type\":\"WebSite\",\"@id\":\"https:\/\/comwin-europe.com\/hu\/#website\",\"url\":\"https:\/\/comwin-europe.com\/hu\/\",\"name\":\"Comwin-Europe\",\"description\":\"\",\"publisher\":{\"@id\":\"https:\/\/comwin-europe.com\/hu\/#organization\"},\"potentialAction\":[{\"@type\":\"SearchAction\",\"target\":{\"@type\":\"EntryPoint\",\"urlTemplate\":\"https:\/\/comwin-europe.com\/hu\/?s={search_term_string}\"},\"query-input\":{\"@type\":\"PropertyValueSpecification\",\"valueRequired\":true,\"valueName\":\"search_term_string\"}}],\"inLanguage\":\"hu\"},{\"@type\":\"Organization\",\"@id\":\"https:\/\/comwin-europe.com\/hu\/#organization\",\"name\":\"Comwin-Europe\",\"url\":\"https:\/\/comwin-europe.com\/hu\/\",\"logo\":{\"@type\":\"ImageObject\",\"inLanguage\":\"hu\",\"@id\":\"https:\/\/comwin-europe.com\/hu\/#\/schema\/logo\/image\/\",\"url\":\"https:\/\/comwin-europe.com\/wp-content\/uploads\/2025\/10\/LOGO.svg\",\"contentUrl\":\"https:\/\/comwin-europe.com\/wp-content\/uploads\/2025\/10\/LOGO.svg\",\"width\":230,\"height\":46,\"caption\":\"Comwin-Europe\"},\"image\":{\"@id\":\"https:\/\/comwin-europe.com\/hu\/#\/schema\/logo\/image\/\"}}]}<\/script>\n<!-- \/ Yoast SEO plugin. -->","yoast_head_json":{"title":"Fenntarthat\u00f3s\u00e1g | CSR, EcoVadis \u00e9s felel\u0151s ell\u00e1t\u00e1si l\u00e1nc","description":"CSR kult\u00far\u00e1nk h\u00e1rom pill\u00e9re: profitabilit\u00e1s, t\u00e1rsadalmi felel\u0151ss\u00e9gv\u00e1llal\u00e1s \u00e9s k\u00f6rnyezeti gondoss\u00e1g. K\u00f6vesd ESG-c\u00e9ljainkat, etikai elveinket \u00e9s eredm\u00e9nyeinket.","robots":{"index":"index","follow":"follow","max-snippet":"max-snippet:-1","max-image-preview":"max-image-preview:large","max-video-preview":"max-video-preview:-1"},"canonical":"https:\/\/comwin-europe.com\/hu\/fenntarthatosag\/","og_locale":"hu_HU","og_type":"article","og_title":"Fenntarthat\u00f3s\u00e1g | CSR, EcoVadis \u00e9s felel\u0151s ell\u00e1t\u00e1si l\u00e1nc","og_description":"CSR kult\u00far\u00e1nk h\u00e1rom pill\u00e9re: profitabilit\u00e1s, t\u00e1rsadalmi felel\u0151ss\u00e9gv\u00e1llal\u00e1s \u00e9s k\u00f6rnyezeti gondoss\u00e1g. K\u00f6vesd ESG-c\u00e9ljainkat, etikai elveinket \u00e9s eredm\u00e9nyeinket.","og_url":"https:\/\/comwin-europe.com\/hu\/fenntarthatosag\/","og_site_name":"Comwin Europe","article_modified_time":"2026-01-15T09:17:09+00:00","twitter_card":"summary_large_image","schema":{"@context":"https:\/\/schema.org","@graph":[{"@type":"WebPage","@id":"https:\/\/comwin-europe.com\/hu\/fenntarthatosag\/","url":"https:\/\/comwin-europe.com\/hu\/fenntarthatosag\/","name":"Fenntarthat\u00f3s\u00e1g | CSR, EcoVadis \u00e9s felel\u0151s ell\u00e1t\u00e1si l\u00e1nc","isPartOf":{"@id":"https:\/\/comwin-europe.com\/hu\/#website"},"datePublished":"2025-06-05T09:46:27+00:00","dateModified":"2026-01-15T09:17:09+00:00","description":"CSR kult\u00far\u00e1nk h\u00e1rom pill\u00e9re: profitabilit\u00e1s, t\u00e1rsadalmi felel\u0151ss\u00e9gv\u00e1llal\u00e1s \u00e9s k\u00f6rnyezeti gondoss\u00e1g. K\u00f6vesd ESG-c\u00e9ljainkat, etikai elveinket \u00e9s eredm\u00e9nyeinket.","breadcrumb":{"@id":"https:\/\/comwin-europe.com\/hu\/fenntarthatosag\/#breadcrumb"},"inLanguage":"hu","potentialAction":[{"@type":"ReadAction","target":["https:\/\/comwin-europe.com\/hu\/fenntarthatosag\/"]}]},{"@type":"BreadcrumbList","@id":"https:\/\/comwin-europe.com\/hu\/fenntarthatosag\/#breadcrumb","itemListElement":[{"@type":"ListItem","position":1,"name":"Kezd\u0151lap","item":"https:\/\/comwin-europe.com\/hu\/"},{"@type":"ListItem","position":2,"name":"Fenntarthat\u00f3s\u00e1g"}]},{"@type":"WebSite","@id":"https:\/\/comwin-europe.com\/hu\/#website","url":"https:\/\/comwin-europe.com\/hu\/","name":"Comwin-Europe","description":"","publisher":{"@id":"https:\/\/comwin-europe.com\/hu\/#organization"},"potentialAction":[{"@type":"SearchAction","target":{"@type":"EntryPoint","urlTemplate":"https:\/\/comwin-europe.com\/hu\/?s={search_term_string}"},"query-input":{"@type":"PropertyValueSpecification","valueRequired":true,"valueName":"search_term_string"}}],"inLanguage":"hu"},{"@type":"Organization","@id":"https:\/\/comwin-europe.com\/hu\/#organization","name":"Comwin-Europe","url":"https:\/\/comwin-europe.com\/hu\/","logo":{"@type":"ImageObject","inLanguage":"hu","@id":"https:\/\/comwin-europe.com\/hu\/#\/schema\/logo\/image\/","url":"https:\/\/comwin-europe.com\/wp-content\/uploads\/2025\/10\/LOGO.svg","contentUrl":"https:\/\/comwin-europe.com\/wp-content\/uploads\/2025\/10\/LOGO.svg","width":230,"height":46,"caption":"Comwin-Europe"},"image":{"@id":"https:\/\/comwin-europe.com\/hu\/#\/schema\/logo\/image\/"}}]}},"_links":{"self":[{"href":"https:\/\/comwin-europe.com\/hu\/wp-json\/wp\/v2\/pages\/3688","targetHints":{"allow":["GET"]}}],"collection":[{"href":"https:\/\/comwin-europe.com\/hu\/wp-json\/wp\/v2\/pages"}],"about":[{"href":"https:\/\/comwin-europe.com\/hu\/wp-json\/wp\/v2\/types\/page"}],"author":[{"embeddable":true,"href":"https:\/\/comwin-europe.com\/hu\/wp-json\/wp\/v2\/users\/1"}],"replies":[{"embeddable":true,"href":"https:\/\/comwin-europe.com\/hu\/wp-json\/wp\/v2\/comments?post=3688"}],"version-history":[{"count":4,"href":"https:\/\/comwin-europe.com\/hu\/wp-json\/wp\/v2\/pages\/3688\/revisions"}],"predecessor-version":[{"id":7269,"href":"https:\/\/comwin-europe.com\/hu\/wp-json\/wp\/v2\/pages\/3688\/revisions\/7269"}],"wp:attachment":[{"href":"https:\/\/comwin-europe.com\/hu\/wp-json\/wp\/v2\/media?parent=3688"}],"curies":[{"name":"wp","href":"https:\/\/api.w.org\/{rel}","templated":true}]}}